{"id":526,"date":"2019-04-14T13:05:16","date_gmt":"2019-04-14T16:05:16","guid":{"rendered":"https:\/\/www.taller-palabras.com\/WordPress_04\/?post_type=product&#038;p=526"},"modified":"2023-10-09T12:52:17","modified_gmt":"2023-10-09T15:52:17","slug":"la-republica-de-los-suenos-nelida-pinon-ebook","status":"publish","type":"product","link":"https:\/\/www.taller-palabras.com\/WordPress_04\/producto\/la-republica-de-los-suenos-nelida-pinon-ebook","title":{"rendered":"La rep\u00fablica de los sue\u00f1os &#8211; N\u00e9lida Pi\u00f1on  \/ebook"},"content":{"rendered":"<figure id=\"attachment_527\" aria-describedby=\"caption-attachment-527\" style=\"width: 150px\" class=\"wp-caption alignleft\"><img loading=\"lazy\" decoding=\"async\" class=\"wp-image-527 size-thumbnail\" src=\"https:\/\/www.taller-palabras.com\/WordPress_04\/wp-content\/uploads\/2019\/04\/nelidapinon-150x150.jpg\" alt=\"\" width=\"150\" height=\"150\" srcset=\"https:\/\/www.taller-palabras.com\/WordPress_04\/wp-content\/uploads\/2019\/04\/nelidapinon-150x150.jpg 150w, https:\/\/www.taller-palabras.com\/WordPress_04\/wp-content\/uploads\/2019\/04\/nelidapinon-100x100.jpg 100w\" sizes=\"auto, (max-width: 150px) 100vw, 150px\" \/><figcaption id=\"caption-attachment-527\" class=\"wp-caption-text\">Autora N\u00e9lida Pi\u00f1on<\/figcaption><\/figure>\n<p>La Rep\u00fablica de los sue\u00f1os es una novela de largo aliento. La autora nos propone una historia desarrollada en base a una narrativa de viaje interoce\u00e1nico pero sobre todo de viaje a trav\u00e9s de la memoria. Es una extensa saga familiar que comienza con una pareja de emigrantes pontevedreses, Eulalia y su marido Madruga. La familia se funda en esos dos personajes principales y all\u00ed comienza el viaje desde y hacia la memoria.<\/p>\n<p>Narrada desde Breta, N\u00e9lida Pi\u00f1\u00f3n se las arregla para hacernos o\u00edr tambi\u00e9n las voces de los personajes fundamentales de esta novela. El discurso directo de estos personajes se intercala en algunos cap\u00edtulos y nos permite ponernos del lado de quien cuenta la historia de esta saga de acuerdo a sus vivencias y personalidad.<br \/>\nComo en los sue\u00f1os mismos la historia va del pasado al presente y del presente al pasado convergiendo siempre en ese punto de partida y de final de la historia: el d\u00eda en que Eulalia decide morir. Eulalia es una mujer atada a los recuerdos de su Galicia natal y a la memoria de su padre. Una mujer fuertemente m\u00edstica y aunque en apariencia sombr\u00eda y solitaria, tiene un coraz\u00f3n enorme, tan grande como para albergar a sus hijos vivos y a los muertos, y cobijar a un marido tan dif\u00edcil de domar como un potro y tan f\u00e1cil de arrebujar como un ni\u00f1o m\u00e1s. Esta novela constituye de hecho lo que su propio t\u00edtulo enuncia: una rep\u00fablica verbal de sue\u00f1os.<\/p>\n","protected":false},"excerpt":{"rendered":"<p>La Rep\u00fablica de los sue\u00f1os es una novela de largo aliento. La autora nos propone una historia desarrollada en base a una narrativa de viaje interoce\u00e1nico pero sobre todo de viaje a trav\u00e9s de la memoria. Es una extensa saga familiar que comienza con una pareja de emigrantes pontevedreses, Eulalia y su marido Madruga. La [&hellip;]<\/p>\n","protected":false},"featured_media":528,"template":"","meta":[],"product_brand":[],"product_cat":[25],"product_tag":[54,130,129,55],"class_list":{"0":"post-526","1":"product","2":"type-product","3":"status-publish","4":"has-post-thumbnail","6":"product_cat-libros-digitales-ebooks","7":"product_tag-descargar-ebook","8":"product_tag-la-republica-de-los-suenos","9":"product_tag-nelida-pinon","10":"product_tag-novelas","12":"first","13":"instock","14":"shipping-taxable","15":"purchasable","16":"product-type-variable","17":"has-default-attributes"},"_links":{"self":[{"href":"https:\/\/www.taller-palabras.com\/WordPress_04\/wp-json\/wp\/v2\/product\/526","targetHints":{"allow":["GET"]}}],"collection":[{"href":"https:\/\/www.taller-palabras.com\/WordPress_04\/wp-json\/wp\/v2\/product"}],"about":[{"href":"https:\/\/www.taller-palabras.com\/WordPress_04\/wp-json\/wp\/v2\/types\/product"}],"wp:featuredmedia":[{"embeddable":true,"href":"https:\/\/www.taller-palabras.com\/WordPress_04\/wp-json\/wp\/v2\/media\/528"}],"wp:attachment":[{"href":"https:\/\/www.taller-palabras.com\/WordPress_04\/wp-json\/wp\/v2\/media?parent=526"}],"wp:term":[{"taxonomy":"product_brand","embeddable":true,"href":"https:\/\/www.taller-palabras.com\/WordPress_04\/wp-json\/wp\/v2\/product_brand?post=526"},{"taxonomy":"product_cat","embeddable":true,"href":"https:\/\/www.taller-palabras.com\/WordPress_04\/wp-json\/wp\/v2\/product_cat?post=526"},{"taxonomy":"product_tag","embeddable":true,"href":"https:\/\/www.taller-palabras.com\/WordPress_04\/wp-json\/wp\/v2\/product_tag?post=526"}],"curies":[{"name":"wp","href":"https:\/\/api.w.org\/{rel}","templated":true}]}}