{"id":5262,"date":"2022-02-26T11:37:16","date_gmt":"2022-02-26T14:37:16","guid":{"rendered":"https:\/\/www.taller-palabras.com\/WordPress_04\/?post_type=product&#038;p=5262"},"modified":"2024-06-23T13:32:40","modified_gmt":"2024-06-23T16:32:40","slug":"taras-bulba-nikolai-gogol-ebook","status":"publish","type":"product","link":"https:\/\/www.taller-palabras.com\/WordPress_04\/producto\/taras-bulba-nikolai-gogol-ebook","title":{"rendered":"Tar\u00e1s Bulba &#8211; Nikol\u00e1i G\u00f3gol \/ebook"},"content":{"rendered":"<figure id=\"attachment_5227\" aria-describedby=\"caption-attachment-5227\" style=\"width: 150px\" class=\"wp-caption alignleft\"><img loading=\"lazy\" decoding=\"async\" class=\"wp-image-5227 size-thumbnail\" src=\"https:\/\/www.taller-palabras.com\/WordPress_04\/wp-content\/uploads\/2022\/02\/Nikolai-Gogol-150x150.jpg\" alt=\"\" width=\"150\" height=\"150\" srcset=\"https:\/\/www.taller-palabras.com\/WordPress_04\/wp-content\/uploads\/2022\/02\/Nikolai-Gogol-150x150.jpg 150w, https:\/\/www.taller-palabras.com\/WordPress_04\/wp-content\/uploads\/2022\/02\/Nikolai-Gogol-100x100.jpg 100w\" sizes=\"auto, (max-width: 150px) 100vw, 150px\" \/><figcaption id=\"caption-attachment-5227\" class=\"wp-caption-text\">Autor Nikol\u00e1i G\u00f3gol<\/figcaption><\/figure>\n<p>Tar\u00e1s Bulba es la encarnaci\u00f3n del h\u00e9roe cosaco que, en el siglo XVI, lucha contra los turcos, t\u00e1rtaros y polacos. El sentido del honor, fuerza y valor hacen de Tar\u00e1s Bulba un personaje literario de gran inter\u00e9s y un ejemplo de h\u00e9roe nacional. Feroces, crueles, valientes y apasionados, los cosacos hacen temblar la estepa bajo los cascos de sus caballos. Y entre ellos se encuentra Taras Bulba, un anciano lleno a\u00fan de fuerza e inteligencia que junto a sus hijos, Ostap y Andr\u00ed, avanzar\u00e1 por tierras polacas con intenci\u00f3n de vengar su fe ortodoxa burlada por los cat\u00f3licos. Ninguna guarnici\u00f3n, ciudad amurallada o iglesia podr\u00e1n detenerlos, hasta que la desgracia se cierna sobre ellos y el apuesto y enamoradizo Andr\u00ed haga que su padre maldiga el d\u00eda en que lo engendr\u00f3. \u201cTar\u00e1s Bulba\u201d, una anomal\u00eda entre la obra m\u00e1s conocida de Gogol, es una aventura trepidante, una sinfon\u00eda en perpetuo crescendo, en la que cada cap\u00edtulo es m\u00e1s intenso y sorprendente que el anterior; un fresco tan afinadamente dibujado y tan v\u00edvido que resulta absolutamente intemporal.<\/p>\n","protected":false},"excerpt":{"rendered":"<p>Tar\u00e1s Bulba es la encarnaci\u00f3n del h\u00e9roe cosaco que, en el siglo XVI, lucha contra los turcos, t\u00e1rtaros y polacos. El sentido del honor, fuerza y valor hacen de Tar\u00e1s Bulba un personaje literario de gran inter\u00e9s y un ejemplo de h\u00e9roe nacional. Feroces, crueles, valientes y apasionados, los cosacos hacen temblar la estepa bajo [&hellip;]<\/p>\n","protected":false},"featured_media":5266,"template":"","meta":[],"product_brand":[],"product_cat":[25],"product_tag":[54,45,722,726],"class_list":{"0":"post-5262","1":"product","2":"type-product","3":"status-publish","4":"has-post-thumbnail","6":"product_cat-libros-digitales-ebooks","7":"product_tag-descargar-ebook","8":"product_tag-mejor-novela","9":"product_tag-nicolai-gogol","10":"product_tag-taras-bulba","12":"first","13":"instock","14":"shipping-taxable","15":"purchasable","16":"product-type-variable","17":"has-default-attributes"},"_links":{"self":[{"href":"https:\/\/www.taller-palabras.com\/WordPress_04\/wp-json\/wp\/v2\/product\/5262","targetHints":{"allow":["GET"]}}],"collection":[{"href":"https:\/\/www.taller-palabras.com\/WordPress_04\/wp-json\/wp\/v2\/product"}],"about":[{"href":"https:\/\/www.taller-palabras.com\/WordPress_04\/wp-json\/wp\/v2\/types\/product"}],"wp:featuredmedia":[{"embeddable":true,"href":"https:\/\/www.taller-palabras.com\/WordPress_04\/wp-json\/wp\/v2\/media\/5266"}],"wp:attachment":[{"href":"https:\/\/www.taller-palabras.com\/WordPress_04\/wp-json\/wp\/v2\/media?parent=5262"}],"wp:term":[{"taxonomy":"product_brand","embeddable":true,"href":"https:\/\/www.taller-palabras.com\/WordPress_04\/wp-json\/wp\/v2\/product_brand?post=5262"},{"taxonomy":"product_cat","embeddable":true,"href":"https:\/\/www.taller-palabras.com\/WordPress_04\/wp-json\/wp\/v2\/product_cat?post=5262"},{"taxonomy":"product_tag","embeddable":true,"href":"https:\/\/www.taller-palabras.com\/WordPress_04\/wp-json\/wp\/v2\/product_tag?post=5262"}],"curies":[{"name":"wp","href":"https:\/\/api.w.org\/{rel}","templated":true}]}}