{"id":5326,"date":"2022-03-06T10:11:35","date_gmt":"2022-03-06T13:11:35","guid":{"rendered":"https:\/\/www.taller-palabras.com\/WordPress_04\/?post_type=product&#038;p=5326"},"modified":"2026-03-31T13:05:59","modified_gmt":"2026-03-31T16:05:59","slug":"travesuras-de-la-nina-mala-mario-vargas-llosa-ebook","status":"publish","type":"product","link":"https:\/\/www.taller-palabras.com\/WordPress_04\/producto\/travesuras-de-la-nina-mala-mario-vargas-llosa-ebook","title":{"rendered":"Travesuras de la ni\u00f1a mala &#8211; Mario Vargas Llosa \/ebook"},"content":{"rendered":"<figure id=\"attachment_235\" aria-describedby=\"caption-attachment-235\" style=\"width: 150px\" class=\"wp-caption alignleft\"><img loading=\"lazy\" decoding=\"async\" class=\"wp-image-235 size-thumbnail\" src=\"https:\/\/www.taller-palabras.com\/WordPress_04\/wp-content\/uploads\/2018\/10\/vargas_llosa-150x150.jpg\" alt=\"\" width=\"150\" height=\"150\" srcset=\"https:\/\/www.taller-palabras.com\/WordPress_04\/wp-content\/uploads\/2018\/10\/vargas_llosa-150x150.jpg 150w, https:\/\/www.taller-palabras.com\/WordPress_04\/wp-content\/uploads\/2018\/10\/vargas_llosa-324x324.jpg 324w, https:\/\/www.taller-palabras.com\/WordPress_04\/wp-content\/uploads\/2018\/10\/vargas_llosa-100x100.jpg 100w\" sizes=\"auto, (max-width: 150px) 100vw, 150px\" \/><figcaption id=\"caption-attachment-235\" class=\"wp-caption-text\">Autor Mario Vargas Llosa<\/figcaption><\/figure>\n<p>\u00bfCu\u00e1l es el verdadero rostro del amor? Ricardo ve cumplido, a una edad muy temprana, el sue\u00f1o que en su Lima natal aliment\u00f3 desde que ten\u00eda uso de raz\u00f3n: vivir en Par\u00eds. Pero el rencuentro con un amor de adolescencia lo cambiar\u00e1 todo. La joven, inconformista, aventurera, pragm\u00e1tica e inquieta, lo arrastrar\u00e1 fuera del peque\u00f1o mundo de sus ambiciones. Testigos de \u00e9pocas convulsas y florecientes en ciudades como Londres, Par\u00eds, Tokio o Madrid, que aqu\u00ed son mucho m\u00e1s que escenarios, ambos personajes ver\u00e1n sus vidas entrelazarse sin llegar a coincidir del todo. Sin embargo, esta danza de encuentros y desencuentros har\u00e1 crecer la intensidad del relato p\u00e1gina a p\u00e1gina hasta propiciar una verdadera fusi\u00f3n del lector con el universo emocional de los protagonistas. Creando una admirable tensi\u00f3n entre lo c\u00f3mico y lo tr\u00e1gico, Mario Vargas Llosa juega con la realidad y la ficci\u00f3n para liberar una historia en la que el amor se nos muestra indefinible, due\u00f1o de mil caras, como la ni\u00f1a mala. Pasi\u00f3n y distancia, azar y destino, dolor y disfrute&#8230; \u00bfCu\u00e1l es el verdadero rostro del amor?<\/p>\n","protected":false},"excerpt":{"rendered":"<p>\u00bfCu\u00e1l es el verdadero rostro del amor? Ricardo ve cumplido, a una edad muy temprana, el sue\u00f1o que en su Lima natal aliment\u00f3 desde que ten\u00eda uso de raz\u00f3n: vivir en Par\u00eds. Pero el rencuentro con un amor de adolescencia lo cambiar\u00e1 todo. La joven, inconformista, aventurera, pragm\u00e1tica e inquieta, lo arrastrar\u00e1 fuera del peque\u00f1o [&hellip;]<\/p>\n","protected":false},"featured_media":5288,"template":"","meta":[],"product_brand":[1706],"product_cat":[25],"product_tag":[54,84,45,736],"class_list":{"0":"post-5326","1":"product","2":"type-product","3":"status-publish","4":"has-post-thumbnail","6":"product_brand-grupo1","7":"product_cat-libros-digitales-ebooks","8":"product_tag-descargar-ebook","9":"product_tag-mario-vargas-llosa","10":"product_tag-mejor-novela","11":"product_tag-travesuras-de-la-nina-mala","13":"first","14":"instock","15":"shipping-taxable","16":"purchasable","17":"product-type-variable","18":"has-default-attributes"},"_links":{"self":[{"href":"https:\/\/www.taller-palabras.com\/WordPress_04\/wp-json\/wp\/v2\/product\/5326","targetHints":{"allow":["GET"]}}],"collection":[{"href":"https:\/\/www.taller-palabras.com\/WordPress_04\/wp-json\/wp\/v2\/product"}],"about":[{"href":"https:\/\/www.taller-palabras.com\/WordPress_04\/wp-json\/wp\/v2\/types\/product"}],"wp:featuredmedia":[{"embeddable":true,"href":"https:\/\/www.taller-palabras.com\/WordPress_04\/wp-json\/wp\/v2\/media\/5288"}],"wp:attachment":[{"href":"https:\/\/www.taller-palabras.com\/WordPress_04\/wp-json\/wp\/v2\/media?parent=5326"}],"wp:term":[{"taxonomy":"product_brand","embeddable":true,"href":"https:\/\/www.taller-palabras.com\/WordPress_04\/wp-json\/wp\/v2\/product_brand?post=5326"},{"taxonomy":"product_cat","embeddable":true,"href":"https:\/\/www.taller-palabras.com\/WordPress_04\/wp-json\/wp\/v2\/product_cat?post=5326"},{"taxonomy":"product_tag","embeddable":true,"href":"https:\/\/www.taller-palabras.com\/WordPress_04\/wp-json\/wp\/v2\/product_tag?post=5326"}],"curies":[{"name":"wp","href":"https:\/\/api.w.org\/{rel}","templated":true}]}}