{"id":5366,"date":"2022-03-17T09:53:09","date_gmt":"2022-03-17T12:53:09","guid":{"rendered":"https:\/\/www.taller-palabras.com\/WordPress_04\/?post_type=product&#038;p=5366"},"modified":"2024-06-26T14:28:37","modified_gmt":"2024-06-26T17:28:37","slug":"la-octava-victima-p-d-james-ebook","status":"publish","type":"product","link":"https:\/\/www.taller-palabras.com\/WordPress_04\/producto\/la-octava-victima-p-d-james-ebook","title":{"rendered":"La octava v\u00edctima &#8211; P. D. James \/ebook"},"content":{"rendered":"<figure id=\"attachment_5371\" aria-describedby=\"caption-attachment-5371\" style=\"width: 150px\" class=\"wp-caption alignleft\"><img loading=\"lazy\" decoding=\"async\" class=\"wp-image-5371 size-thumbnail\" src=\"https:\/\/www.taller-palabras.com\/WordPress_04\/wp-content\/uploads\/2022\/03\/P-D-James-150x150.jpg\" alt=\"\" width=\"150\" height=\"150\" srcset=\"https:\/\/www.taller-palabras.com\/WordPress_04\/wp-content\/uploads\/2022\/03\/P-D-James-150x150.jpg 150w, https:\/\/www.taller-palabras.com\/WordPress_04\/wp-content\/uploads\/2022\/03\/P-D-James-100x100.jpg 100w\" sizes=\"auto, (max-width: 150px) 100vw, 150px\" \/><figcaption id=\"caption-attachment-5371\" class=\"wp-caption-text\">Autora P. D. James<\/figcaption><\/figure>\n<p>A comienzos del siglo XIX los siete componentes de dos distintas familias fueron brutalmente asesinados en unas callejuelas del viejo Londres. John Williams, el hombre a quien se le imputaban los atroces cr\u00edmenes, fue detenido y encarcelado, pero se suicid\u00f3 colg\u00e1ndose en su celda antes de que se celebrar el juicio. Lo \u00fanico que dej\u00f3 tras \u00e9l fue una terrible duda: \u00bfasesino o v\u00edctima? Para contestar a esta pregunta, P. D. James, con la ayuda de T. A. Critchley, ha desempolvado los viejos archivos hasta lograr una reconstrucci\u00f3n de los hechos rigurosa y al mismo tiempo tan fascinante como la mejor trama de sus c\u00e9lebres novelas.<\/p>\n","protected":false},"excerpt":{"rendered":"<p>A comienzos del siglo XIX los siete componentes de dos distintas familias fueron brutalmente asesinados en unas callejuelas del viejo Londres. John Williams, el hombre a quien se le imputaban los atroces cr\u00edmenes, fue detenido y encarcelado, pero se suicid\u00f3 colg\u00e1ndose en su celda antes de que se celebrar el juicio. Lo \u00fanico que dej\u00f3 [&hellip;]<\/p>\n","protected":false},"featured_media":5370,"template":"","meta":[],"product_brand":[],"product_cat":[25],"product_tag":[54,744,45,743],"class_list":{"0":"post-5366","1":"product","2":"type-product","3":"status-publish","4":"has-post-thumbnail","6":"product_cat-libros-digitales-ebooks","7":"product_tag-descargar-ebook","8":"product_tag-la-octava-victima","9":"product_tag-mejor-novela","10":"product_tag-p-d-james","12":"first","13":"instock","14":"shipping-taxable","15":"purchasable","16":"product-type-variable","17":"has-default-attributes"},"_links":{"self":[{"href":"https:\/\/www.taller-palabras.com\/WordPress_04\/wp-json\/wp\/v2\/product\/5366","targetHints":{"allow":["GET"]}}],"collection":[{"href":"https:\/\/www.taller-palabras.com\/WordPress_04\/wp-json\/wp\/v2\/product"}],"about":[{"href":"https:\/\/www.taller-palabras.com\/WordPress_04\/wp-json\/wp\/v2\/types\/product"}],"wp:featuredmedia":[{"embeddable":true,"href":"https:\/\/www.taller-palabras.com\/WordPress_04\/wp-json\/wp\/v2\/media\/5370"}],"wp:attachment":[{"href":"https:\/\/www.taller-palabras.com\/WordPress_04\/wp-json\/wp\/v2\/media?parent=5366"}],"wp:term":[{"taxonomy":"product_brand","embeddable":true,"href":"https:\/\/www.taller-palabras.com\/WordPress_04\/wp-json\/wp\/v2\/product_brand?post=5366"},{"taxonomy":"product_cat","embeddable":true,"href":"https:\/\/www.taller-palabras.com\/WordPress_04\/wp-json\/wp\/v2\/product_cat?post=5366"},{"taxonomy":"product_tag","embeddable":true,"href":"https:\/\/www.taller-palabras.com\/WordPress_04\/wp-json\/wp\/v2\/product_tag?post=5366"}],"curies":[{"name":"wp","href":"https:\/\/api.w.org\/{rel}","templated":true}]}}