{"id":5378,"date":"2022-03-17T11:06:52","date_gmt":"2022-03-17T14:06:52","guid":{"rendered":"https:\/\/www.taller-palabras.com\/WordPress_04\/?post_type=product&#038;p=5378"},"modified":"2024-06-28T16:37:02","modified_gmt":"2024-06-28T19:37:02","slug":"la-mujer-del-camarote-10-ruth-ware-ebook","status":"publish","type":"product","link":"https:\/\/www.taller-palabras.com\/WordPress_04\/producto\/la-mujer-del-camarote-10-ruth-ware-ebook","title":{"rendered":"La mujer del camarote 10 &#8211; Ruth Ware \/ebook"},"content":{"rendered":"<figure id=\"attachment_5376\" aria-describedby=\"caption-attachment-5376\" style=\"width: 150px\" class=\"wp-caption alignleft\"><img loading=\"lazy\" decoding=\"async\" class=\"wp-image-5376 size-thumbnail\" src=\"https:\/\/www.taller-palabras.com\/WordPress_04\/wp-content\/uploads\/2022\/03\/Ruth-Ware-150x150.jpg\" alt=\"\" width=\"150\" height=\"150\" srcset=\"https:\/\/www.taller-palabras.com\/WordPress_04\/wp-content\/uploads\/2022\/03\/Ruth-Ware-150x150.jpg 150w, https:\/\/www.taller-palabras.com\/WordPress_04\/wp-content\/uploads\/2022\/03\/Ruth-Ware-100x100.jpg 100w, https:\/\/www.taller-palabras.com\/WordPress_04\/wp-content\/uploads\/2022\/03\/Ruth-Ware.jpg 283w\" sizes=\"auto, (max-width: 150px) 100vw, 150px\" \/><figcaption id=\"caption-attachment-5376\" class=\"wp-caption-text\">Autora Ruth Ware<\/figcaption><\/figure>\n<p>Has sido testigo de un asesinato\u2026 y nadie te cree. La invitaci\u00f3n a un crucero de lujo, que zarpa de Londres rumbo a los fiordos noruegos, es como un sue\u00f1o hecho realidad para Laura Blacklock, una joven periodista en horas bajas. La oportunidad es doble: no s\u00f3lo podr\u00e1 contemplar la maravillosa aurora boreal, sino que se codear\u00e1 con gente influyente que podr\u00eda ayudarla a reconducir su carrera profesional. Los primeros compases de la traves\u00eda discurren conforme a lo previsto: el ambiente del barco es suntuoso, el servicio, de primera categor\u00eda, y el pasaje derrocha elegancia, simpat\u00eda y dinero. Sin embargo, todo cambia cuando, una noche, un grito aterrador despierta a Laura, quien, estupefacta, observa c\u00f3mo el cuerpo de una mujer cae al mar desde el compartimento contiguo. Al dar la voz de alarma, la tripulaci\u00f3n le asegura que el camarote n\u00famero 10 siempre ha estado vac\u00edo y que no falta ning\u00fan pasajero a bordo. As\u00ed, con creciente inquietud, Laura comprueba que\u2026 nadie le cree. Y lo peor no es que se sienta sola y aislada, sino que una serie de extra\u00f1os acontecimientos la convencen de que ella puede ser la pr\u00f3xima v\u00edctima.<\/p>\n","protected":false},"excerpt":{"rendered":"<p>Has sido testigo de un asesinato\u2026 y nadie te cree. La invitaci\u00f3n a un crucero de lujo, que zarpa de Londres rumbo a los fiordos noruegos, es como un sue\u00f1o hecho realidad para Laura Blacklock, una joven periodista en horas bajas. La oportunidad es doble: no s\u00f3lo podr\u00e1 contemplar la maravillosa aurora boreal, sino que [&hellip;]<\/p>\n","protected":false},"featured_media":5375,"template":"","meta":[],"product_brand":[],"product_cat":[25],"product_tag":[54,745,45,746],"class_list":{"0":"post-5378","1":"product","2":"type-product","3":"status-publish","4":"has-post-thumbnail","6":"product_cat-libros-digitales-ebooks","7":"product_tag-descargar-ebook","8":"product_tag-la-mujer-del-camarote-10","9":"product_tag-mejor-novela","10":"product_tag-ruth-ware","12":"first","13":"instock","14":"shipping-taxable","15":"purchasable","16":"product-type-variable","17":"has-default-attributes"},"_links":{"self":[{"href":"https:\/\/www.taller-palabras.com\/WordPress_04\/wp-json\/wp\/v2\/product\/5378","targetHints":{"allow":["GET"]}}],"collection":[{"href":"https:\/\/www.taller-palabras.com\/WordPress_04\/wp-json\/wp\/v2\/product"}],"about":[{"href":"https:\/\/www.taller-palabras.com\/WordPress_04\/wp-json\/wp\/v2\/types\/product"}],"wp:featuredmedia":[{"embeddable":true,"href":"https:\/\/www.taller-palabras.com\/WordPress_04\/wp-json\/wp\/v2\/media\/5375"}],"wp:attachment":[{"href":"https:\/\/www.taller-palabras.com\/WordPress_04\/wp-json\/wp\/v2\/media?parent=5378"}],"wp:term":[{"taxonomy":"product_brand","embeddable":true,"href":"https:\/\/www.taller-palabras.com\/WordPress_04\/wp-json\/wp\/v2\/product_brand?post=5378"},{"taxonomy":"product_cat","embeddable":true,"href":"https:\/\/www.taller-palabras.com\/WordPress_04\/wp-json\/wp\/v2\/product_cat?post=5378"},{"taxonomy":"product_tag","embeddable":true,"href":"https:\/\/www.taller-palabras.com\/WordPress_04\/wp-json\/wp\/v2\/product_tag?post=5378"}],"curies":[{"name":"wp","href":"https:\/\/api.w.org\/{rel}","templated":true}]}}