{"id":5394,"date":"2022-03-18T10:00:26","date_gmt":"2022-03-18T13:00:26","guid":{"rendered":"https:\/\/www.taller-palabras.com\/WordPress_04\/?post_type=product&#038;p=5394"},"modified":"2024-01-06T13:35:10","modified_gmt":"2024-01-06T16:35:10","slug":"los-ritos-del-agua-2-eva-garcia-saenz-ebook","status":"publish","type":"product","link":"https:\/\/www.taller-palabras.com\/WordPress_04\/producto\/los-ritos-del-agua-2-eva-garcia-saenz-ebook","title":{"rendered":"Saga: Los ritos del agua (2) &#8211; Eva Garc\u00eda S\u00e1enz \/ebook"},"content":{"rendered":"<figure id=\"attachment_2566\" aria-describedby=\"caption-attachment-2566\" style=\"width: 150px\" class=\"wp-caption alignleft\"><img loading=\"lazy\" decoding=\"async\" class=\"wp-image-2566 size-thumbnail\" src=\"https:\/\/www.taller-palabras.com\/WordPress_04\/wp-content\/uploads\/2020\/10\/EvaGarciaSaenz-150x150.jpg\" alt=\"\" width=\"150\" height=\"150\" srcset=\"https:\/\/www.taller-palabras.com\/WordPress_04\/wp-content\/uploads\/2020\/10\/EvaGarciaSaenz-150x150.jpg 150w, https:\/\/www.taller-palabras.com\/WordPress_04\/wp-content\/uploads\/2020\/10\/EvaGarciaSaenz-100x100.jpg 100w\" sizes=\"auto, (max-width: 150px) 100vw, 150px\" \/><figcaption id=\"caption-attachment-2566\" class=\"wp-caption-text\">Autora Eva Garcia Saenz<\/figcaption><\/figure>\n<p>Ana Bel\u00e9n Lia\u00f1o, la primera novia de Kraken, aparece asesinada. La mujer estaba embarazada y fue ejecutada seg\u00fan un ritual de hace 2600 a\u00f1os: quemada, colgada y sumergida en un caldero de la Edad del Bronce. 1992. Unai y sus tres mejores amigos trabajan en la reconstrucci\u00f3n de un poblado c\u00e1ntabro. All\u00ed conocen a una enigm\u00e1tica dibujante de c\u00f3mics, a la que los cuatro consideran su primer amor. 2016. Kraken debe detener a un asesino que imita los Ritos del Agua en lugares sagrados del Pa\u00eds Vasco y Cantabria cuyas v\u00edctimas son personas que esperan un hijo. La subcomisaria D\u00edaz de Salvatierra est\u00e1 embarazada, pero sobre la paternidad se cierne una duda de terribles consecuencias. Si Kraken es el padre, se convertir\u00e1 en uno m\u00e1s de la lista de amenazados por los Ritos del Agua.<\/p>\n","protected":false},"excerpt":{"rendered":"<p>Ana Bel\u00e9n Lia\u00f1o, la primera novia de Kraken, aparece asesinada. La mujer estaba embarazada y fue ejecutada seg\u00fan un ritual de hace 2600 a\u00f1os: quemada, colgada y sumergida en un caldero de la Edad del Bronce. 1992. Unai y sus tres mejores amigos trabajan en la reconstrucci\u00f3n de un poblado c\u00e1ntabro. All\u00ed conocen a una [&hellip;]<\/p>\n","protected":false},"featured_media":5398,"template":"","meta":[],"product_brand":[],"product_cat":[25,47],"product_tag":[54,292,748,45],"class_list":{"0":"post-5394","1":"product","2":"type-product","3":"status-publish","4":"has-post-thumbnail","6":"product_cat-libros-digitales-ebooks","7":"product_cat-libros-digitales-sagas","8":"product_tag-descargar-ebook","9":"product_tag-eva-garcia-saenz","10":"product_tag-los-ritos-del-agua","11":"product_tag-mejor-novela","13":"first","14":"instock","15":"shipping-taxable","16":"purchasable","17":"product-type-variable","18":"has-default-attributes"},"_links":{"self":[{"href":"https:\/\/www.taller-palabras.com\/WordPress_04\/wp-json\/wp\/v2\/product\/5394","targetHints":{"allow":["GET"]}}],"collection":[{"href":"https:\/\/www.taller-palabras.com\/WordPress_04\/wp-json\/wp\/v2\/product"}],"about":[{"href":"https:\/\/www.taller-palabras.com\/WordPress_04\/wp-json\/wp\/v2\/types\/product"}],"wp:featuredmedia":[{"embeddable":true,"href":"https:\/\/www.taller-palabras.com\/WordPress_04\/wp-json\/wp\/v2\/media\/5398"}],"wp:attachment":[{"href":"https:\/\/www.taller-palabras.com\/WordPress_04\/wp-json\/wp\/v2\/media?parent=5394"}],"wp:term":[{"taxonomy":"product_brand","embeddable":true,"href":"https:\/\/www.taller-palabras.com\/WordPress_04\/wp-json\/wp\/v2\/product_brand?post=5394"},{"taxonomy":"product_cat","embeddable":true,"href":"https:\/\/www.taller-palabras.com\/WordPress_04\/wp-json\/wp\/v2\/product_cat?post=5394"},{"taxonomy":"product_tag","embeddable":true,"href":"https:\/\/www.taller-palabras.com\/WordPress_04\/wp-json\/wp\/v2\/product_tag?post=5394"}],"curies":[{"name":"wp","href":"https:\/\/api.w.org\/{rel}","templated":true}]}}