{"id":5410,"date":"2021-10-28T11:00:03","date_gmt":"2021-10-28T14:00:03","guid":{"rendered":"https:\/\/www.taller-palabras.com\/WordPress_04\/?post_type=product&#038;p=5410"},"modified":"2024-01-20T10:58:35","modified_gmt":"2024-01-20T13:58:35","slug":"asesinato-en-el-orient-express-agatha-christie-ebook","status":"publish","type":"product","link":"https:\/\/www.taller-palabras.com\/WordPress_04\/producto\/asesinato-en-el-orient-express-agatha-christie-ebook","title":{"rendered":"Asesinato en el Orient Express &#8211; Agatha Christie \/ebook"},"content":{"rendered":"<figure id=\"attachment_2855\" aria-describedby=\"caption-attachment-2855\" style=\"width: 150px\" class=\"wp-caption alignleft\"><img loading=\"lazy\" decoding=\"async\" class=\"wp-image-2855 size-thumbnail\" src=\"https:\/\/www.taller-palabras.com\/WordPress_04\/wp-content\/uploads\/2020\/12\/Aghata_Christie-150x150.jpg\" alt=\"\" width=\"150\" height=\"150\" srcset=\"https:\/\/www.taller-palabras.com\/WordPress_04\/wp-content\/uploads\/2020\/12\/Aghata_Christie-150x150.jpg 150w, https:\/\/www.taller-palabras.com\/WordPress_04\/wp-content\/uploads\/2020\/12\/Aghata_Christie-100x100.jpg 100w\" sizes=\"auto, (max-width: 150px) 100vw, 150px\" \/><figcaption id=\"caption-attachment-2855\" class=\"wp-caption-text\">Autora Agatha Christie<\/figcaption><\/figure>\n<p>Estambul, pleno invierno. Poirot decide tomar el Orient Express que en esta \u00e9poca suele hacer su recorrido pr\u00e1cticamente vac\u00edo. Pero aquel d\u00eda, el tren va lleno y s\u00f3lo gracias a una buena amiga consigue una litera en el coche-cama. A la ma\u00f1ana siguiente se despierta, descubre que una tormenta de nieve ha obligado a detener el tren y que un americano, llamado Ratcher, ha sido apu\u00f1alado salvajemente. Aparentemente nadie ha entrado ni ha salido del coche-cama. El asesino, sin duda, es alguno de los ocupantes entre los que se encuentra una altiva princesa rusa y una institutriz inglesa.<\/p>\n","protected":false},"excerpt":{"rendered":"<p>Estambul, pleno invierno. Poirot decide tomar el Orient Express que en esta \u00e9poca suele hacer su recorrido pr\u00e1cticamente vac\u00edo. Pero aquel d\u00eda, el tren va lleno y s\u00f3lo gracias a una buena amiga consigue una litera en el coche-cama. A la ma\u00f1ana siguiente se despierta, descubre que una tormenta de nieve ha obligado a detener [&hellip;]<\/p>\n","protected":false},"featured_media":5414,"template":"","meta":[],"product_brand":[],"product_cat":[25],"product_tag":[345,750,54,45],"class_list":{"0":"post-5410","1":"product","2":"type-product","3":"status-publish","4":"has-post-thumbnail","6":"product_cat-libros-digitales-ebooks","7":"product_tag-agatha-christie","8":"product_tag-asesinato-en-el-orient-express","9":"product_tag-descargar-ebook","10":"product_tag-mejor-novela","12":"first","13":"instock","14":"shipping-taxable","15":"purchasable","16":"product-type-variable","17":"has-default-attributes"},"_links":{"self":[{"href":"https:\/\/www.taller-palabras.com\/WordPress_04\/wp-json\/wp\/v2\/product\/5410","targetHints":{"allow":["GET"]}}],"collection":[{"href":"https:\/\/www.taller-palabras.com\/WordPress_04\/wp-json\/wp\/v2\/product"}],"about":[{"href":"https:\/\/www.taller-palabras.com\/WordPress_04\/wp-json\/wp\/v2\/types\/product"}],"wp:featuredmedia":[{"embeddable":true,"href":"https:\/\/www.taller-palabras.com\/WordPress_04\/wp-json\/wp\/v2\/media\/5414"}],"wp:attachment":[{"href":"https:\/\/www.taller-palabras.com\/WordPress_04\/wp-json\/wp\/v2\/media?parent=5410"}],"wp:term":[{"taxonomy":"product_brand","embeddable":true,"href":"https:\/\/www.taller-palabras.com\/WordPress_04\/wp-json\/wp\/v2\/product_brand?post=5410"},{"taxonomy":"product_cat","embeddable":true,"href":"https:\/\/www.taller-palabras.com\/WordPress_04\/wp-json\/wp\/v2\/product_cat?post=5410"},{"taxonomy":"product_tag","embeddable":true,"href":"https:\/\/www.taller-palabras.com\/WordPress_04\/wp-json\/wp\/v2\/product_tag?post=5410"}],"curies":[{"name":"wp","href":"https:\/\/api.w.org\/{rel}","templated":true}]}}