{"id":5422,"date":"2021-06-01T12:00:42","date_gmt":"2021-06-01T15:00:42","guid":{"rendered":"https:\/\/www.taller-palabras.com\/WordPress_04\/?post_type=product&#038;p=5422"},"modified":"2024-01-01T12:35:23","modified_gmt":"2024-01-01T15:35:23","slug":"extranos-en-un-tren-patricia-highsmith-ebook","status":"publish","type":"product","link":"https:\/\/www.taller-palabras.com\/WordPress_04\/producto\/extranos-en-un-tren-patricia-highsmith-ebook","title":{"rendered":"Extra\u00f1os en un tren &#8211; Patricia Highsmith  \/ebook"},"content":{"rendered":"<figure id=\"attachment_2430\" aria-describedby=\"caption-attachment-2430\" style=\"width: 150px\" class=\"wp-caption alignleft\"><img loading=\"lazy\" decoding=\"async\" class=\"wp-image-2430 size-thumbnail\" src=\"https:\/\/www.taller-palabras.com\/WordPress_04\/wp-content\/uploads\/2020\/09\/patricia-highsmith-150x150.jpg\" alt=\"\" width=\"150\" height=\"150\" srcset=\"https:\/\/www.taller-palabras.com\/WordPress_04\/wp-content\/uploads\/2020\/09\/patricia-highsmith-150x150.jpg 150w, https:\/\/www.taller-palabras.com\/WordPress_04\/wp-content\/uploads\/2020\/09\/patricia-highsmith-100x100.jpg 100w\" sizes=\"auto, (max-width: 150px) 100vw, 150px\" \/><figcaption id=\"caption-attachment-2430\" class=\"wp-caption-text\">Autora Patricia Highsmith<\/figcaption><\/figure>\n<p>La intriga de esta novela est\u00e1 basada en la idea de un crimen sin m\u00f3viles, un crimen perfecto: dos desconocidos acuerdan asesinar cada uno al enemigo del otro, proporcion\u00e1ndose as\u00ed una coartada indestructible. Bruno: alcoh\u00f3lico, con problemas ed\u00edpicos, homosexual latente viaja en el mismo tren que Guy: ambicioso, trabajador, adaptado. Empieza a conversar y Bruno, demon\u00edacamente, fuerza al otro a hablar, a descubrir su punto d\u00e9bil, la \u00fanica grieta en su ordenada existencia: Guy quisiera verse libre de su mujer, que le traicion\u00f3 y que puede ahora obstaculizar su prometedor futuro. Bruno le propone un pacto: \u00e9l matar\u00e1 a la mujer y Guy, a su vez, al padre de Bruno, a quien \u00e9ste odia. Guy rechaza tan absurdo plan y lo olvida, pero no as\u00ed Bruno, quien, una vez cumplida su parte, reclama al horrorizado Guy que cumpla con la suya.<\/p>\n","protected":false},"excerpt":{"rendered":"<p>La intriga de esta novela est\u00e1 basada en la idea de un crimen sin m\u00f3viles, un crimen perfecto: dos desconocidos acuerdan asesinar cada uno al enemigo del otro, proporcion\u00e1ndose as\u00ed una coartada indestructible. Bruno: alcoh\u00f3lico, con problemas ed\u00edpicos, homosexual latente viaja en el mismo tren que Guy: ambicioso, trabajador, adaptado. Empieza a conversar y Bruno, [&hellip;]<\/p>\n","protected":false},"featured_media":5421,"template":"","meta":[],"product_brand":[],"product_cat":[25],"product_tag":[54,751,225,270],"class_list":{"0":"post-5422","1":"product","2":"type-product","3":"status-publish","4":"has-post-thumbnail","6":"product_cat-libros-digitales-ebooks","7":"product_tag-descargar-ebook","8":"product_tag-extranos-en-un-tren","9":"product_tag-mejores-novelas","10":"product_tag-patricia-highsmith","12":"first","13":"instock","14":"shipping-taxable","15":"purchasable","16":"product-type-variable","17":"has-default-attributes"},"_links":{"self":[{"href":"https:\/\/www.taller-palabras.com\/WordPress_04\/wp-json\/wp\/v2\/product\/5422","targetHints":{"allow":["GET"]}}],"collection":[{"href":"https:\/\/www.taller-palabras.com\/WordPress_04\/wp-json\/wp\/v2\/product"}],"about":[{"href":"https:\/\/www.taller-palabras.com\/WordPress_04\/wp-json\/wp\/v2\/types\/product"}],"wp:featuredmedia":[{"embeddable":true,"href":"https:\/\/www.taller-palabras.com\/WordPress_04\/wp-json\/wp\/v2\/media\/5421"}],"wp:attachment":[{"href":"https:\/\/www.taller-palabras.com\/WordPress_04\/wp-json\/wp\/v2\/media?parent=5422"}],"wp:term":[{"taxonomy":"product_brand","embeddable":true,"href":"https:\/\/www.taller-palabras.com\/WordPress_04\/wp-json\/wp\/v2\/product_brand?post=5422"},{"taxonomy":"product_cat","embeddable":true,"href":"https:\/\/www.taller-palabras.com\/WordPress_04\/wp-json\/wp\/v2\/product_cat?post=5422"},{"taxonomy":"product_tag","embeddable":true,"href":"https:\/\/www.taller-palabras.com\/WordPress_04\/wp-json\/wp\/v2\/product_tag?post=5422"}],"curies":[{"name":"wp","href":"https:\/\/api.w.org\/{rel}","templated":true}]}}