{"id":5428,"date":"2018-11-02T10:49:22","date_gmt":"2018-11-02T13:49:22","guid":{"rendered":"https:\/\/www.taller-palabras.com\/WordPress_04\/?post_type=product&#038;p=5428"},"modified":"2025-02-07T14:32:32","modified_gmt":"2025-02-07T17:32:32","slug":"la-trilogia-de-la-niebla-carlos-ruiz-zafon-ebook","status":"publish","type":"product","link":"https:\/\/www.taller-palabras.com\/WordPress_04\/producto\/la-trilogia-de-la-niebla-carlos-ruiz-zafon-ebook","title":{"rendered":"La Trilog\u00eda de la Niebla &#8211; Carlos Ruiz Zaf\u00f3n \/ebook"},"content":{"rendered":"<figure id=\"attachment_210\" aria-describedby=\"caption-attachment-210\" style=\"width: 150px\" class=\"wp-caption alignleft\"><img loading=\"lazy\" decoding=\"async\" class=\"wp-image-210 size-thumbnail\" src=\"https:\/\/www.taller-palabras.com\/WordPress_04\/wp-content\/uploads\/2018\/10\/zafon-150x150.jpg\" alt=\"\" width=\"150\" height=\"150\" srcset=\"https:\/\/www.taller-palabras.com\/WordPress_04\/wp-content\/uploads\/2018\/10\/zafon-150x150.jpg 150w, https:\/\/www.taller-palabras.com\/WordPress_04\/wp-content\/uploads\/2018\/10\/zafon-324x324.jpg 324w, https:\/\/www.taller-palabras.com\/WordPress_04\/wp-content\/uploads\/2018\/10\/zafon-100x100.jpg 100w\" sizes=\"auto, (max-width: 150px) 100vw, 150px\" \/><figcaption id=\"caption-attachment-210\" class=\"wp-caption-text\">Autor Carlos Ruiz Zaf\u00f3n<\/figcaption><\/figure>\n<p>Tres en uno:<br \/>\n1\u00ba. En una misteriosa casa de la costa atl\u00e1ntica, lejos del Londres amenazado por la guerra, Max va a descubrir que los desaf\u00edos del presente a menudo tienen su raz\u00f3n de ser en pactos inconfesables sellados mucho tiempo atr\u00e1s, donde habitan seres como El Pr\u00edncipe de la Niebla.<br \/>\n2\u00ba. En la Calcuta de 1932, un tren en llamas atraviesa la ciudad, y el c\u00edrculo de amigos de Ben y Sheere debe enfrentarse al m\u00e1s terrible y mort\u00edfero enigma de la ciudad de los palacios; una aventura, El Palacio de la Medianoche, que va a cambiar sus propias vidas.<br \/>\n3\u00ba. Entre Par\u00eds y un extra\u00f1o faro de Normand\u00eda se desarrolla Las Luces de Septiembre, en la que Irene e Ismael se adentran en el misterio de un fabricante de juguetes que vive entre seres mec\u00e1nicos y sombras del pasado, a la vez que crecen los lazos que los van a unir para siempre.<br \/>\nLa Trilog\u00eda de la Niebla nos ofrece una inigualable combinaci\u00f3n de aventura, misterio y emociones, de la mano del magistral narrador de La Sombra del Viento, Carlos Ruiz Zaf\u00f3n.<\/p>\n","protected":false},"excerpt":{"rendered":"<p>Tres en uno: 1\u00ba. En una misteriosa casa de la costa atl\u00e1ntica, lejos del Londres amenazado por la guerra, Max va a descubrir que los desaf\u00edos del presente a menudo tienen su raz\u00f3n de ser en pactos inconfesables sellados mucho tiempo atr\u00e1s, donde habitan seres como El Pr\u00edncipe de la Niebla. 2\u00ba. En la Calcuta [&hellip;]<\/p>\n","protected":false},"featured_media":5432,"template":"","meta":[],"product_brand":[],"product_cat":[25],"product_tag":[78,54,752,45],"class_list":{"0":"post-5428","1":"product","2":"type-product","3":"status-publish","4":"has-post-thumbnail","6":"product_cat-libros-digitales-ebooks","7":"product_tag-carlos-ruiz-zafon","8":"product_tag-descargar-ebook","9":"product_tag-la-trilogia-de-la-niebla","10":"product_tag-mejor-novela","12":"first","13":"instock","14":"shipping-taxable","15":"purchasable","16":"product-type-variable","17":"has-default-attributes"},"_links":{"self":[{"href":"https:\/\/www.taller-palabras.com\/WordPress_04\/wp-json\/wp\/v2\/product\/5428","targetHints":{"allow":["GET"]}}],"collection":[{"href":"https:\/\/www.taller-palabras.com\/WordPress_04\/wp-json\/wp\/v2\/product"}],"about":[{"href":"https:\/\/www.taller-palabras.com\/WordPress_04\/wp-json\/wp\/v2\/types\/product"}],"wp:featuredmedia":[{"embeddable":true,"href":"https:\/\/www.taller-palabras.com\/WordPress_04\/wp-json\/wp\/v2\/media\/5432"}],"wp:attachment":[{"href":"https:\/\/www.taller-palabras.com\/WordPress_04\/wp-json\/wp\/v2\/media?parent=5428"}],"wp:term":[{"taxonomy":"product_brand","embeddable":true,"href":"https:\/\/www.taller-palabras.com\/WordPress_04\/wp-json\/wp\/v2\/product_brand?post=5428"},{"taxonomy":"product_cat","embeddable":true,"href":"https:\/\/www.taller-palabras.com\/WordPress_04\/wp-json\/wp\/v2\/product_cat?post=5428"},{"taxonomy":"product_tag","embeddable":true,"href":"https:\/\/www.taller-palabras.com\/WordPress_04\/wp-json\/wp\/v2\/product_tag?post=5428"}],"curies":[{"name":"wp","href":"https:\/\/api.w.org\/{rel}","templated":true}]}}