{"id":5494,"date":"2022-04-17T11:24:45","date_gmt":"2022-04-17T14:24:45","guid":{"rendered":"https:\/\/www.taller-palabras.com\/WordPress_04\/?post_type=product&#038;p=5494"},"modified":"2025-02-07T13:55:31","modified_gmt":"2025-02-07T16:55:31","slug":"harry-potter-la-coleccion-completa-j-k-rowling-ebook","status":"publish","type":"product","link":"https:\/\/www.taller-palabras.com\/WordPress_04\/producto\/harry-potter-la-coleccion-completa-j-k-rowling-ebook","title":{"rendered":"Harry Potter &#8211; La colecci\u00f3n completa &#8211; J. K. Rowling \/ebook"},"content":{"rendered":"<p>&nbsp;<\/p>\n<figure id=\"attachment_5493\" aria-describedby=\"caption-attachment-5493\" style=\"width: 141px\" class=\"wp-caption alignleft\"><img loading=\"lazy\" decoding=\"async\" class=\"wp-image-5493 size-full\" src=\"https:\/\/www.taller-palabras.com\/WordPress_04\/wp-content\/uploads\/2022\/04\/Rowling.jpg\" alt=\"\" width=\"141\" height=\"117\" \/><figcaption id=\"caption-attachment-5493\" class=\"wp-caption-text\">Autora J. K. Rowling<\/figcaption><\/figure>\n<p>Con este libro se entrega la colecci\u00f3n completa de Harry Potter que es una heptalog\u00eda (7) de novelas fant\u00e1sticas escrita por la autora brit\u00e1nica J. K. Rowling, en la que se describen las aventuras del joven aprendiz de mago Harry Potter y sus amigos Hermione Granger y Ron Weasley, durante los siete a\u00f1os que pasan en el Colegio Hogwarts de Magia y Hechicer\u00eda. El argumento se centra en la lucha entre Harry Potter y el malvado mago Lord Voldemort, quien mat\u00f3 a los padres de Harry en su af\u00e1n de conquistar el mundo m\u00e1gico. Desde el lanzamiento de la primera novela, Harry Potter y la piedra filosofal en 1997, la serie logr\u00f3 una inmensa popularidad, cr\u00edticas favorables y \u00e9xito comercial alrededor del mundo. Para diciembre de 2007, se hab\u00edan vendido m\u00e1s de 400 millones de copias de los siete libros, los cuales han sido traducidos a m\u00e1s de 65 idiomas, entre los que se incluyen el lat\u00edn y el griego antiguo. El s\u00e9ptimo y \u00faltimo libro, Harry Potter y las Reliquias de la Muerte fue lanzado mundialmente en ingl\u00e9s el 21 de julio de 2007, mientras que en espa\u00f1ol se public\u00f3 el 21 de febrero de 2008.<\/p>\n<p>&nbsp;<\/p>\n","protected":false},"excerpt":{"rendered":"<p>&nbsp; Con este libro se entrega la colecci\u00f3n completa de Harry Potter que es una heptalog\u00eda (7) de novelas fant\u00e1sticas escrita por la autora brit\u00e1nica J. K. Rowling, en la que se describen las aventuras del joven aprendiz de mago Harry Potter y sus amigos Hermione Granger y Ron Weasley, durante los siete a\u00f1os que [&hellip;]<\/p>\n","protected":false},"featured_media":5472,"template":"","meta":[],"product_brand":[],"product_cat":[25],"product_tag":[54,759,757,45],"class_list":{"0":"post-5494","1":"product","2":"type-product","3":"status-publish","4":"has-post-thumbnail","6":"product_cat-libros-digitales-ebooks","7":"product_tag-descargar-ebook","8":"product_tag-harry-potter-la-coleccion-completa","9":"product_tag-j-k-rowling","10":"product_tag-mejor-novela","12":"first","13":"instock","14":"shipping-taxable","15":"purchasable","16":"product-type-variable","17":"has-default-attributes"},"_links":{"self":[{"href":"https:\/\/www.taller-palabras.com\/WordPress_04\/wp-json\/wp\/v2\/product\/5494","targetHints":{"allow":["GET"]}}],"collection":[{"href":"https:\/\/www.taller-palabras.com\/WordPress_04\/wp-json\/wp\/v2\/product"}],"about":[{"href":"https:\/\/www.taller-palabras.com\/WordPress_04\/wp-json\/wp\/v2\/types\/product"}],"wp:featuredmedia":[{"embeddable":true,"href":"https:\/\/www.taller-palabras.com\/WordPress_04\/wp-json\/wp\/v2\/media\/5472"}],"wp:attachment":[{"href":"https:\/\/www.taller-palabras.com\/WordPress_04\/wp-json\/wp\/v2\/media?parent=5494"}],"wp:term":[{"taxonomy":"product_brand","embeddable":true,"href":"https:\/\/www.taller-palabras.com\/WordPress_04\/wp-json\/wp\/v2\/product_brand?post=5494"},{"taxonomy":"product_cat","embeddable":true,"href":"https:\/\/www.taller-palabras.com\/WordPress_04\/wp-json\/wp\/v2\/product_cat?post=5494"},{"taxonomy":"product_tag","embeddable":true,"href":"https:\/\/www.taller-palabras.com\/WordPress_04\/wp-json\/wp\/v2\/product_tag?post=5494"}],"curies":[{"name":"wp","href":"https:\/\/api.w.org\/{rel}","templated":true}]}}