{"id":5502,"date":"2022-04-16T15:00:47","date_gmt":"2022-04-16T18:00:47","guid":{"rendered":"https:\/\/www.taller-palabras.com\/WordPress_04\/?post_type=product&#038;p=5502"},"modified":"2024-07-10T17:01:00","modified_gmt":"2024-07-10T20:01:00","slug":"las-siete-hermanas-1-lucinda-riley-ebook","status":"publish","type":"product","link":"https:\/\/www.taller-palabras.com\/WordPress_04\/producto\/las-siete-hermanas-1-lucinda-riley-ebook","title":{"rendered":"Saga: Las siete hermanas (1) &#8211; Lucinda Riley \/ebook"},"content":{"rendered":"<figure id=\"attachment_5506\" aria-describedby=\"caption-attachment-5506\" style=\"width: 150px\" class=\"wp-caption alignleft\"><img loading=\"lazy\" decoding=\"async\" class=\"wp-image-5506 size-thumbnail\" src=\"https:\/\/www.taller-palabras.com\/WordPress_04\/wp-content\/uploads\/2022\/04\/Lucinda-Ridley-150x150.jpg\" alt=\"\" width=\"150\" height=\"150\" srcset=\"https:\/\/www.taller-palabras.com\/WordPress_04\/wp-content\/uploads\/2022\/04\/Lucinda-Ridley-150x150.jpg 150w, https:\/\/www.taller-palabras.com\/WordPress_04\/wp-content\/uploads\/2022\/04\/Lucinda-Ridley-100x100.jpg 100w\" sizes=\"auto, (max-width: 150px) 100vw, 150px\" \/><figcaption id=\"caption-attachment-5506\" class=\"wp-caption-text\">Autora Lucinda Riley<\/figcaption><\/figure>\n<p>Maia D\u2019Apli\u00e8se y sus hermanas regresan a la impresionante mansi\u00f3n familiar donde crecieron tras conocer que su adorado padre, el millonario Pa Salt, ha muerto. Cada una de ellas, adoptadas en distintos lugares del mundo, recibe un sobre que contiene una prometedora pista sobre su origen. El de Maia, la mayor de las hermanas y nuestra protagonista, la conduce hacia una casa en ruinas situada en R\u00edo de Janeiro. All\u00ed comenzar\u00e1 a recomponer las piezas de su historia. Ochenta a\u00f1os antes, en la Belle \u00c9poque de R\u00edo de Janeiro, el padre de Izabela Bonifacio aspira a que su hija se case con un arist\u00f3crata. Apasionada y deseosa de conocer mundo, convence a su padre para que la deje ir a Par\u00eds antes de contraer matrimonio. All\u00ed, entre el estudio de Paul Landowski y los bulliciosos caf\u00e9s de Montparnasse, Izabela conocer\u00e1 al ambicioso y joven escultor Laurent Brouilly, y sabr\u00e1 desde el primer instante que su vida ha cambiado para siempre.<\/p>\n","protected":false},"excerpt":{"rendered":"<p>Maia D\u2019Apli\u00e8se y sus hermanas regresan a la impresionante mansi\u00f3n familiar donde crecieron tras conocer que su adorado padre, el millonario Pa Salt, ha muerto. Cada una de ellas, adoptadas en distintos lugares del mundo, recibe un sobre que contiene una prometedora pista sobre su origen. El de Maia, la mayor de las hermanas y [&hellip;]<\/p>\n","protected":false},"featured_media":5473,"template":"","meta":[],"product_brand":[],"product_cat":[25,47],"product_tag":[54,763,762,45],"class_list":{"0":"post-5502","1":"product","2":"type-product","3":"status-publish","4":"has-post-thumbnail","6":"product_cat-libros-digitales-ebooks","7":"product_cat-libros-digitales-sagas","8":"product_tag-descargar-ebook","9":"product_tag-las-siete-hermanas","10":"product_tag-lucinda-riley","11":"product_tag-mejor-novela","13":"first","14":"instock","15":"shipping-taxable","16":"purchasable","17":"product-type-variable","18":"has-default-attributes"},"_links":{"self":[{"href":"https:\/\/www.taller-palabras.com\/WordPress_04\/wp-json\/wp\/v2\/product\/5502","targetHints":{"allow":["GET"]}}],"collection":[{"href":"https:\/\/www.taller-palabras.com\/WordPress_04\/wp-json\/wp\/v2\/product"}],"about":[{"href":"https:\/\/www.taller-palabras.com\/WordPress_04\/wp-json\/wp\/v2\/types\/product"}],"wp:featuredmedia":[{"embeddable":true,"href":"https:\/\/www.taller-palabras.com\/WordPress_04\/wp-json\/wp\/v2\/media\/5473"}],"wp:attachment":[{"href":"https:\/\/www.taller-palabras.com\/WordPress_04\/wp-json\/wp\/v2\/media?parent=5502"}],"wp:term":[{"taxonomy":"product_brand","embeddable":true,"href":"https:\/\/www.taller-palabras.com\/WordPress_04\/wp-json\/wp\/v2\/product_brand?post=5502"},{"taxonomy":"product_cat","embeddable":true,"href":"https:\/\/www.taller-palabras.com\/WordPress_04\/wp-json\/wp\/v2\/product_cat?post=5502"},{"taxonomy":"product_tag","embeddable":true,"href":"https:\/\/www.taller-palabras.com\/WordPress_04\/wp-json\/wp\/v2\/product_tag?post=5502"}],"curies":[{"name":"wp","href":"https:\/\/api.w.org\/{rel}","templated":true}]}}