{"id":5519,"date":"2022-04-16T14:58:15","date_gmt":"2022-04-16T17:58:15","guid":{"rendered":"https:\/\/www.taller-palabras.com\/WordPress_04\/?post_type=product&#038;p=5519"},"modified":"2024-07-10T16:56:37","modified_gmt":"2024-07-10T19:56:37","slug":"la-hermana-sombra-3-lucinda-riley-ebook","status":"publish","type":"product","link":"https:\/\/www.taller-palabras.com\/WordPress_04\/producto\/la-hermana-sombra-3-lucinda-riley-ebook","title":{"rendered":"Saga: La hermana sombra (3) &#8211; Lucinda Riley \/ebook"},"content":{"rendered":"<figure id=\"attachment_5506\" aria-describedby=\"caption-attachment-5506\" style=\"width: 150px\" class=\"wp-caption alignleft\"><img loading=\"lazy\" decoding=\"async\" class=\"wp-image-5506 size-thumbnail\" src=\"https:\/\/www.taller-palabras.com\/WordPress_04\/wp-content\/uploads\/2022\/04\/Lucinda-Ridley-150x150.jpg\" alt=\"\" width=\"150\" height=\"150\" srcset=\"https:\/\/www.taller-palabras.com\/WordPress_04\/wp-content\/uploads\/2022\/04\/Lucinda-Ridley-150x150.jpg 150w, https:\/\/www.taller-palabras.com\/WordPress_04\/wp-content\/uploads\/2022\/04\/Lucinda-Ridley-100x100.jpg 100w\" sizes=\"auto, (max-width: 150px) 100vw, 150px\" \/><figcaption id=\"caption-attachment-5506\" class=\"wp-caption-text\">Autora Lucinda Riley<\/figcaption><\/figure>\n<p>Star D&#8217;Apli\u00e8se se encuentra en una encrucijada tras la repentina muerte de su padre, el misterioso millonario Pa Salt. Ha dejado a sus seis hijas una pista sobre sus or\u00edgenes, pero Star, la m\u00e1s enigm\u00e1tica de todas, tiene serias dudas sobre la necesidad de aventurarse y arriesgarse a perder la seguridad que le brinda la estrecha relaci\u00f3n con su hermana CeCe. A la desesperada decide seguir la pista, una pista que la conduce a una librer\u00eda de antiguo en Londres y al comienzo de un nuevo mundo. Hace cien a\u00f1os Flora MacNichol jura que nunca se casar\u00e1. Es feliz y se siente segura en su casa del Lake District, cerca de su idolatrada Beatrix Potter. Pero, contra su voluntad, se ve arrastrada hasta la casa de una de las personas m\u00e1s influyentes de la sociedad eduardiana en Londres: Alice Keppel, la amante m\u00e1s famosa de Eduardo VII, el hijo mayor de la reina Victoria. Flora se debate entre el amor apasionado y las obligaciones familiares al mismo tiempo que se siente como un pe\u00f3n en juego ajeno, cuyas reglas solo conocen otros. Sin embargo, el encuentro fortuito con un misterioso caballero le proporciona las respuestas que siempre ha esperado. Star descubrir\u00e1 el nexo con Flora y su glamuroso pasado a la vez que dejar\u00e1 la puerta abierta al amor.<\/p>\n","protected":false},"excerpt":{"rendered":"<p>Star D&#8217;Apli\u00e8se se encuentra en una encrucijada tras la repentina muerte de su padre, el misterioso millonario Pa Salt. Ha dejado a sus seis hijas una pista sobre sus or\u00edgenes, pero Star, la m\u00e1s enigm\u00e1tica de todas, tiene serias dudas sobre la necesidad de aventurarse y arriesgarse a perder la seguridad que le brinda la [&hellip;]<\/p>\n","protected":false},"featured_media":5524,"template":"","meta":[],"product_brand":[],"product_cat":[25,47],"product_tag":[54,766,762,45],"class_list":{"0":"post-5519","1":"product","2":"type-product","3":"status-publish","4":"has-post-thumbnail","6":"product_cat-libros-digitales-ebooks","7":"product_cat-libros-digitales-sagas","8":"product_tag-descargar-ebook","9":"product_tag-la-hermana-sombra","10":"product_tag-lucinda-riley","11":"product_tag-mejor-novela","13":"first","14":"instock","15":"shipping-taxable","16":"purchasable","17":"product-type-variable","18":"has-default-attributes"},"_links":{"self":[{"href":"https:\/\/www.taller-palabras.com\/WordPress_04\/wp-json\/wp\/v2\/product\/5519","targetHints":{"allow":["GET"]}}],"collection":[{"href":"https:\/\/www.taller-palabras.com\/WordPress_04\/wp-json\/wp\/v2\/product"}],"about":[{"href":"https:\/\/www.taller-palabras.com\/WordPress_04\/wp-json\/wp\/v2\/types\/product"}],"wp:featuredmedia":[{"embeddable":true,"href":"https:\/\/www.taller-palabras.com\/WordPress_04\/wp-json\/wp\/v2\/media\/5524"}],"wp:attachment":[{"href":"https:\/\/www.taller-palabras.com\/WordPress_04\/wp-json\/wp\/v2\/media?parent=5519"}],"wp:term":[{"taxonomy":"product_brand","embeddable":true,"href":"https:\/\/www.taller-palabras.com\/WordPress_04\/wp-json\/wp\/v2\/product_brand?post=5519"},{"taxonomy":"product_cat","embeddable":true,"href":"https:\/\/www.taller-palabras.com\/WordPress_04\/wp-json\/wp\/v2\/product_cat?post=5519"},{"taxonomy":"product_tag","embeddable":true,"href":"https:\/\/www.taller-palabras.com\/WordPress_04\/wp-json\/wp\/v2\/product_tag?post=5519"}],"curies":[{"name":"wp","href":"https:\/\/api.w.org\/{rel}","templated":true}]}}