{"id":5566,"date":"2022-04-24T12:20:30","date_gmt":"2022-04-24T15:20:30","guid":{"rendered":"https:\/\/www.taller-palabras.com\/WordPress_04\/?post_type=product&#038;p=5566"},"modified":"2024-07-24T12:56:33","modified_gmt":"2024-07-24T15:56:33","slug":"distancia-de-rescate-samanta-schweblin-ebook","status":"publish","type":"product","link":"https:\/\/www.taller-palabras.com\/WordPress_04\/producto\/distancia-de-rescate-samanta-schweblin-ebook","title":{"rendered":"Distancia de rescate &#8211; Samanta Schweblin \/ebook"},"content":{"rendered":"<figure id=\"attachment_5549\" aria-describedby=\"caption-attachment-5549\" style=\"width: 150px\" class=\"wp-caption alignleft\"><img loading=\"lazy\" decoding=\"async\" class=\"wp-image-5549 size-thumbnail\" src=\"https:\/\/www.taller-palabras.com\/WordPress_04\/wp-content\/uploads\/2022\/04\/samanta-schweblin-150x150.jpg\" alt=\"\" width=\"150\" height=\"150\" srcset=\"https:\/\/www.taller-palabras.com\/WordPress_04\/wp-content\/uploads\/2022\/04\/samanta-schweblin-150x150.jpg 150w, https:\/\/www.taller-palabras.com\/WordPress_04\/wp-content\/uploads\/2022\/04\/samanta-schweblin-100x100.jpg 100w, https:\/\/www.taller-palabras.com\/WordPress_04\/wp-content\/uploads\/2022\/04\/samanta-schweblin.jpg 283w\" sizes=\"auto, (max-width: 150px) 100vw, 150px\" \/><figcaption id=\"caption-attachment-5549\" class=\"wp-caption-text\">Autora Samanta Schweblin<\/figcaption><\/figure>\n<p>Esta novela, logra combinar el registro psicol\u00f3gico con la denuncia social y el relato fant\u00e1stico, todo inmerso en un ambiente extra\u00f1o, siniestro. La maestr\u00eda de Samanta se desarrolla justamente en esta l\u00ednea, logrando crear una atm\u00f3sfera desesperante (casi, podr\u00edamos decir, irrespirable) con un n\u00famero limitado de elementos cotidianos y en apariencia banales. Lo monstruoso, lo tr\u00e1gico y lo irremediable est\u00e1 en lo trivial, en lo com\u00fan de todos los d\u00edas. Unas simples vacaciones en una casa de campo se convierten en una pesadilla que pone a prueba la tolerancia del lector. La muerte (o incluso algo peor) est\u00e1 al acecho, y la voluntad de las personas no puede hacer mucho para mantenerla lejos.<\/p>\n","protected":false},"excerpt":{"rendered":"<p>Esta novela, logra combinar el registro psicol\u00f3gico con la denuncia social y el relato fant\u00e1stico, todo inmerso en un ambiente extra\u00f1o, siniestro. La maestr\u00eda de Samanta se desarrolla justamente en esta l\u00ednea, logrando crear una atm\u00f3sfera desesperante (casi, podr\u00edamos decir, irrespirable) con un n\u00famero limitado de elementos cotidianos y en apariencia banales. Lo monstruoso, lo [&hellip;]<\/p>\n","protected":false},"featured_media":5551,"template":"","meta":[],"product_brand":[],"product_cat":[25],"product_tag":[54,771,45,769],"class_list":{"0":"post-5566","1":"product","2":"type-product","3":"status-publish","4":"has-post-thumbnail","6":"product_cat-libros-digitales-ebooks","7":"product_tag-descargar-ebook","8":"product_tag-distancia-de-rescate","9":"product_tag-mejor-novela","10":"product_tag-samanta-schweblin","12":"first","13":"instock","14":"shipping-taxable","15":"purchasable","16":"product-type-variable","17":"has-default-attributes"},"_links":{"self":[{"href":"https:\/\/www.taller-palabras.com\/WordPress_04\/wp-json\/wp\/v2\/product\/5566","targetHints":{"allow":["GET"]}}],"collection":[{"href":"https:\/\/www.taller-palabras.com\/WordPress_04\/wp-json\/wp\/v2\/product"}],"about":[{"href":"https:\/\/www.taller-palabras.com\/WordPress_04\/wp-json\/wp\/v2\/types\/product"}],"wp:featuredmedia":[{"embeddable":true,"href":"https:\/\/www.taller-palabras.com\/WordPress_04\/wp-json\/wp\/v2\/media\/5551"}],"wp:attachment":[{"href":"https:\/\/www.taller-palabras.com\/WordPress_04\/wp-json\/wp\/v2\/media?parent=5566"}],"wp:term":[{"taxonomy":"product_brand","embeddable":true,"href":"https:\/\/www.taller-palabras.com\/WordPress_04\/wp-json\/wp\/v2\/product_brand?post=5566"},{"taxonomy":"product_cat","embeddable":true,"href":"https:\/\/www.taller-palabras.com\/WordPress_04\/wp-json\/wp\/v2\/product_cat?post=5566"},{"taxonomy":"product_tag","embeddable":true,"href":"https:\/\/www.taller-palabras.com\/WordPress_04\/wp-json\/wp\/v2\/product_tag?post=5566"}],"curies":[{"name":"wp","href":"https:\/\/api.w.org\/{rel}","templated":true}]}}