{"id":5602,"date":"2022-04-28T11:16:48","date_gmt":"2022-04-28T14:16:48","guid":{"rendered":"https:\/\/www.taller-palabras.com\/WordPress_04\/?post_type=product&#038;p=5602"},"modified":"2024-07-28T14:38:23","modified_gmt":"2024-07-28T17:38:23","slug":"las-raices-del-cielo-romain-gary-ebook","status":"publish","type":"product","link":"https:\/\/www.taller-palabras.com\/WordPress_04\/producto\/las-raices-del-cielo-romain-gary-ebook","title":{"rendered":"Las ra\u00edces del cielo &#8211; Romain Gary \/ebook"},"content":{"rendered":"<figure id=\"attachment_5594\" aria-describedby=\"caption-attachment-5594\" style=\"width: 150px\" class=\"wp-caption alignleft\"><img loading=\"lazy\" decoding=\"async\" class=\"wp-image-5594 size-thumbnail\" src=\"https:\/\/www.taller-palabras.com\/WordPress_04\/wp-content\/uploads\/2022\/04\/Romain-Gary-150x150.jpg\" alt=\"\" width=\"150\" height=\"150\" srcset=\"https:\/\/www.taller-palabras.com\/WordPress_04\/wp-content\/uploads\/2022\/04\/Romain-Gary-150x150.jpg 150w, https:\/\/www.taller-palabras.com\/WordPress_04\/wp-content\/uploads\/2022\/04\/Romain-Gary-100x100.jpg 100w\" sizes=\"auto, (max-width: 150px) 100vw, 150px\" \/><figcaption id=\"caption-attachment-5594\" class=\"wp-caption-text\">Autor Romain Gary<\/figcaption><\/figure>\n<p>A la luz de una hoguera, en la sabana africana, un hombre cuenta la historia de Morel, un franc\u00e9s que en los a\u00f1os cincuenta lleg\u00f3 al \u00c1frica Ecuatorial Francesa para emprender una campa\u00f1a contra el exterminio de los elefantes, amenazados por las leyes del progreso. Tras pasar por la ignominia de los campos de concentraci\u00f3n nazis, la defensa del elefante es, en Morel, un s\u00edmbolo de la nobleza perdida, de la preservaci\u00f3n de la dignidad del hombre y de su derecho a ser libre. Traicionado por unos y apoyado por otros, acusado de mis\u00e1ntropo y de nihilista, Morel no duda en recurrir a las armas para luchar contra la barbarie y la crueldad en una regi\u00f3n asediada por la demagogia nacionalista y el odio racial. Con esta novela, llevada al cine por John Huston en 1958, Romain Gary obtuvo en 1956 su primer premio Goncourt.<\/p>\n","protected":false},"excerpt":{"rendered":"<p>A la luz de una hoguera, en la sabana africana, un hombre cuenta la historia de Morel, un franc\u00e9s que en los a\u00f1os cincuenta lleg\u00f3 al \u00c1frica Ecuatorial Francesa para emprender una campa\u00f1a contra el exterminio de los elefantes, amenazados por las leyes del progreso. Tras pasar por la ignominia de los campos de concentraci\u00f3n [&hellip;]<\/p>\n","protected":false},"featured_media":5597,"template":"","meta":[],"product_brand":[],"product_cat":[25],"product_tag":[54,777,45,776],"class_list":{"0":"post-5602","1":"product","2":"type-product","3":"status-publish","4":"has-post-thumbnail","6":"product_cat-libros-digitales-ebooks","7":"product_tag-descargar-ebook","8":"product_tag-las-raices-del-cielo","9":"product_tag-mejor-novela","10":"product_tag-romain-gary","12":"first","13":"instock","14":"shipping-taxable","15":"purchasable","16":"product-type-variable","17":"has-default-attributes"},"_links":{"self":[{"href":"https:\/\/www.taller-palabras.com\/WordPress_04\/wp-json\/wp\/v2\/product\/5602","targetHints":{"allow":["GET"]}}],"collection":[{"href":"https:\/\/www.taller-palabras.com\/WordPress_04\/wp-json\/wp\/v2\/product"}],"about":[{"href":"https:\/\/www.taller-palabras.com\/WordPress_04\/wp-json\/wp\/v2\/types\/product"}],"wp:featuredmedia":[{"embeddable":true,"href":"https:\/\/www.taller-palabras.com\/WordPress_04\/wp-json\/wp\/v2\/media\/5597"}],"wp:attachment":[{"href":"https:\/\/www.taller-palabras.com\/WordPress_04\/wp-json\/wp\/v2\/media?parent=5602"}],"wp:term":[{"taxonomy":"product_brand","embeddable":true,"href":"https:\/\/www.taller-palabras.com\/WordPress_04\/wp-json\/wp\/v2\/product_brand?post=5602"},{"taxonomy":"product_cat","embeddable":true,"href":"https:\/\/www.taller-palabras.com\/WordPress_04\/wp-json\/wp\/v2\/product_cat?post=5602"},{"taxonomy":"product_tag","embeddable":true,"href":"https:\/\/www.taller-palabras.com\/WordPress_04\/wp-json\/wp\/v2\/product_tag?post=5602"}],"curies":[{"name":"wp","href":"https:\/\/api.w.org\/{rel}","templated":true}]}}