{"id":5621,"date":"2021-11-29T12:21:40","date_gmt":"2021-11-29T15:21:40","guid":{"rendered":"https:\/\/www.taller-palabras.com\/WordPress_04\/?post_type=product&#038;p=5621"},"modified":"2024-01-15T12:33:59","modified_gmt":"2024-01-15T15:33:59","slug":"el-adolescente-fiodor-dostoyevski-ebook","status":"publish","type":"product","link":"https:\/\/www.taller-palabras.com\/WordPress_04\/producto\/el-adolescente-fiodor-dostoyevski-ebook","title":{"rendered":"El adolescente &#8211; Fiodor Dostoyevski \/ebook"},"content":{"rendered":"<figure id=\"attachment_2696\" aria-describedby=\"caption-attachment-2696\" style=\"width: 150px\" class=\"wp-caption alignleft\"><img loading=\"lazy\" decoding=\"async\" class=\"wp-image-2696 size-thumbnail\" src=\"https:\/\/www.taller-palabras.com\/WordPress_04\/wp-content\/uploads\/2020\/11\/FiodorDostoyevski-150x150.jpg\" alt=\"\" width=\"150\" height=\"150\" srcset=\"https:\/\/www.taller-palabras.com\/WordPress_04\/wp-content\/uploads\/2020\/11\/FiodorDostoyevski-150x150.jpg 150w, https:\/\/www.taller-palabras.com\/WordPress_04\/wp-content\/uploads\/2020\/11\/FiodorDostoyevski-100x100.jpg 100w\" sizes=\"auto, (max-width: 150px) 100vw, 150px\" \/><figcaption id=\"caption-attachment-2696\" class=\"wp-caption-text\">Autor Fiodor Dostoyevski<\/figcaption><\/figure>\n<p>El adolescente, novela que tiene como principal protagonista a un joven ruso que admira u odia a su padre seg\u00fan sean las influencias contradictorias que recibe. La vida del adolescente y de un retablo de personajes, maravillosamente caracterizados por Dostoyevski, que bullen en torno a \u00e9l, va creando un crescendo en la novela, que es lo que mueve al lector a no abandonar la lectura hasta la \u00faltima p\u00e1gina.<\/p>\n","protected":false},"excerpt":{"rendered":"<p>El adolescente, novela que tiene como principal protagonista a un joven ruso que admira u odia a su padre seg\u00fan sean las influencias contradictorias que recibe. La vida del adolescente y de un retablo de personajes, maravillosamente caracterizados por Dostoyevski, que bullen en torno a \u00e9l, va creando un crescendo en la novela, que es [&hellip;]<\/p>\n","protected":false},"featured_media":5625,"template":"","meta":[],"product_brand":[],"product_cat":[25],"product_tag":[54,781,315,45],"class_list":{"0":"post-5621","1":"product","2":"type-product","3":"status-publish","4":"has-post-thumbnail","6":"product_cat-libros-digitales-ebooks","7":"product_tag-descargar-ebook","8":"product_tag-el-adolescente","9":"product_tag-fiodor-dostoyevski","10":"product_tag-mejor-novela","12":"first","13":"instock","14":"shipping-taxable","15":"purchasable","16":"product-type-variable","17":"has-default-attributes"},"_links":{"self":[{"href":"https:\/\/www.taller-palabras.com\/WordPress_04\/wp-json\/wp\/v2\/product\/5621","targetHints":{"allow":["GET"]}}],"collection":[{"href":"https:\/\/www.taller-palabras.com\/WordPress_04\/wp-json\/wp\/v2\/product"}],"about":[{"href":"https:\/\/www.taller-palabras.com\/WordPress_04\/wp-json\/wp\/v2\/types\/product"}],"wp:featuredmedia":[{"embeddable":true,"href":"https:\/\/www.taller-palabras.com\/WordPress_04\/wp-json\/wp\/v2\/media\/5625"}],"wp:attachment":[{"href":"https:\/\/www.taller-palabras.com\/WordPress_04\/wp-json\/wp\/v2\/media?parent=5621"}],"wp:term":[{"taxonomy":"product_brand","embeddable":true,"href":"https:\/\/www.taller-palabras.com\/WordPress_04\/wp-json\/wp\/v2\/product_brand?post=5621"},{"taxonomy":"product_cat","embeddable":true,"href":"https:\/\/www.taller-palabras.com\/WordPress_04\/wp-json\/wp\/v2\/product_cat?post=5621"},{"taxonomy":"product_tag","embeddable":true,"href":"https:\/\/www.taller-palabras.com\/WordPress_04\/wp-json\/wp\/v2\/product_tag?post=5621"}],"curies":[{"name":"wp","href":"https:\/\/api.w.org\/{rel}","templated":true}]}}