{"id":5645,"date":"2021-11-29T13:01:09","date_gmt":"2021-11-29T16:01:09","guid":{"rendered":"https:\/\/www.taller-palabras.com\/WordPress_04\/?post_type=product&#038;p=5645"},"modified":"2024-01-15T12:41:36","modified_gmt":"2024-01-15T15:41:36","slug":"humillados-y-ofendidos-fiodor-dostoyevski-ebook","status":"publish","type":"product","link":"https:\/\/www.taller-palabras.com\/WordPress_04\/producto\/humillados-y-ofendidos-fiodor-dostoyevski-ebook","title":{"rendered":"Humillados y ofendidos &#8211; Fiodor Dostoyevski \/ebook"},"content":{"rendered":"<figure id=\"attachment_2696\" aria-describedby=\"caption-attachment-2696\" style=\"width: 150px\" class=\"wp-caption alignleft\"><img loading=\"lazy\" decoding=\"async\" class=\"wp-image-2696 size-thumbnail\" src=\"https:\/\/www.taller-palabras.com\/WordPress_04\/wp-content\/uploads\/2020\/11\/FiodorDostoyevski-150x150.jpg\" alt=\"\" width=\"150\" height=\"150\" srcset=\"https:\/\/www.taller-palabras.com\/WordPress_04\/wp-content\/uploads\/2020\/11\/FiodorDostoyevski-150x150.jpg 150w, https:\/\/www.taller-palabras.com\/WordPress_04\/wp-content\/uploads\/2020\/11\/FiodorDostoyevski-100x100.jpg 100w\" sizes=\"auto, (max-width: 150px) 100vw, 150px\" \/><figcaption id=\"caption-attachment-2696\" class=\"wp-caption-text\">Autor Fiodor Dostoyevski<\/figcaption><\/figure>\n<p>Oscar Wilde destacaba en \u00abHumillados y ofendidos\u00bb (1861), la primera novela larga de Fi\u00f3dor M. Dostoeivski, \u00abla nota de sentimiento personal, la realidad \u00e1spera de la experiencia aut\u00e9ntica\u00bb. El narrador de la novela es, como el propio Dostoievski, un escritor cuya primera obra le ha valido reconocimiento, pero que, poco amigo de la sociedad y de la adulaci\u00f3n, parece incapaz de proseguir su carrera. Est\u00e1 enfermo y ha aceptado, adem\u00e1s, la p\u00e9rdida del amor: Natasha, la joven a la que amaba, se ha fugado con Aliosha, hijo del pr\u00edncipe V\u00e1lkovski, contra la voluntad de los padres de ambos. El padre de Aliosha, un hombre maquiav\u00e9lico y cruel, quiere casarlo con una rica heredera, y no permitir\u00e1 que nadie arruine sus planes; el padre de Natasha, que, por ende, tiene un pleito con el pr\u00edncipe, cree que su hija ha llevado el oprobio a su familia y la maldice. Un personaje m\u00e1s se une a esta galer\u00eda de seres proscritos, de \u00abalmas nobles\u00bb que se alzan en una lucha compleja y de resultado incierto contra la humillaci\u00f3n: una ni\u00f1a hu\u00e9rfana a quien el narrador rescata de la explotaci\u00f3n de una alcahueta. Nietzsche dec\u00eda que Dostoievski era \u00abel \u00fanico psic\u00f3logo del que ten\u00eda que aprender algo\u00bb y en esta novela en una nueva traducci\u00f3n de Fernando Otero y Jos\u00e9 Ignacio L\u00f3pez Fern\u00e1ndez asistimos en verdad a un ins\u00f3lito y sorprendente an\u00e1lisis de los recovecos de la bondad y el perd\u00f3n, de la soberbia y la maldad.<\/p>\n","protected":false},"excerpt":{"rendered":"<p>Oscar Wilde destacaba en \u00abHumillados y ofendidos\u00bb (1861), la primera novela larga de Fi\u00f3dor M. Dostoeivski, \u00abla nota de sentimiento personal, la realidad \u00e1spera de la experiencia aut\u00e9ntica\u00bb. El narrador de la novela es, como el propio Dostoievski, un escritor cuya primera obra le ha valido reconocimiento, pero que, poco amigo de la sociedad y [&hellip;]<\/p>\n","protected":false},"featured_media":5627,"template":"","meta":[],"product_brand":[],"product_cat":[25],"product_tag":[54,315,782,45],"class_list":{"0":"post-5645","1":"product","2":"type-product","3":"status-publish","4":"has-post-thumbnail","6":"product_cat-libros-digitales-ebooks","7":"product_tag-descargar-ebook","8":"product_tag-fiodor-dostoyevski","9":"product_tag-humillados-y-ofendidos","10":"product_tag-mejor-novela","12":"first","13":"instock","14":"shipping-taxable","15":"purchasable","16":"product-type-variable","17":"has-default-attributes"},"_links":{"self":[{"href":"https:\/\/www.taller-palabras.com\/WordPress_04\/wp-json\/wp\/v2\/product\/5645","targetHints":{"allow":["GET"]}}],"collection":[{"href":"https:\/\/www.taller-palabras.com\/WordPress_04\/wp-json\/wp\/v2\/product"}],"about":[{"href":"https:\/\/www.taller-palabras.com\/WordPress_04\/wp-json\/wp\/v2\/types\/product"}],"wp:featuredmedia":[{"embeddable":true,"href":"https:\/\/www.taller-palabras.com\/WordPress_04\/wp-json\/wp\/v2\/media\/5627"}],"wp:attachment":[{"href":"https:\/\/www.taller-palabras.com\/WordPress_04\/wp-json\/wp\/v2\/media?parent=5645"}],"wp:term":[{"taxonomy":"product_brand","embeddable":true,"href":"https:\/\/www.taller-palabras.com\/WordPress_04\/wp-json\/wp\/v2\/product_brand?post=5645"},{"taxonomy":"product_cat","embeddable":true,"href":"https:\/\/www.taller-palabras.com\/WordPress_04\/wp-json\/wp\/v2\/product_cat?post=5645"},{"taxonomy":"product_tag","embeddable":true,"href":"https:\/\/www.taller-palabras.com\/WordPress_04\/wp-json\/wp\/v2\/product_tag?post=5645"}],"curies":[{"name":"wp","href":"https:\/\/api.w.org\/{rel}","templated":true}]}}