{"id":5649,"date":"2021-11-29T13:05:55","date_gmt":"2021-11-29T16:05:55","guid":{"rendered":"https:\/\/www.taller-palabras.com\/WordPress_04\/?post_type=product&#038;p=5649"},"modified":"2024-01-15T12:50:45","modified_gmt":"2024-01-15T15:50:45","slug":"memorias-de-la-casa-muerta-fiodor-dostoyevski-ebook","status":"publish","type":"product","link":"https:\/\/www.taller-palabras.com\/WordPress_04\/producto\/memorias-de-la-casa-muerta-fiodor-dostoyevski-ebook","title":{"rendered":"Memorias de la casa muerta &#8211; Fiodor Dostoyevski \/ebook"},"content":{"rendered":"<figure id=\"attachment_2696\" aria-describedby=\"caption-attachment-2696\" style=\"width: 150px\" class=\"wp-caption alignleft\"><img loading=\"lazy\" decoding=\"async\" class=\"wp-image-2696 size-thumbnail\" src=\"https:\/\/www.taller-palabras.com\/WordPress_04\/wp-content\/uploads\/2020\/11\/FiodorDostoyevski-150x150.jpg\" alt=\"\" width=\"150\" height=\"150\" srcset=\"https:\/\/www.taller-palabras.com\/WordPress_04\/wp-content\/uploads\/2020\/11\/FiodorDostoyevski-150x150.jpg 150w, https:\/\/www.taller-palabras.com\/WordPress_04\/wp-content\/uploads\/2020\/11\/FiodorDostoyevski-100x100.jpg 100w\" sizes=\"auto, (max-width: 150px) 100vw, 150px\" \/><figcaption id=\"caption-attachment-2696\" class=\"wp-caption-text\">Autor Fiodor Dostoyevski<\/figcaption><\/figure>\n<p>En abril de 1849 Fi\u00f3dor Dostoievski, con otros veintisiete j\u00f3venes, era detenido y acusado de \u00abcr\u00edmenes contra la seguridad del Estado\u00bb; unos meses despu\u00e9s, se le somet\u00eda a un simulacro de ejecuci\u00f3n, y finalmente a una condena de ocho a\u00f1os de trabajos forzados en Siberia. En 1862 aparecer\u00eda en forma de libro \u00abMemorias de la casa muerta\u00bb, el recuento autobiogr\u00e1fico de sus experiencias en presidio, presentado, bajo una ficticia primera persona, la del \u00abdifunto\u00bb Alex\u00e1nder Petr\u00f3vich Gori\u00e1nchikov. Este hombre, noble e instruido, que jam\u00e1s ha trabajado, se encuentra de pronto privado de libertad, obligado a los esfuerzos m\u00e1s penosos, rapado y encadenado, en compa\u00f1\u00eda de monta\u00f1eses, bandoleros, asesinos, presos pol\u00edticos y mendigos.<\/p>\n","protected":false},"excerpt":{"rendered":"<p>En abril de 1849 Fi\u00f3dor Dostoievski, con otros veintisiete j\u00f3venes, era detenido y acusado de \u00abcr\u00edmenes contra la seguridad del Estado\u00bb; unos meses despu\u00e9s, se le somet\u00eda a un simulacro de ejecuci\u00f3n, y finalmente a una condena de ocho a\u00f1os de trabajos forzados en Siberia. En 1862 aparecer\u00eda en forma de libro \u00abMemorias de la [&hellip;]<\/p>\n","protected":false},"featured_media":5626,"template":"","meta":[],"product_brand":[],"product_cat":[25],"product_tag":[54,315,45,783],"class_list":{"0":"post-5649","1":"product","2":"type-product","3":"status-publish","4":"has-post-thumbnail","6":"product_cat-libros-digitales-ebooks","7":"product_tag-descargar-ebook","8":"product_tag-fiodor-dostoyevski","9":"product_tag-mejor-novela","10":"product_tag-memorias-de-la-casa-muerta","12":"first","13":"instock","14":"shipping-taxable","15":"purchasable","16":"product-type-variable","17":"has-default-attributes"},"_links":{"self":[{"href":"https:\/\/www.taller-palabras.com\/WordPress_04\/wp-json\/wp\/v2\/product\/5649","targetHints":{"allow":["GET"]}}],"collection":[{"href":"https:\/\/www.taller-palabras.com\/WordPress_04\/wp-json\/wp\/v2\/product"}],"about":[{"href":"https:\/\/www.taller-palabras.com\/WordPress_04\/wp-json\/wp\/v2\/types\/product"}],"wp:featuredmedia":[{"embeddable":true,"href":"https:\/\/www.taller-palabras.com\/WordPress_04\/wp-json\/wp\/v2\/media\/5626"}],"wp:attachment":[{"href":"https:\/\/www.taller-palabras.com\/WordPress_04\/wp-json\/wp\/v2\/media?parent=5649"}],"wp:term":[{"taxonomy":"product_brand","embeddable":true,"href":"https:\/\/www.taller-palabras.com\/WordPress_04\/wp-json\/wp\/v2\/product_brand?post=5649"},{"taxonomy":"product_cat","embeddable":true,"href":"https:\/\/www.taller-palabras.com\/WordPress_04\/wp-json\/wp\/v2\/product_cat?post=5649"},{"taxonomy":"product_tag","embeddable":true,"href":"https:\/\/www.taller-palabras.com\/WordPress_04\/wp-json\/wp\/v2\/product_tag?post=5649"}],"curies":[{"name":"wp","href":"https:\/\/api.w.org\/{rel}","templated":true}]}}