{"id":5653,"date":"2021-11-29T13:09:26","date_gmt":"2021-11-29T16:09:26","guid":{"rendered":"https:\/\/www.taller-palabras.com\/WordPress_04\/?post_type=product&#038;p=5653"},"modified":"2024-01-15T16:17:01","modified_gmt":"2024-01-15T19:17:01","slug":"memorias-del-subsuelo-fiodor-dostoyevski-ebook","status":"publish","type":"product","link":"https:\/\/www.taller-palabras.com\/WordPress_04\/producto\/memorias-del-subsuelo-fiodor-dostoyevski-ebook","title":{"rendered":"Memorias del subsuelo &#8211; Fiodor Dostoyevski \/ebook"},"content":{"rendered":"<figure id=\"attachment_2696\" aria-describedby=\"caption-attachment-2696\" style=\"width: 150px\" class=\"wp-caption alignleft\"><img loading=\"lazy\" decoding=\"async\" class=\"wp-image-2696 size-thumbnail\" src=\"https:\/\/www.taller-palabras.com\/WordPress_04\/wp-content\/uploads\/2020\/11\/FiodorDostoyevski-150x150.jpg\" alt=\"\" width=\"150\" height=\"150\" srcset=\"https:\/\/www.taller-palabras.com\/WordPress_04\/wp-content\/uploads\/2020\/11\/FiodorDostoyevski-150x150.jpg 150w, https:\/\/www.taller-palabras.com\/WordPress_04\/wp-content\/uploads\/2020\/11\/FiodorDostoyevski-100x100.jpg 100w\" sizes=\"auto, (max-width: 150px) 100vw, 150px\" \/><figcaption id=\"caption-attachment-2696\" class=\"wp-caption-text\">Autor Fiodor Dostoyevski<\/figcaption><\/figure>\n<p>Fyodor M. Dostoyevsky escribe \u00abMemorias del subsuelo\u00bb en un momento social y politico bastante complejo, al que se une la delicada situaci\u00f3n personal por la que el autor estaba atravesando: su mujer se mor\u00eda y su tormentosa relaci\u00f3n sentimental con una joven le causaba dudas y remordimientos que incid\u00edan en una evidente crisis personal. El resultado de esa situaci\u00f3n hist\u00f3rica, personal, vital y an\u00edmica es una obra que en pocas paginas concentra mas contenido filos\u00f3fico que ninguna otra obra del autor, y en la que se plantean las cuestiones mas extremas que un hombre pueda hacer. \u00abMemorias del subsuelo\u00bb es una obra contradictoria, no exenta de matices. En forma de dialogo, un hombre sin nombre ni identidad concreta, excepto la de ser un funcionario, como se presenta a si mismo desde las primeras paginas, va narrando las memorias de su tragedia personal. Dostoievski logra crear con el uno de los mejores y mas impactantes antiheroes de su ingente producci\u00f3n novel\u00edstica, como lo son Raskolnikov o Ivan Karamazov, un sujeto retorico de dif\u00edcil imitaci\u00f3n, en el que las ra\u00edces eslav\u00f3filas y el innegable rechazo a la imposici\u00f3n burocr\u00e1tica se a\u00fanan en todo un tratado.<\/p>\n","protected":false},"excerpt":{"rendered":"<p>Fyodor M. Dostoyevsky escribe \u00abMemorias del subsuelo\u00bb en un momento social y politico bastante complejo, al que se une la delicada situaci\u00f3n personal por la que el autor estaba atravesando: su mujer se mor\u00eda y su tormentosa relaci\u00f3n sentimental con una joven le causaba dudas y remordimientos que incid\u00edan en una evidente crisis personal. El [&hellip;]<\/p>\n","protected":false},"featured_media":5629,"template":"","meta":[],"product_brand":[],"product_cat":[25],"product_tag":[54,315,45,784],"class_list":{"0":"post-5653","1":"product","2":"type-product","3":"status-publish","4":"has-post-thumbnail","6":"product_cat-libros-digitales-ebooks","7":"product_tag-descargar-ebook","8":"product_tag-fiodor-dostoyevski","9":"product_tag-mejor-novela","10":"product_tag-memorias-del-subsuelo","12":"first","13":"instock","14":"shipping-taxable","15":"purchasable","16":"product-type-variable","17":"has-default-attributes"},"_links":{"self":[{"href":"https:\/\/www.taller-palabras.com\/WordPress_04\/wp-json\/wp\/v2\/product\/5653","targetHints":{"allow":["GET"]}}],"collection":[{"href":"https:\/\/www.taller-palabras.com\/WordPress_04\/wp-json\/wp\/v2\/product"}],"about":[{"href":"https:\/\/www.taller-palabras.com\/WordPress_04\/wp-json\/wp\/v2\/types\/product"}],"wp:featuredmedia":[{"embeddable":true,"href":"https:\/\/www.taller-palabras.com\/WordPress_04\/wp-json\/wp\/v2\/media\/5629"}],"wp:attachment":[{"href":"https:\/\/www.taller-palabras.com\/WordPress_04\/wp-json\/wp\/v2\/media?parent=5653"}],"wp:term":[{"taxonomy":"product_brand","embeddable":true,"href":"https:\/\/www.taller-palabras.com\/WordPress_04\/wp-json\/wp\/v2\/product_brand?post=5653"},{"taxonomy":"product_cat","embeddable":true,"href":"https:\/\/www.taller-palabras.com\/WordPress_04\/wp-json\/wp\/v2\/product_cat?post=5653"},{"taxonomy":"product_tag","embeddable":true,"href":"https:\/\/www.taller-palabras.com\/WordPress_04\/wp-json\/wp\/v2\/product_tag?post=5653"}],"curies":[{"name":"wp","href":"https:\/\/api.w.org\/{rel}","templated":true}]}}