{"id":5657,"date":"2021-11-29T13:15:10","date_gmt":"2021-11-29T16:15:10","guid":{"rendered":"https:\/\/www.taller-palabras.com\/WordPress_04\/?post_type=product&#038;p=5657"},"modified":"2024-01-15T16:36:06","modified_gmt":"2024-01-15T19:36:06","slug":"pobre-gente-fiodor-dostoyevski-ebook","status":"publish","type":"product","link":"https:\/\/www.taller-palabras.com\/WordPress_04\/producto\/pobre-gente-fiodor-dostoyevski-ebook","title":{"rendered":"Pobre gente &#8211; Fiodor Dostoyevski \/ebook"},"content":{"rendered":"<figure id=\"attachment_2696\" aria-describedby=\"caption-attachment-2696\" style=\"width: 150px\" class=\"wp-caption alignleft\"><img loading=\"lazy\" decoding=\"async\" class=\"wp-image-2696 size-thumbnail\" src=\"https:\/\/www.taller-palabras.com\/WordPress_04\/wp-content\/uploads\/2020\/11\/FiodorDostoyevski-150x150.jpg\" alt=\"\" width=\"150\" height=\"150\" srcset=\"https:\/\/www.taller-palabras.com\/WordPress_04\/wp-content\/uploads\/2020\/11\/FiodorDostoyevski-150x150.jpg 150w, https:\/\/www.taller-palabras.com\/WordPress_04\/wp-content\/uploads\/2020\/11\/FiodorDostoyevski-100x100.jpg 100w\" sizes=\"auto, (max-width: 150px) 100vw, 150px\" \/><figcaption id=\"caption-attachment-2696\" class=\"wp-caption-text\">Autor Fiodor Dostoyevski<\/figcaption><\/figure>\n<p>La primera novela de Dostoievski, una espl\u00e9ndida historia de amor llena de patetismo que anuncia todos los temas de su obra posterior. Dostoievski nos ofrece un soberbio retrato de la vida de la gente humilde de la capital rusa a trav\u00e9s de la correspondencia entre el modesto funcionario Makar Aleks\u00e9ievich D\u00e9vushkin, ya entr ado en a\u00f1os, y su pariente lejana Varvara Aleks\u00e9ievna Dobroselova, una joven hu\u00e9rfana a la que protege y por la que siente un amor presuntamente paternal. Siendo vecinos, apenas se ven para evitar habladur\u00edas, por lo que se comunican casi diariamente a trav\u00e9s de cartas. En total, la novela consta de 31 cartas de Makar Aleks\u00e9ievich y de 24 de Varvara Aleks\u00e9ievna a lo largo de medio a\u00f1o hasta que la correspondencia se interrumpe con motivo de la partida de la joven para casarse con un hombre al que no ama.<\/p>\n","protected":false},"excerpt":{"rendered":"<p>La primera novela de Dostoievski, una espl\u00e9ndida historia de amor llena de patetismo que anuncia todos los temas de su obra posterior. Dostoievski nos ofrece un soberbio retrato de la vida de la gente humilde de la capital rusa a trav\u00e9s de la correspondencia entre el modesto funcionario Makar Aleks\u00e9ievich D\u00e9vushkin, ya entr ado en [&hellip;]<\/p>\n","protected":false},"featured_media":5628,"template":"","meta":[],"product_brand":[],"product_cat":[25],"product_tag":[54,315,45,785],"class_list":{"0":"post-5657","1":"product","2":"type-product","3":"status-publish","4":"has-post-thumbnail","6":"product_cat-libros-digitales-ebooks","7":"product_tag-descargar-ebook","8":"product_tag-fiodor-dostoyevski","9":"product_tag-mejor-novela","10":"product_tag-pobre-gente","12":"first","13":"instock","14":"shipping-taxable","15":"purchasable","16":"product-type-variable","17":"has-default-attributes"},"_links":{"self":[{"href":"https:\/\/www.taller-palabras.com\/WordPress_04\/wp-json\/wp\/v2\/product\/5657","targetHints":{"allow":["GET"]}}],"collection":[{"href":"https:\/\/www.taller-palabras.com\/WordPress_04\/wp-json\/wp\/v2\/product"}],"about":[{"href":"https:\/\/www.taller-palabras.com\/WordPress_04\/wp-json\/wp\/v2\/types\/product"}],"wp:featuredmedia":[{"embeddable":true,"href":"https:\/\/www.taller-palabras.com\/WordPress_04\/wp-json\/wp\/v2\/media\/5628"}],"wp:attachment":[{"href":"https:\/\/www.taller-palabras.com\/WordPress_04\/wp-json\/wp\/v2\/media?parent=5657"}],"wp:term":[{"taxonomy":"product_brand","embeddable":true,"href":"https:\/\/www.taller-palabras.com\/WordPress_04\/wp-json\/wp\/v2\/product_brand?post=5657"},{"taxonomy":"product_cat","embeddable":true,"href":"https:\/\/www.taller-palabras.com\/WordPress_04\/wp-json\/wp\/v2\/product_cat?post=5657"},{"taxonomy":"product_tag","embeddable":true,"href":"https:\/\/www.taller-palabras.com\/WordPress_04\/wp-json\/wp\/v2\/product_tag?post=5657"}],"curies":[{"name":"wp","href":"https:\/\/api.w.org\/{rel}","templated":true}]}}