{"id":5681,"date":"2022-04-16T14:57:06","date_gmt":"2022-04-16T17:57:06","guid":{"rendered":"https:\/\/www.taller-palabras.com\/WordPress_04\/?post_type=product&#038;p=5681"},"modified":"2024-07-10T16:53:13","modified_gmt":"2024-07-10T19:53:13","slug":"la-hermana-perla-4-lucinda-riley-ebook","status":"publish","type":"product","link":"https:\/\/www.taller-palabras.com\/WordPress_04\/producto\/la-hermana-perla-4-lucinda-riley-ebook","title":{"rendered":"Saga: La hermana perla (4) &#8211; Lucinda Riley \/ebook"},"content":{"rendered":"<figure id=\"attachment_5506\" aria-describedby=\"caption-attachment-5506\" style=\"width: 150px\" class=\"wp-caption alignleft\"><img loading=\"lazy\" decoding=\"async\" class=\"wp-image-5506 size-thumbnail\" src=\"https:\/\/www.taller-palabras.com\/WordPress_04\/wp-content\/uploads\/2022\/04\/Lucinda-Ridley-150x150.jpg\" alt=\"\" width=\"150\" height=\"150\" srcset=\"https:\/\/www.taller-palabras.com\/WordPress_04\/wp-content\/uploads\/2022\/04\/Lucinda-Ridley-150x150.jpg 150w, https:\/\/www.taller-palabras.com\/WordPress_04\/wp-content\/uploads\/2022\/04\/Lucinda-Ridley-100x100.jpg 100w\" sizes=\"auto, (max-width: 150px) 100vw, 150px\" \/><figcaption id=\"caption-attachment-5506\" class=\"wp-caption-text\">Autora Lucinda Riley<\/figcaption><\/figure>\n<p>CeCe D&#8217;Apli\u00e8se nunca ha encajado en ning\u00fan lugar. Tras la muerte de su padre, el misterioso multimillonario Pa Salt, que adopt\u00f3 a las seis hermanas desde distintas partes del mundo, se encuentra en una encrucijada: ha dejado la escuela de arte y su hermana Star se distancia de ella para perseguir su sue\u00f1o. A la desesperada decide huir de Londres y descubrir su pasado. Las \u00fanicas pistas que tiene son una fotograf\u00eda y el nombre de una mujer pionera que vivi\u00f3 en Australia hace un siglo. De camino hacia Sidney hace parada en el \u00fanico lugar donde se ha sentido ella misma: las playas de Krabi en Tailandia, donde conoce al misterioso Ace. Cien a\u00f1os antes, Kitty McBride, hija de un reverendo de Edimburgo, viaja a Australia como dama de compa\u00f1\u00eda de la acaudalada Sra. McCrombie. En Adelaida su destino se ve unido a la rica familia, incluidos los id\u00e9nticos aunque muy diferentes gemelos, el impetuoso Drummond y el ambicioso Andrew, heredero de una fortuna en la industria de la perla.<\/p>\n","protected":false},"excerpt":{"rendered":"<p>CeCe D&#8217;Apli\u00e8se nunca ha encajado en ning\u00fan lugar. Tras la muerte de su padre, el misterioso multimillonario Pa Salt, que adopt\u00f3 a las seis hermanas desde distintas partes del mundo, se encuentra en una encrucijada: ha dejado la escuela de arte y su hermana Star se distancia de ella para perseguir su sue\u00f1o. A la [&hellip;]<\/p>\n","protected":false},"featured_media":5671,"template":"","meta":[],"product_brand":[],"product_cat":[25,47],"product_tag":[54,787,762,45],"class_list":{"0":"post-5681","1":"product","2":"type-product","3":"status-publish","4":"has-post-thumbnail","6":"product_cat-libros-digitales-ebooks","7":"product_cat-libros-digitales-sagas","8":"product_tag-descargar-ebook","9":"product_tag-la-hermana-perla","10":"product_tag-lucinda-riley","11":"product_tag-mejor-novela","13":"first","14":"instock","15":"shipping-taxable","16":"purchasable","17":"product-type-variable","18":"has-default-attributes"},"_links":{"self":[{"href":"https:\/\/www.taller-palabras.com\/WordPress_04\/wp-json\/wp\/v2\/product\/5681","targetHints":{"allow":["GET"]}}],"collection":[{"href":"https:\/\/www.taller-palabras.com\/WordPress_04\/wp-json\/wp\/v2\/product"}],"about":[{"href":"https:\/\/www.taller-palabras.com\/WordPress_04\/wp-json\/wp\/v2\/types\/product"}],"wp:featuredmedia":[{"embeddable":true,"href":"https:\/\/www.taller-palabras.com\/WordPress_04\/wp-json\/wp\/v2\/media\/5671"}],"wp:attachment":[{"href":"https:\/\/www.taller-palabras.com\/WordPress_04\/wp-json\/wp\/v2\/media?parent=5681"}],"wp:term":[{"taxonomy":"product_brand","embeddable":true,"href":"https:\/\/www.taller-palabras.com\/WordPress_04\/wp-json\/wp\/v2\/product_brand?post=5681"},{"taxonomy":"product_cat","embeddable":true,"href":"https:\/\/www.taller-palabras.com\/WordPress_04\/wp-json\/wp\/v2\/product_cat?post=5681"},{"taxonomy":"product_tag","embeddable":true,"href":"https:\/\/www.taller-palabras.com\/WordPress_04\/wp-json\/wp\/v2\/product_tag?post=5681"}],"curies":[{"name":"wp","href":"https:\/\/api.w.org\/{rel}","templated":true}]}}