{"id":5685,"date":"2022-04-17T12:28:44","date_gmt":"2022-04-17T15:28:44","guid":{"rendered":"https:\/\/www.taller-palabras.com\/WordPress_04\/?post_type=product&#038;p=5685"},"modified":"2024-07-22T16:27:53","modified_gmt":"2024-07-22T19:27:53","slug":"las-llanuras-del-transito-4-jean-m-auel-ebook","status":"publish","type":"product","link":"https:\/\/www.taller-palabras.com\/WordPress_04\/producto\/las-llanuras-del-transito-4-jean-m-auel-ebook","title":{"rendered":"Saga: Las llanuras del transito (4) &#8211; Jean M. Auel \/ebook"},"content":{"rendered":"<p>&nbsp;<\/p>\n<figure id=\"attachment_2282\" aria-describedby=\"caption-attachment-2282\" style=\"width: 150px\" class=\"wp-caption alignleft\"><img loading=\"lazy\" decoding=\"async\" class=\"wp-image-2282 size-thumbnail\" src=\"https:\/\/www.taller-palabras.com\/WordPress_04\/wp-content\/uploads\/2020\/08\/JeanAuel-150x150.jpg\" alt=\"\" width=\"150\" height=\"150\" srcset=\"https:\/\/www.taller-palabras.com\/WordPress_04\/wp-content\/uploads\/2020\/08\/JeanAuel-150x150.jpg 150w, https:\/\/www.taller-palabras.com\/WordPress_04\/wp-content\/uploads\/2020\/08\/JeanAuel-100x100.jpg 100w\" sizes=\"auto, (max-width: 150px) 100vw, 150px\" \/><figcaption id=\"caption-attachment-2282\" class=\"wp-caption-text\">Autora Jean M. Auel<\/figcaption><\/figure>\n<p>Cuando ya parec\u00eda que la pareja Ayla-Jondalar estaba firmemente estabilizada y que se iban a integrar en aquella tribu de &#8216;Cazadores&#8217;, surgen, los celos. Ayla y Jondalar van a emprender el gran viaje a trav\u00e9s del mundo conocido, y en ese recorrido, que durar\u00e1 m\u00e1s de un a\u00f1o, se encontrar\u00e1n con un medio natural inh\u00f3spito y cambiante, que les impide encontrar un lugar d\u00f3nde asentarse y establecer su hogar.<\/p>\n<p>&nbsp;<\/p>\n","protected":false},"excerpt":{"rendered":"<p>&nbsp; Cuando ya parec\u00eda que la pareja Ayla-Jondalar estaba firmemente estabilizada y que se iban a integrar en aquella tribu de &#8216;Cazadores&#8217;, surgen, los celos. Ayla y Jondalar van a emprender el gran viaje a trav\u00e9s del mundo conocido, y en ese recorrido, que durar\u00e1 m\u00e1s de un a\u00f1o, se encontrar\u00e1n con un medio natural [&hellip;]<\/p>\n","protected":false},"featured_media":5669,"template":"","meta":[],"product_brand":[],"product_cat":[25,47],"product_tag":[54,760,788,45],"class_list":{"0":"post-5685","1":"product","2":"type-product","3":"status-publish","4":"has-post-thumbnail","6":"product_cat-libros-digitales-ebooks","7":"product_cat-libros-digitales-sagas","8":"product_tag-descargar-ebook","9":"product_tag-jean-m-auel","10":"product_tag-las-llanuras-del-transito","11":"product_tag-mejor-novela","13":"first","14":"instock","15":"shipping-taxable","16":"purchasable","17":"product-type-variable","18":"has-default-attributes"},"_links":{"self":[{"href":"https:\/\/www.taller-palabras.com\/WordPress_04\/wp-json\/wp\/v2\/product\/5685","targetHints":{"allow":["GET"]}}],"collection":[{"href":"https:\/\/www.taller-palabras.com\/WordPress_04\/wp-json\/wp\/v2\/product"}],"about":[{"href":"https:\/\/www.taller-palabras.com\/WordPress_04\/wp-json\/wp\/v2\/types\/product"}],"wp:featuredmedia":[{"embeddable":true,"href":"https:\/\/www.taller-palabras.com\/WordPress_04\/wp-json\/wp\/v2\/media\/5669"}],"wp:attachment":[{"href":"https:\/\/www.taller-palabras.com\/WordPress_04\/wp-json\/wp\/v2\/media?parent=5685"}],"wp:term":[{"taxonomy":"product_brand","embeddable":true,"href":"https:\/\/www.taller-palabras.com\/WordPress_04\/wp-json\/wp\/v2\/product_brand?post=5685"},{"taxonomy":"product_cat","embeddable":true,"href":"https:\/\/www.taller-palabras.com\/WordPress_04\/wp-json\/wp\/v2\/product_cat?post=5685"},{"taxonomy":"product_tag","embeddable":true,"href":"https:\/\/www.taller-palabras.com\/WordPress_04\/wp-json\/wp\/v2\/product_tag?post=5685"}],"curies":[{"name":"wp","href":"https:\/\/api.w.org\/{rel}","templated":true}]}}