{"id":5697,"date":"2022-04-16T14:50:47","date_gmt":"2022-04-16T17:50:47","guid":{"rendered":"https:\/\/www.taller-palabras.com\/WordPress_04\/?post_type=product&#038;p=5697"},"modified":"2024-07-06T13:22:13","modified_gmt":"2024-07-06T16:22:13","slug":"la-hermana-luna-5-lucinda-riley-ebook","status":"publish","type":"product","link":"https:\/\/www.taller-palabras.com\/WordPress_04\/producto\/la-hermana-luna-5-lucinda-riley-ebook","title":{"rendered":"Saga: La hermana Luna (5) &#8211; Lucinda Riley \/ebook"},"content":{"rendered":"<figure id=\"attachment_5506\" aria-describedby=\"caption-attachment-5506\" style=\"width: 150px\" class=\"wp-caption alignleft\"><img loading=\"lazy\" decoding=\"async\" class=\"wp-image-5506 size-thumbnail\" src=\"https:\/\/www.taller-palabras.com\/WordPress_04\/wp-content\/uploads\/2022\/04\/Lucinda-Ridley-150x150.jpg\" alt=\"\" width=\"150\" height=\"150\" srcset=\"https:\/\/www.taller-palabras.com\/WordPress_04\/wp-content\/uploads\/2022\/04\/Lucinda-Ridley-150x150.jpg 150w, https:\/\/www.taller-palabras.com\/WordPress_04\/wp-content\/uploads\/2022\/04\/Lucinda-Ridley-100x100.jpg 100w\" sizes=\"auto, (max-width: 150px) 100vw, 150px\" \/><figcaption id=\"caption-attachment-5506\" class=\"wp-caption-text\">Autora Lucinda Riley<\/figcaption><\/figure>\n<p>\u00abLa hermana luna\u00bb es el quinto volumen de la emocionante saga de Lucinda Riley Las Siete Hermanas, una serie de novelas basada en la mitolog\u00eda griega y en la astrolog\u00eda que enamorar\u00e1 a sus lectoras y que en este caso nos transporta a Granada, Barcelona y Madrid. Siete hermanas, siete destinos, un padre con un pasado misterioso\u2026 Cuando Tiggy D\u2019Apli\u00e8se acepta trabajar en una de las zonas m\u00e1s rec\u00f3nditas de Escocia, en concreto en la enorme finca Kinnaird, nada le hace sospechar que el misterioso terrateniente, Charlie Kinnaird, est\u00e1 a punto de alterar su futuro e, ir\u00f3nicamente, revelarle su pasado. En su nuevo hogar Tiggy descubrir\u00e1 que tiene un don, el sexto sentido, una herencia de sus antepasados gitanos. Luc\u00eda Amaya-Albayc\u00edn naci\u00f3 en 1912 en el barrio del Sacromonte, frente a la Alhambra, y la apodaron \u00abLa Candela\u00bb. En su destino est\u00e1 escrito convertirse en una de las grandes bailarinas de la historia, y por eso su padre se la lleva a los bares de flamenco de Barcelona con solo diez a\u00f1os. Al estallar la Guerra Civil, Luc\u00eda y su grupo de bailaores se ven obligados a buscar refugio en Nueva York. Pero para ver cumplido su sue\u00f1o Luc\u00eda tendr\u00e1 que elegir entre la pasi\u00f3n por el baile o el hombre al que ama\u2026 Conforme conoce sus ra\u00edces espa\u00f1olas y desentra\u00f1a el pasado de su familia, Tiggy comienza a aceptar y a controlar su don sin saber que ella tambi\u00e9n deber\u00e1 tomar una dif\u00edcil decisi\u00f3n, no muy distinta a la que en su d\u00eda afront\u00f3 Luc\u00eda.<\/p>\n","protected":false},"excerpt":{"rendered":"<p>\u00abLa hermana luna\u00bb es el quinto volumen de la emocionante saga de Lucinda Riley Las Siete Hermanas, una serie de novelas basada en la mitolog\u00eda griega y en la astrolog\u00eda que enamorar\u00e1 a sus lectoras y que en este caso nos transporta a Granada, Barcelona y Madrid. Siete hermanas, siete destinos, un padre con un [&hellip;]<\/p>\n","protected":false},"featured_media":5701,"template":"","meta":[],"product_brand":[],"product_cat":[25,47],"product_tag":[54,791,762,45],"class_list":{"0":"post-5697","1":"product","2":"type-product","3":"status-publish","4":"has-post-thumbnail","6":"product_cat-libros-digitales-ebooks","7":"product_cat-libros-digitales-sagas","8":"product_tag-descargar-ebook","9":"product_tag-la-hermana-luna","10":"product_tag-lucinda-riley","11":"product_tag-mejor-novela","13":"first","14":"instock","15":"shipping-taxable","16":"purchasable","17":"product-type-variable","18":"has-default-attributes"},"_links":{"self":[{"href":"https:\/\/www.taller-palabras.com\/WordPress_04\/wp-json\/wp\/v2\/product\/5697","targetHints":{"allow":["GET"]}}],"collection":[{"href":"https:\/\/www.taller-palabras.com\/WordPress_04\/wp-json\/wp\/v2\/product"}],"about":[{"href":"https:\/\/www.taller-palabras.com\/WordPress_04\/wp-json\/wp\/v2\/types\/product"}],"wp:featuredmedia":[{"embeddable":true,"href":"https:\/\/www.taller-palabras.com\/WordPress_04\/wp-json\/wp\/v2\/media\/5701"}],"wp:attachment":[{"href":"https:\/\/www.taller-palabras.com\/WordPress_04\/wp-json\/wp\/v2\/media?parent=5697"}],"wp:term":[{"taxonomy":"product_brand","embeddable":true,"href":"https:\/\/www.taller-palabras.com\/WordPress_04\/wp-json\/wp\/v2\/product_brand?post=5697"},{"taxonomy":"product_cat","embeddable":true,"href":"https:\/\/www.taller-palabras.com\/WordPress_04\/wp-json\/wp\/v2\/product_cat?post=5697"},{"taxonomy":"product_tag","embeddable":true,"href":"https:\/\/www.taller-palabras.com\/WordPress_04\/wp-json\/wp\/v2\/product_tag?post=5697"}],"curies":[{"name":"wp","href":"https:\/\/api.w.org\/{rel}","templated":true}]}}