{"id":5724,"date":"2022-05-21T11:43:10","date_gmt":"2022-05-21T14:43:10","guid":{"rendered":"https:\/\/www.taller-palabras.com\/WordPress_04\/?post_type=product&#038;p=5724"},"modified":"2024-03-06T12:26:07","modified_gmt":"2024-03-06T15:26:07","slug":"zen-en-el-arte-de-escribir-ray-bradbury-ebook","status":"publish","type":"product","link":"https:\/\/www.taller-palabras.com\/WordPress_04\/producto\/zen-en-el-arte-de-escribir-ray-bradbury-ebook","title":{"rendered":"Zen en el arte de escribir &#8211; Ray Bradbury \/ebook"},"content":{"rendered":"<figure id=\"attachment_3873\" aria-describedby=\"caption-attachment-3873\" style=\"width: 150px\" class=\"wp-caption alignleft\"><img loading=\"lazy\" decoding=\"async\" class=\"wp-image-3873 size-thumbnail\" src=\"https:\/\/www.taller-palabras.com\/WordPress_04\/wp-content\/uploads\/2021\/06\/Ray_Bradbury-150x150.jpg\" alt=\"\" width=\"150\" height=\"150\" srcset=\"https:\/\/www.taller-palabras.com\/WordPress_04\/wp-content\/uploads\/2021\/06\/Ray_Bradbury-150x150.jpg 150w, https:\/\/www.taller-palabras.com\/WordPress_04\/wp-content\/uploads\/2021\/06\/Ray_Bradbury-100x100.jpg 100w\" sizes=\"auto, (max-width: 150px) 100vw, 150px\" \/><figcaption id=\"caption-attachment-3873\" class=\"wp-caption-text\">Autor Ray Bradbury<\/figcaption><\/figure>\n<p>Once exuberantes ensayos sobre el placer de escribir por uno de los m\u00e1s imaginativos y prol\u00edficos autores del siglo veinte, un escritor que disfruta en verdad de su oficio y nos explica por qu\u00e9 y c\u00f3mo. Bradbury examina con sabidur\u00eda y entusiasmo toda una vida dedicada a la creaci\u00f3n y a la composici\u00f3n de docenas de cuentos, novelas, guiones de pel\u00edculas, obras de teatro, programas de televisi\u00f3n y musicales. Refrescantes y directos, los once ensayos tienen un tema \u00fanico y com\u00fan: escribir es una celebraci\u00f3n, no una pesada tarea. No se detiene, como otros libros sobre el arte de escribir, en minucias t\u00e9cnicas ni en la presentaci\u00f3n de una p\u00e1gina, sino que Bradbury nos habla de la fiebre, el ardor, la felicidad que \u00e9l ha encontrado en el acto de escribir y nos dice que estos hallazgos tambi\u00e9n pueden ser nuestros. La necesidad de plasmar en el papel aquello que permanece sumergido en el inconsciente durante mucho tiempo no puede ser una ardua tarea dirigida a lectores o cr\u00edticos, sino a uno mismo. Detalles autobiogr\u00e1ficos, junto con la b\u00fasqueda de las Musas, el impulso de plasmar deseos y motivaciones en equilibrio con unos personajes vivos, fiel a lo que \u00e9l llama sus impulsos inconscientes y recuerdos, todo ello tiene cabida en el proceso creativo de Ray Bradbury. Los lectores de Bradbury se deleitar\u00e1n cuando descubran c\u00f3mo surgieron algunas de sus novelas y sus colecciones de relatos cortos.<\/p>\n","protected":false},"excerpt":{"rendered":"<p>Once exuberantes ensayos sobre el placer de escribir por uno de los m\u00e1s imaginativos y prol\u00edficos autores del siglo veinte, un escritor que disfruta en verdad de su oficio y nos explica por qu\u00e9 y c\u00f3mo. Bradbury examina con sabidur\u00eda y entusiasmo toda una vida dedicada a la creaci\u00f3n y a la composici\u00f3n de docenas [&hellip;]<\/p>\n","protected":false},"featured_media":5723,"template":"","meta":[],"product_brand":[],"product_cat":[25],"product_tag":[54,45,490,792],"class_list":{"0":"post-5724","1":"product","2":"type-product","3":"status-publish","4":"has-post-thumbnail","6":"product_cat-libros-digitales-ebooks","7":"product_tag-descargar-ebook","8":"product_tag-mejor-novela","9":"product_tag-ray-bradbury","10":"product_tag-zen-en-el-arte-de-escribir","12":"first","13":"instock","14":"shipping-taxable","15":"purchasable","16":"product-type-variable","17":"has-default-attributes"},"_links":{"self":[{"href":"https:\/\/www.taller-palabras.com\/WordPress_04\/wp-json\/wp\/v2\/product\/5724","targetHints":{"allow":["GET"]}}],"collection":[{"href":"https:\/\/www.taller-palabras.com\/WordPress_04\/wp-json\/wp\/v2\/product"}],"about":[{"href":"https:\/\/www.taller-palabras.com\/WordPress_04\/wp-json\/wp\/v2\/types\/product"}],"wp:featuredmedia":[{"embeddable":true,"href":"https:\/\/www.taller-palabras.com\/WordPress_04\/wp-json\/wp\/v2\/media\/5723"}],"wp:attachment":[{"href":"https:\/\/www.taller-palabras.com\/WordPress_04\/wp-json\/wp\/v2\/media?parent=5724"}],"wp:term":[{"taxonomy":"product_brand","embeddable":true,"href":"https:\/\/www.taller-palabras.com\/WordPress_04\/wp-json\/wp\/v2\/product_brand?post=5724"},{"taxonomy":"product_cat","embeddable":true,"href":"https:\/\/www.taller-palabras.com\/WordPress_04\/wp-json\/wp\/v2\/product_cat?post=5724"},{"taxonomy":"product_tag","embeddable":true,"href":"https:\/\/www.taller-palabras.com\/WordPress_04\/wp-json\/wp\/v2\/product_tag?post=5724"}],"curies":[{"name":"wp","href":"https:\/\/api.w.org\/{rel}","templated":true}]}}