{"id":5779,"date":"2022-06-02T13:40:00","date_gmt":"2022-06-02T16:40:00","guid":{"rendered":"https:\/\/www.taller-palabras.com\/WordPress_04\/?post_type=product&#038;p=5779"},"modified":"2024-07-29T12:46:46","modified_gmt":"2024-07-29T15:46:46","slug":"miss-peregrine-y-los-ninos-peculiares-ransom-riggs-ebook","status":"publish","type":"product","link":"https:\/\/www.taller-palabras.com\/WordPress_04\/producto\/miss-peregrine-y-los-ninos-peculiares-ransom-riggs-ebook","title":{"rendered":"Miss Peregrine y los ni\u00f1os peculiares &#8211; Ransom Riggs \/ebook"},"content":{"rendered":"<figure id=\"attachment_5785\" aria-describedby=\"caption-attachment-5785\" style=\"width: 150px\" class=\"wp-caption alignleft\"><img loading=\"lazy\" decoding=\"async\" class=\"wp-image-5785 size-thumbnail\" src=\"https:\/\/www.taller-palabras.com\/WordPress_04\/wp-content\/uploads\/2022\/06\/RansomRigg-150x150.jpg\" alt=\"\" width=\"150\" height=\"150\" srcset=\"https:\/\/www.taller-palabras.com\/WordPress_04\/wp-content\/uploads\/2022\/06\/RansomRigg-150x150.jpg 150w, https:\/\/www.taller-palabras.com\/WordPress_04\/wp-content\/uploads\/2022\/06\/RansomRigg-100x100.jpg 100w\" sizes=\"auto, (max-width: 150px) 100vw, 150px\" \/><figcaption id=\"caption-attachment-5785\" class=\"wp-caption-text\">Autor Ransom Riggs<\/figcaption><\/figure>\n<p>El hogar de Miss Peregrine para ni\u00f1os peculiares es una enigm\u00e1tica historia sobre ni\u00f1os extraordinarios y monstruos oscuros; una fantas\u00eda escalofriante ilustrada con inquietantes fotograf\u00edas vintage que deleitar\u00e1 a j\u00f3venes y adultos. De ni\u00f1o, Jacob cre\u00f3 un vinculo muy especial con su abuelo, que le contaba extra\u00f1as historias y le ense\u00f1aba fotograf\u00edas de ni\u00f1as levitando y ni\u00f1os invisibles. Ahora, siguiendo la pista de una misteriosa carta, emprende un viaje hacia la isla remota de Gales en la que su abuelo se cri\u00f3. All\u00ed, encuentra vivos a los ni\u00f1os y ni\u00f1as de las fotograf\u00edas aunque los lugare\u00f1os afirmen que murieron hace muchos a\u00f1os.<\/p>\n","protected":false},"excerpt":{"rendered":"<p>El hogar de Miss Peregrine para ni\u00f1os peculiares es una enigm\u00e1tica historia sobre ni\u00f1os extraordinarios y monstruos oscuros; una fantas\u00eda escalofriante ilustrada con inquietantes fotograf\u00edas vintage que deleitar\u00e1 a j\u00f3venes y adultos. De ni\u00f1o, Jacob cre\u00f3 un vinculo muy especial con su abuelo, que le contaba extra\u00f1as historias y le ense\u00f1aba fotograf\u00edas de ni\u00f1as levitando [&hellip;]<\/p>\n","protected":false},"featured_media":5789,"template":"","meta":[],"product_brand":[],"product_cat":[25],"product_tag":[54,45,807,806],"class_list":{"0":"post-5779","1":"product","2":"type-product","3":"status-publish","4":"has-post-thumbnail","6":"product_cat-libros-digitales-ebooks","7":"product_tag-descargar-ebook","8":"product_tag-mejor-novela","9":"product_tag-miss-peregrine-y-los-ninos-peculiares","10":"product_tag-ransom-riggs","12":"first","13":"instock","14":"shipping-taxable","15":"purchasable","16":"product-type-variable","17":"has-default-attributes"},"_links":{"self":[{"href":"https:\/\/www.taller-palabras.com\/WordPress_04\/wp-json\/wp\/v2\/product\/5779","targetHints":{"allow":["GET"]}}],"collection":[{"href":"https:\/\/www.taller-palabras.com\/WordPress_04\/wp-json\/wp\/v2\/product"}],"about":[{"href":"https:\/\/www.taller-palabras.com\/WordPress_04\/wp-json\/wp\/v2\/types\/product"}],"wp:featuredmedia":[{"embeddable":true,"href":"https:\/\/www.taller-palabras.com\/WordPress_04\/wp-json\/wp\/v2\/media\/5789"}],"wp:attachment":[{"href":"https:\/\/www.taller-palabras.com\/WordPress_04\/wp-json\/wp\/v2\/media?parent=5779"}],"wp:term":[{"taxonomy":"product_brand","embeddable":true,"href":"https:\/\/www.taller-palabras.com\/WordPress_04\/wp-json\/wp\/v2\/product_brand?post=5779"},{"taxonomy":"product_cat","embeddable":true,"href":"https:\/\/www.taller-palabras.com\/WordPress_04\/wp-json\/wp\/v2\/product_cat?post=5779"},{"taxonomy":"product_tag","embeddable":true,"href":"https:\/\/www.taller-palabras.com\/WordPress_04\/wp-json\/wp\/v2\/product_tag?post=5779"}],"curies":[{"name":"wp","href":"https:\/\/api.w.org\/{rel}","templated":true}]}}