{"id":5803,"date":"2022-06-02T14:08:49","date_gmt":"2022-06-02T17:08:49","guid":{"rendered":"https:\/\/www.taller-palabras.com\/WordPress_04\/?post_type=product&#038;p=5803"},"modified":"2024-07-29T13:48:51","modified_gmt":"2024-07-29T16:48:51","slug":"la-magia-de-ser-sofia-elisabet-benavent-ebook","status":"publish","type":"product","link":"https:\/\/www.taller-palabras.com\/WordPress_04\/producto\/la-magia-de-ser-sofia-elisabet-benavent-ebook","title":{"rendered":"Saga: La magia de ser Sofia (1) &#8211; Elisabet Benavent \/ebook"},"content":{"rendered":"<figure id=\"attachment_5783\" aria-describedby=\"caption-attachment-5783\" style=\"width: 150px\" class=\"wp-caption alignleft\"><img loading=\"lazy\" decoding=\"async\" class=\"wp-image-5783 size-thumbnail\" src=\"https:\/\/www.taller-palabras.com\/WordPress_04\/wp-content\/uploads\/2022\/06\/Elizabetbenavent-150x150.jpg\" alt=\"\" width=\"150\" height=\"150\" srcset=\"https:\/\/www.taller-palabras.com\/WordPress_04\/wp-content\/uploads\/2022\/06\/Elizabetbenavent-150x150.jpg 150w, https:\/\/www.taller-palabras.com\/WordPress_04\/wp-content\/uploads\/2022\/06\/Elizabetbenavent-100x100.jpg 100w\" sizes=\"auto, (max-width: 150px) 100vw, 150px\" \/><figcaption id=\"caption-attachment-5783\" class=\"wp-caption-text\">Autora Elisabet Benavent<\/figcaption><\/figure>\n<p>Sof\u00eda tiene tres amores: su gata \u00abHolly\u00bb, los libros y El caf\u00e9 de Alejandr\u00eda. Sof\u00eda trabaja all\u00ed como camarera y es feliz. Sof\u00eda no tiene pareja y tampoco la busca, aunque desear\u00eda encontrar la magia. Sof\u00eda experimenta un chispazo cuando \u00e9l cruza por primera vez la puerta. \u00c9l aparece por casualidad guiado por el aroma de las part\u00edculas de caf\u00e9&#8230; o tal vez por el destino. \u00c9l se llama H\u00e9ctor y est\u00e1 a punto de descubrir donde reside la magia. Despu\u00e9s del \u00e9xito arrollador de sus anteriores libros, Elisabet Benavent, tambi\u00e9n conocida como @BetaCoqueta, regresa con \u00abLa magia de ser Sof\u00eda\u00bb, la primera parte de una bilog\u00eda que nos cuenta, con frescura y humor, lo que sucede cuando dos personas cargadas por el peso de las circunstancias se encuentran y descubren que la magia solo existe cuando se miran a los ojos.<\/p>\n","protected":false},"excerpt":{"rendered":"<p>Sof\u00eda tiene tres amores: su gata \u00abHolly\u00bb, los libros y El caf\u00e9 de Alejandr\u00eda. Sof\u00eda trabaja all\u00ed como camarera y es feliz. Sof\u00eda no tiene pareja y tampoco la busca, aunque desear\u00eda encontrar la magia. Sof\u00eda experimenta un chispazo cuando \u00e9l cruza por primera vez la puerta. \u00c9l aparece por casualidad guiado por el aroma [&hellip;]<\/p>\n","protected":false},"featured_media":5788,"template":"","meta":[],"product_brand":[],"product_cat":[25,47],"product_tag":[54,800,801,45],"class_list":{"0":"post-5803","1":"product","2":"type-product","3":"status-publish","4":"has-post-thumbnail","6":"product_cat-libros-digitales-ebooks","7":"product_cat-libros-digitales-sagas","8":"product_tag-descargar-ebook","9":"product_tag-elisabet-benavent","10":"product_tag-la-magia-de-ser-sofia","11":"product_tag-mejor-novela","13":"first","14":"instock","15":"shipping-taxable","16":"purchasable","17":"product-type-variable","18":"has-default-attributes"},"_links":{"self":[{"href":"https:\/\/www.taller-palabras.com\/WordPress_04\/wp-json\/wp\/v2\/product\/5803","targetHints":{"allow":["GET"]}}],"collection":[{"href":"https:\/\/www.taller-palabras.com\/WordPress_04\/wp-json\/wp\/v2\/product"}],"about":[{"href":"https:\/\/www.taller-palabras.com\/WordPress_04\/wp-json\/wp\/v2\/types\/product"}],"wp:featuredmedia":[{"embeddable":true,"href":"https:\/\/www.taller-palabras.com\/WordPress_04\/wp-json\/wp\/v2\/media\/5788"}],"wp:attachment":[{"href":"https:\/\/www.taller-palabras.com\/WordPress_04\/wp-json\/wp\/v2\/media?parent=5803"}],"wp:term":[{"taxonomy":"product_brand","embeddable":true,"href":"https:\/\/www.taller-palabras.com\/WordPress_04\/wp-json\/wp\/v2\/product_brand?post=5803"},{"taxonomy":"product_cat","embeddable":true,"href":"https:\/\/www.taller-palabras.com\/WordPress_04\/wp-json\/wp\/v2\/product_cat?post=5803"},{"taxonomy":"product_tag","embeddable":true,"href":"https:\/\/www.taller-palabras.com\/WordPress_04\/wp-json\/wp\/v2\/product_tag?post=5803"}],"curies":[{"name":"wp","href":"https:\/\/api.w.org\/{rel}","templated":true}]}}