{"id":5811,"date":"2022-06-02T14:18:17","date_gmt":"2022-06-02T17:18:17","guid":{"rendered":"https:\/\/www.taller-palabras.com\/WordPress_04\/?post_type=product&#038;p=5811"},"modified":"2024-07-30T12:04:41","modified_gmt":"2024-07-30T15:04:41","slug":"circe-madeline-miller-ebook","status":"publish","type":"product","link":"https:\/\/www.taller-palabras.com\/WordPress_04\/producto\/circe-madeline-miller-ebook","title":{"rendered":"Circe &#8211; Madeline Miller \/ebook"},"content":{"rendered":"<figure id=\"attachment_5784\" aria-describedby=\"caption-attachment-5784\" style=\"width: 150px\" class=\"wp-caption alignleft\"><img loading=\"lazy\" decoding=\"async\" class=\"wp-image-5784 size-thumbnail\" src=\"https:\/\/www.taller-palabras.com\/WordPress_04\/wp-content\/uploads\/2022\/06\/MadelineMiller-150x150.jpg\" alt=\"\" width=\"150\" height=\"150\" srcset=\"https:\/\/www.taller-palabras.com\/WordPress_04\/wp-content\/uploads\/2022\/06\/MadelineMiller-150x150.jpg 150w, https:\/\/www.taller-palabras.com\/WordPress_04\/wp-content\/uploads\/2022\/06\/MadelineMiller-324x324.jpg 324w, https:\/\/www.taller-palabras.com\/WordPress_04\/wp-content\/uploads\/2022\/06\/MadelineMiller-100x100.jpg 100w\" sizes=\"auto, (max-width: 150px) 100vw, 150px\" \/><figcaption id=\"caption-attachment-5784\" class=\"wp-caption-text\">Autora Madeline Miller<\/figcaption><\/figure>\n<p>En el palacio de Helios, dios del sol y el m\u00e1s poderoso de los titanes, nace una ni\u00f1a. Pero Circe es una ni\u00f1a rara: carece de los poderes de su padre y de la agresiva capacidad de seducci\u00f3n de su madre. Cuando acude al mundo de los mortales en busca de compa\u00f1\u00eda, descubre que s\u00ed posee un poder, el poder de la brujer\u00eda, con el que puede transformar a sus rivales en monstruos y amenazar a los mism\u00edsimos dioses. Temeroso, Zeus la destierra a una isla desierta, donde Circe perfecciona sus oscuras artes, doma bestias salvajes y se va topando con numerosas figuras c\u00e9lebres de la mitolog\u00eda griega: desde el Minotauro a D\u00e9dalo y su desventurado hijo \u00cdcaro, la asesina Medea y, por supuesto, el astuto Odiseo. Pero tambi\u00e9n la acecha el peligro, y Circe concita, sin saberlo, la ira tanto de los humanos como de los dioses, por lo que acaba teniendo que enfrentarse con uno de los ol\u00edmpicos m\u00e1s imponentes y vengativos. Para proteger aquello que ama, Circe deber\u00e1 hacer acopio de todas sus fuerzas y decidir, de una vez por todas, si pertenece al mundo en el que ha nacido o al mundo mortal que ha llegado a amar. Repleta de personajes de una intensidad inolvidable, con un estilo cautivador y un suspense apasionante, \u00abCirce\u00bb es todo un logro narrativo, una embriagadora \u00e9pica de las rivalidades familiares, las intrigas palaciegas, el amor y la p\u00e9rdida, as\u00ed como una celebraci\u00f3n de una fuerza femenina ind\u00f3mita en un mundo de hombres.<\/p>\n","protected":false},"excerpt":{"rendered":"<p>En el palacio de Helios, dios del sol y el m\u00e1s poderoso de los titanes, nace una ni\u00f1a. Pero Circe es una ni\u00f1a rara: carece de los poderes de su padre y de la agresiva capacidad de seducci\u00f3n de su madre. Cuando acude al mundo de los mortales en busca de compa\u00f1\u00eda, descubre que s\u00ed [&hellip;]<\/p>\n","protected":false},"featured_media":5787,"template":"","meta":[],"product_brand":[],"product_cat":[25],"product_tag":[805,54,804,45],"class_list":{"0":"post-5811","1":"product","2":"type-product","3":"status-publish","4":"has-post-thumbnail","6":"product_cat-libros-digitales-ebooks","7":"product_tag-circe","8":"product_tag-descargar-ebook","9":"product_tag-madeline-miller","10":"product_tag-mejor-novela","12":"first","13":"instock","14":"shipping-taxable","15":"purchasable","16":"product-type-variable","17":"has-default-attributes"},"_links":{"self":[{"href":"https:\/\/www.taller-palabras.com\/WordPress_04\/wp-json\/wp\/v2\/product\/5811","targetHints":{"allow":["GET"]}}],"collection":[{"href":"https:\/\/www.taller-palabras.com\/WordPress_04\/wp-json\/wp\/v2\/product"}],"about":[{"href":"https:\/\/www.taller-palabras.com\/WordPress_04\/wp-json\/wp\/v2\/types\/product"}],"wp:featuredmedia":[{"embeddable":true,"href":"https:\/\/www.taller-palabras.com\/WordPress_04\/wp-json\/wp\/v2\/media\/5787"}],"wp:attachment":[{"href":"https:\/\/www.taller-palabras.com\/WordPress_04\/wp-json\/wp\/v2\/media?parent=5811"}],"wp:term":[{"taxonomy":"product_brand","embeddable":true,"href":"https:\/\/www.taller-palabras.com\/WordPress_04\/wp-json\/wp\/v2\/product_brand?post=5811"},{"taxonomy":"product_cat","embeddable":true,"href":"https:\/\/www.taller-palabras.com\/WordPress_04\/wp-json\/wp\/v2\/product_cat?post=5811"},{"taxonomy":"product_tag","embeddable":true,"href":"https:\/\/www.taller-palabras.com\/WordPress_04\/wp-json\/wp\/v2\/product_tag?post=5811"}],"curies":[{"name":"wp","href":"https:\/\/api.w.org\/{rel}","templated":true}]}}