{"id":5828,"date":"2022-06-02T14:10:56","date_gmt":"2022-06-02T17:10:56","guid":{"rendered":"https:\/\/www.taller-palabras.com\/WordPress_04\/?post_type=product&#038;p=5828"},"modified":"2024-07-29T13:47:41","modified_gmt":"2024-07-29T16:47:41","slug":"la-jaula-del-rey-3-victoria-aveyard-ebook","status":"publish","type":"product","link":"https:\/\/www.taller-palabras.com\/WordPress_04\/producto\/la-jaula-del-rey-3-victoria-aveyard-ebook","title":{"rendered":"Saga: La jaula del rey (3) &#8211; Victoria Aveyard \/ebook"},"content":{"rendered":"<figure id=\"attachment_5786\" aria-describedby=\"caption-attachment-5786\" style=\"width: 150px\" class=\"wp-caption alignleft\"><img loading=\"lazy\" decoding=\"async\" class=\"wp-image-5786 size-thumbnail\" src=\"https:\/\/www.taller-palabras.com\/WordPress_04\/wp-content\/uploads\/2022\/06\/VictoriaAveyard-150x150.jpg\" alt=\"\" width=\"150\" height=\"150\" srcset=\"https:\/\/www.taller-palabras.com\/WordPress_04\/wp-content\/uploads\/2022\/06\/VictoriaAveyard-150x150.jpg 150w, https:\/\/www.taller-palabras.com\/WordPress_04\/wp-content\/uploads\/2022\/06\/VictoriaAveyard-100x100.jpg 100w\" sizes=\"auto, (max-width: 150px) 100vw, 150px\" \/><figcaption id=\"caption-attachment-5786\" class=\"wp-caption-text\">Autora Victoria Aveyard<\/figcaption><\/figure>\n<p>Ahora que la chispa de la \u00abNi\u00f1a Rel\u00e1mpago\u00bb ha sido anulada, \u00bfqui\u00e9n guiar\u00e1 el camino de la rebeli\u00f3n? Debilitada y prisionera, atormentada por sus errores, Mare Barrow se ha postrado a los pies de un traidor. El espurio rey de Norta contin\u00faa su mal\u00e9vola campa\u00f1a de expansi\u00f3n y genocidio, y no se detendr\u00e1 ante nada ni nadie. Pero m\u00e1s all\u00e1 de las murallas palaciegas, la rebeli\u00f3n Roja crece y se multiplica; y el pr\u00edncipe exiliado, leg\u00edtimo heredero del trono, har\u00e1 todo lo posible por rescatar a su amada. La lealtad ser\u00e1 probada en ambos lados, y la sangre roja y plateada correr\u00e1 como un r\u00edo de fuego que har\u00e1 que todo arda a su paso.<\/p>\n","protected":false},"excerpt":{"rendered":"<p>Ahora que la chispa de la \u00abNi\u00f1a Rel\u00e1mpago\u00bb ha sido anulada, \u00bfqui\u00e9n guiar\u00e1 el camino de la rebeli\u00f3n? Debilitada y prisionera, atormentada por sus errores, Mare Barrow se ha postrado a los pies de un traidor. El espurio rey de Norta contin\u00faa su mal\u00e9vola campa\u00f1a de expansi\u00f3n y genocidio, y no se detendr\u00e1 ante nada [&hellip;]<\/p>\n","protected":false},"featured_media":5821,"template":"","meta":[],"product_brand":[],"product_cat":[25,47],"product_tag":[54,809,45,802],"class_list":{"0":"post-5828","1":"product","2":"type-product","3":"status-publish","4":"has-post-thumbnail","6":"product_cat-libros-digitales-ebooks","7":"product_cat-libros-digitales-sagas","8":"product_tag-descargar-ebook","9":"product_tag-la-jaula-del-rey","10":"product_tag-mejor-novela","11":"product_tag-victoria-aveyard","13":"first","14":"instock","15":"shipping-taxable","16":"purchasable","17":"product-type-variable","18":"has-default-attributes"},"_links":{"self":[{"href":"https:\/\/www.taller-palabras.com\/WordPress_04\/wp-json\/wp\/v2\/product\/5828","targetHints":{"allow":["GET"]}}],"collection":[{"href":"https:\/\/www.taller-palabras.com\/WordPress_04\/wp-json\/wp\/v2\/product"}],"about":[{"href":"https:\/\/www.taller-palabras.com\/WordPress_04\/wp-json\/wp\/v2\/types\/product"}],"wp:featuredmedia":[{"embeddable":true,"href":"https:\/\/www.taller-palabras.com\/WordPress_04\/wp-json\/wp\/v2\/media\/5821"}],"wp:attachment":[{"href":"https:\/\/www.taller-palabras.com\/WordPress_04\/wp-json\/wp\/v2\/media?parent=5828"}],"wp:term":[{"taxonomy":"product_brand","embeddable":true,"href":"https:\/\/www.taller-palabras.com\/WordPress_04\/wp-json\/wp\/v2\/product_brand?post=5828"},{"taxonomy":"product_cat","embeddable":true,"href":"https:\/\/www.taller-palabras.com\/WordPress_04\/wp-json\/wp\/v2\/product_cat?post=5828"},{"taxonomy":"product_tag","embeddable":true,"href":"https:\/\/www.taller-palabras.com\/WordPress_04\/wp-json\/wp\/v2\/product_tag?post=5828"}],"curies":[{"name":"wp","href":"https:\/\/api.w.org\/{rel}","templated":true}]}}