{"id":5833,"date":"2021-02-16T10:52:46","date_gmt":"2021-02-16T13:52:46","guid":{"rendered":"https:\/\/www.taller-palabras.com\/WordPress_04\/?post_type=product&#038;p=5833"},"modified":"2024-06-03T13:29:18","modified_gmt":"2024-06-03T16:29:18","slug":"un-mundo-sin-fin-2-ken-follet-ebook","status":"publish","type":"product","link":"https:\/\/www.taller-palabras.com\/WordPress_04\/producto\/un-mundo-sin-fin-2-ken-follet-ebook","title":{"rendered":"Un mundo sin fin (2) &#8211; Ken Follet  \/ebook"},"content":{"rendered":"<figure id=\"attachment_404\" aria-describedby=\"caption-attachment-404\" style=\"width: 150px\" class=\"wp-caption alignleft\"><img loading=\"lazy\" decoding=\"async\" class=\"wp-image-404 size-thumbnail\" src=\"https:\/\/www.taller-palabras.com\/WordPress_04\/wp-content\/uploads\/2018\/11\/ken_follett-150x150.jpg\" alt=\"\" width=\"150\" height=\"150\" srcset=\"https:\/\/www.taller-palabras.com\/WordPress_04\/wp-content\/uploads\/2018\/11\/ken_follett-150x150.jpg 150w, https:\/\/www.taller-palabras.com\/WordPress_04\/wp-content\/uploads\/2018\/11\/ken_follett-324x324.jpg 324w, https:\/\/www.taller-palabras.com\/WordPress_04\/wp-content\/uploads\/2018\/11\/ken_follett-100x100.jpg 100w\" sizes=\"auto, (max-width: 150px) 100vw, 150px\" \/><figcaption id=\"caption-attachment-404\" class=\"wp-caption-text\">Autor Ken Follet<\/figcaption><\/figure>\n<p>Diecis\u00e9is a\u00f1os despu\u00e9s de la publicaci\u00f3n de Los pilares de la Tierra, Ken Follet vuelve al fascinante mundo de Kingsbridge para presentar a sus lectores una magn\u00edfica saga \u00e9pica marcada por el amor, la guerra y la peste en Un mundo sin fin. Los pilares de la Tierra narra los acontecimientos de la ciudad inglesa de Kingsbridge entre 1135 y 1174. Con Un mundo sin fin regresamos a Kingsbridge, pero 153 a\u00f1os despu\u00e9s. El primer d\u00eda de noviembre de 1327 cuatro ni\u00f1os escapan de la catedral de Kingsbridge para jugar en un bosque prohibido. Son, Gwenda, hija de un ladr\u00f3n, Caris, una ni\u00f1a excepcional que quiere ser doctora y los hermanos Merthin y Ralph, el primero un genio con la cabeza llena de inventos y el segundo un tirano, cruel y vengativo. All\u00ed en el bosque ser\u00e1n testigos de una pelea entre un caballero y dos soldados. Los soldados mueren y el caballero entierra un documento antes de ingresar en el monasterio de Kingsbridge para convertirse en monje el resto de su vida. El contenido de este documento secreto jugar\u00e1 un papel importante en varios momentos de la novela. Como adultos las vidas de estos cuatro ni\u00f1os se ver\u00e1n entrelazadas por la ambici\u00f3n, el amor, el odio y la venganza. Vivir\u00e1n momentos de gran prosperidad y tambi\u00e9n de hambruna; a\u00f1os de guerra y a\u00f1os de peste. Caris, es la hija de un mercader de lana. De peque\u00f1a quer\u00eda ser doctora, profesi\u00f3n prohibida a las mujeres en la Edad Media. Sin embargo, Caris no acepta ni esta ni ninguna otra prohibici\u00f3n. Estudia con una curandera y mantiene constantes enfrentamientos con la Iglesia. Su lucha por la independencia y su determinaci\u00f3n a no someterse a ning\u00fan hombre pone constantemente en conflicto su amor por Merthin. Merthin, por su lado, comienza como aprendiz de carpintero y su gran talento le convierte en el mejor arquitecto de Kingsbridge. No acepta las restricciones y limitaciones de los que mandan en la ciudad. Cuando ve que no puede casarse con Caris ni realizar sus proyectos so\u00f1ados decide viajar a Italia.<\/p>\n","protected":false},"excerpt":{"rendered":"<p>Diecis\u00e9is a\u00f1os despu\u00e9s de la publicaci\u00f3n de Los pilares de la Tierra, Ken Follet vuelve al fascinante mundo de Kingsbridge para presentar a sus lectores una magn\u00edfica saga \u00e9pica marcada por el amor, la guerra y la peste en Un mundo sin fin. Los pilares de la Tierra narra los acontecimientos de la ciudad inglesa [&hellip;]<\/p>\n","protected":false},"featured_media":5840,"template":"","meta":[],"product_brand":[],"product_cat":[25,47],"product_tag":[136,158,55,810],"class_list":{"0":"post-5833","1":"product","2":"type-product","3":"status-publish","4":"has-post-thumbnail","6":"product_cat-libros-digitales-ebooks","7":"product_cat-libros-digitales-sagas","8":"product_tag-decargar-ebook","9":"product_tag-ken-follet","10":"product_tag-novelas","11":"product_tag-un-mundo-sin-fin","13":"first","14":"instock","15":"shipping-taxable","16":"purchasable","17":"product-type-variable","18":"has-default-attributes"},"_links":{"self":[{"href":"https:\/\/www.taller-palabras.com\/WordPress_04\/wp-json\/wp\/v2\/product\/5833","targetHints":{"allow":["GET"]}}],"collection":[{"href":"https:\/\/www.taller-palabras.com\/WordPress_04\/wp-json\/wp\/v2\/product"}],"about":[{"href":"https:\/\/www.taller-palabras.com\/WordPress_04\/wp-json\/wp\/v2\/types\/product"}],"wp:featuredmedia":[{"embeddable":true,"href":"https:\/\/www.taller-palabras.com\/WordPress_04\/wp-json\/wp\/v2\/media\/5840"}],"wp:attachment":[{"href":"https:\/\/www.taller-palabras.com\/WordPress_04\/wp-json\/wp\/v2\/media?parent=5833"}],"wp:term":[{"taxonomy":"product_brand","embeddable":true,"href":"https:\/\/www.taller-palabras.com\/WordPress_04\/wp-json\/wp\/v2\/product_brand?post=5833"},{"taxonomy":"product_cat","embeddable":true,"href":"https:\/\/www.taller-palabras.com\/WordPress_04\/wp-json\/wp\/v2\/product_cat?post=5833"},{"taxonomy":"product_tag","embeddable":true,"href":"https:\/\/www.taller-palabras.com\/WordPress_04\/wp-json\/wp\/v2\/product_tag?post=5833"}],"curies":[{"name":"wp","href":"https:\/\/api.w.org\/{rel}","templated":true}]}}