{"id":5865,"date":"2022-06-19T17:20:38","date_gmt":"2022-06-19T20:20:38","guid":{"rendered":"https:\/\/www.taller-palabras.com\/WordPress_04\/?post_type=product&#038;p=5865"},"modified":"2024-07-30T12:23:38","modified_gmt":"2024-07-30T15:23:38","slug":"la-voz-ausente-gabriel-rolon-ebook","status":"publish","type":"product","link":"https:\/\/www.taller-palabras.com\/WordPress_04\/producto\/la-voz-ausente-gabriel-rolon-ebook","title":{"rendered":"La voz ausente &#8211; Gabriel Rol\u00f3n \/ebook"},"content":{"rendered":"<figure id=\"attachment_5855\" aria-describedby=\"caption-attachment-5855\" style=\"width: 150px\" class=\"wp-caption alignleft\"><img loading=\"lazy\" decoding=\"async\" class=\"wp-image-5855 size-thumbnail\" src=\"https:\/\/www.taller-palabras.com\/WordPress_04\/wp-content\/uploads\/2022\/06\/GabrielRolon-1-150x150.jpg\" alt=\"\" width=\"150\" height=\"150\" srcset=\"https:\/\/www.taller-palabras.com\/WordPress_04\/wp-content\/uploads\/2022\/06\/GabrielRolon-1-150x150.jpg 150w, https:\/\/www.taller-palabras.com\/WordPress_04\/wp-content\/uploads\/2022\/06\/GabrielRolon-1-100x100.jpg 100w\" sizes=\"auto, (max-width: 150px) 100vw, 150px\" \/><figcaption id=\"caption-attachment-5855\" class=\"wp-caption-text\">Autor Gabriel Rol\u00f3n<\/figcaption><\/figure>\n<p>Las cosas no siempre son como parecen, y cuanto m\u00e1s cerca aparenta estar el mundo de cierta calma, mayor suele ser la tormenta que se gesta en lo inesperado. Un rayo acaba en segundos con la enso\u00f1aci\u00f3n de Pablo Rouviot despu\u00e9s de disfrutar de un concierto de viol\u00edn de una de sus pacientes: su mejor amigo, Jos\u00e9, \u00abel Gitano\u00bb, fue encontrado al borde de la muerte en su consultorio con un tiro en la cabeza. Todo parece indicar un intento de suicidio. Pero Pablo siente que no es as\u00ed: algo en lo m\u00e1s profundo de su ser le dice que la verdad es otra, y una vez m\u00e1s debe jugarse la vida para llegar al grado cero de un presente imposible de poner en palabras. Llevado por un impulso que lo empuja al l\u00edmite de lo irracional, el licenciado Rouviot, con la ayuda de su fiel compa\u00f1ero, el subcomisario Berm\u00fadez, se interna en una trama incierta, un universo cr\u00edptico y siniestro, con leyes propias, en el que el develamiento de un secreto familiar lo deja cara a cara con un enemigo oscuro, inteligente y peligroso. Casi sin darse cuenta, se sumerge en una historia en la que deber\u00e1 poner en juego sus herramientas anal\u00edticas para esclarecer la investigaci\u00f3n policial, sin sospechar que a cada paso se ir\u00e1 convirtiendo en una potencial v\u00edctima. V\u00e9rtigo, erotismo, juegos riesgosos que tienen a la muerte como protagonista hacen de \u00abLa voz ausente\u00bb un \u00abthriller\u00bb psicol\u00f3gico trepidante que genera en el lector sensaciones tan extremas como desconocidas. Un libro que confirma definitivamente a Gabriel Rol\u00f3n como uno de los narradores m\u00e1s s\u00f3lidos y efectivos a la hora de bucear en las turbulentas aguas de las pasiones humanas.<\/p>\n","protected":false},"excerpt":{"rendered":"<p>Las cosas no siempre son como parecen, y cuanto m\u00e1s cerca aparenta estar el mundo de cierta calma, mayor suele ser la tormenta que se gesta en lo inesperado. Un rayo acaba en segundos con la enso\u00f1aci\u00f3n de Pablo Rouviot despu\u00e9s de disfrutar de un concierto de viol\u00edn de una de sus pacientes: su mejor [&hellip;]<\/p>\n","protected":false},"featured_media":5858,"template":"","meta":[],"product_brand":[],"product_cat":[25],"product_tag":[54,814,815,45],"class_list":{"0":"post-5865","1":"product","2":"type-product","3":"status-publish","4":"has-post-thumbnail","6":"product_cat-libros-digitales-ebooks","7":"product_tag-descargar-ebook","8":"product_tag-gabriel-rolon","9":"product_tag-la-voz-ausente","10":"product_tag-mejor-novela","12":"first","13":"instock","14":"shipping-taxable","15":"purchasable","16":"product-type-variable","17":"has-default-attributes"},"_links":{"self":[{"href":"https:\/\/www.taller-palabras.com\/WordPress_04\/wp-json\/wp\/v2\/product\/5865","targetHints":{"allow":["GET"]}}],"collection":[{"href":"https:\/\/www.taller-palabras.com\/WordPress_04\/wp-json\/wp\/v2\/product"}],"about":[{"href":"https:\/\/www.taller-palabras.com\/WordPress_04\/wp-json\/wp\/v2\/types\/product"}],"wp:featuredmedia":[{"embeddable":true,"href":"https:\/\/www.taller-palabras.com\/WordPress_04\/wp-json\/wp\/v2\/media\/5858"}],"wp:attachment":[{"href":"https:\/\/www.taller-palabras.com\/WordPress_04\/wp-json\/wp\/v2\/media?parent=5865"}],"wp:term":[{"taxonomy":"product_brand","embeddable":true,"href":"https:\/\/www.taller-palabras.com\/WordPress_04\/wp-json\/wp\/v2\/product_brand?post=5865"},{"taxonomy":"product_cat","embeddable":true,"href":"https:\/\/www.taller-palabras.com\/WordPress_04\/wp-json\/wp\/v2\/product_cat?post=5865"},{"taxonomy":"product_tag","embeddable":true,"href":"https:\/\/www.taller-palabras.com\/WordPress_04\/wp-json\/wp\/v2\/product_tag?post=5865"}],"curies":[{"name":"wp","href":"https:\/\/api.w.org\/{rel}","templated":true}]}}