{"id":5908,"date":"2022-06-26T11:37:53","date_gmt":"2022-06-26T14:37:53","guid":{"rendered":"https:\/\/www.taller-palabras.com\/WordPress_04\/?post_type=product&#038;p=5908"},"modified":"2024-08-01T17:12:05","modified_gmt":"2024-08-01T20:12:05","slug":"la-leccion-de-august-r-j-palacio-ebook","status":"publish","type":"product","link":"https:\/\/www.taller-palabras.com\/WordPress_04\/producto\/la-leccion-de-august-r-j-palacio-ebook","title":{"rendered":"La lecci\u00f3n de August &#8211; R.J. Palacio \/ebook"},"content":{"rendered":"<figure id=\"attachment_5880\" aria-describedby=\"caption-attachment-5880\" style=\"width: 150px\" class=\"wp-caption alignleft\"><img loading=\"lazy\" decoding=\"async\" class=\"wp-image-5880 size-thumbnail\" src=\"https:\/\/www.taller-palabras.com\/WordPress_04\/wp-content\/uploads\/2022\/06\/RJPalacio-150x150.jpg\" alt=\"\" width=\"150\" height=\"150\" srcset=\"https:\/\/www.taller-palabras.com\/WordPress_04\/wp-content\/uploads\/2022\/06\/RJPalacio-150x150.jpg 150w, https:\/\/www.taller-palabras.com\/WordPress_04\/wp-content\/uploads\/2022\/06\/RJPalacio-324x324.jpg 324w, https:\/\/www.taller-palabras.com\/WordPress_04\/wp-content\/uploads\/2022\/06\/RJPalacio-100x100.jpg 100w\" sizes=\"auto, (max-width: 150px) 100vw, 150px\" \/><figcaption id=\"caption-attachment-5880\" class=\"wp-caption-text\">Autora R. J. Palacio<\/figcaption><\/figure>\n<p>Su cara lo hace distinto y \u00e9l solo quiere ser uno m\u00e1s. Camina siempre mirando al suelo, la cabeza gacha y el flequillo tratando en vano de esconder su rostro, pero, aun as\u00ed, es objeto de miradas furtivas, susurros ahogados y codazos de asombro. August sale poco, su vida transcurre entre las acogedoras paredes de su casa, entre la compa\u00f1\u00eda de su familia, su perra Daisy y las incre\u00edbles historias de La guerra de las Galaxias. Este a\u00f1o todo va a cambiar, porque este a\u00f1o va a ir, por primera vez, a la escuela. All\u00ed aprender\u00e1 la lecci\u00f3n m\u00e1s importante de su vida, la que no se ense\u00f1a en las aulas ni en los libros de texto: crecer en la adversidad, aceptarse tal y como es, sonre\u00edr a los d\u00edas grises y saber que, al final, siempre encontrar\u00e1 una mano amiga.<\/p>\n","protected":false},"excerpt":{"rendered":"<p>Su cara lo hace distinto y \u00e9l solo quiere ser uno m\u00e1s. Camina siempre mirando al suelo, la cabeza gacha y el flequillo tratando en vano de esconder su rostro, pero, aun as\u00ed, es objeto de miradas furtivas, susurros ahogados y codazos de asombro. August sale poco, su vida transcurre entre las acogedoras paredes de [&hellip;]<\/p>\n","protected":false},"featured_media":5877,"template":"","meta":[],"product_brand":[],"product_cat":[25],"product_tag":[54,822,225,821],"class_list":{"0":"post-5908","1":"product","2":"type-product","3":"status-publish","4":"has-post-thumbnail","6":"product_cat-libros-digitales-ebooks","7":"product_tag-descargar-ebook","8":"product_tag-la-leccion-de-august","9":"product_tag-mejores-novelas","10":"product_tag-r-j-palacio","12":"first","13":"instock","14":"shipping-taxable","15":"purchasable","16":"product-type-variable","17":"has-default-attributes"},"_links":{"self":[{"href":"https:\/\/www.taller-palabras.com\/WordPress_04\/wp-json\/wp\/v2\/product\/5908","targetHints":{"allow":["GET"]}}],"collection":[{"href":"https:\/\/www.taller-palabras.com\/WordPress_04\/wp-json\/wp\/v2\/product"}],"about":[{"href":"https:\/\/www.taller-palabras.com\/WordPress_04\/wp-json\/wp\/v2\/types\/product"}],"wp:featuredmedia":[{"embeddable":true,"href":"https:\/\/www.taller-palabras.com\/WordPress_04\/wp-json\/wp\/v2\/media\/5877"}],"wp:attachment":[{"href":"https:\/\/www.taller-palabras.com\/WordPress_04\/wp-json\/wp\/v2\/media?parent=5908"}],"wp:term":[{"taxonomy":"product_brand","embeddable":true,"href":"https:\/\/www.taller-palabras.com\/WordPress_04\/wp-json\/wp\/v2\/product_brand?post=5908"},{"taxonomy":"product_cat","embeddable":true,"href":"https:\/\/www.taller-palabras.com\/WordPress_04\/wp-json\/wp\/v2\/product_cat?post=5908"},{"taxonomy":"product_tag","embeddable":true,"href":"https:\/\/www.taller-palabras.com\/WordPress_04\/wp-json\/wp\/v2\/product_tag?post=5908"}],"curies":[{"name":"wp","href":"https:\/\/api.w.org\/{rel}","templated":true}]}}