{"id":5912,"date":"2022-06-26T11:44:27","date_gmt":"2022-06-26T14:44:27","guid":{"rendered":"https:\/\/www.taller-palabras.com\/WordPress_04\/?post_type=product&#038;p=5912"},"modified":"2024-08-01T17:23:59","modified_gmt":"2024-08-01T20:23:59","slug":"el-taller-de-las-ilusiones-valerie-tong-cuong-ebook","status":"publish","type":"product","link":"https:\/\/www.taller-palabras.com\/WordPress_04\/producto\/el-taller-de-las-ilusiones-valerie-tong-cuong-ebook","title":{"rendered":"El taller de las ilusiones &#8211; Valerie Tong Cuong \/ebook"},"content":{"rendered":"<figure id=\"attachment_5883\" aria-describedby=\"caption-attachment-5883\" style=\"width: 150px\" class=\"wp-caption alignleft\"><img loading=\"lazy\" decoding=\"async\" class=\"wp-image-5883 size-thumbnail\" src=\"https:\/\/www.taller-palabras.com\/WordPress_04\/wp-content\/uploads\/2022\/06\/ValerieCuong-150x150.jpg\" alt=\"\" width=\"150\" height=\"150\" srcset=\"https:\/\/www.taller-palabras.com\/WordPress_04\/wp-content\/uploads\/2022\/06\/ValerieCuong-150x150.jpg 150w, https:\/\/www.taller-palabras.com\/WordPress_04\/wp-content\/uploads\/2022\/06\/ValerieCuong-100x100.jpg 100w\" sizes=\"auto, (max-width: 150px) 100vw, 150px\" \/><figcaption id=\"caption-attachment-5883\" class=\"wp-caption-text\">Autora Valerie Tong Cuong<\/figcaption><\/figure>\n<p>El taller de las ilusiones es un taller \u00fanico. Acoge a los corazones rotos, a aquellas personas que han perdido la esperanza y que no encuentran su lugar en el mundo. En este ins\u00f3lito taller se ajustan los mecanismos que conforman el alma, los sue\u00f1os se recomponen y los miedos desaparecen. Acosada por el pasado, Millie est\u00e1 dispuesta a cualquier cosa con tal de borrar las huellas de su vida anterior. Esta joven secretaria, discreta y solitaria, necesita una segunda oportunidad. Con la esperanza de reinventarse, acepta ingresar en El taller, un hogar de acogida dirigido por Jean Hart, un consejero amable y dedicado. All\u00ed, Millie conoce al se\u00f1or Mike, un indigente lisiado tras una pelea entre otros sin techo. Ahora, su delicado estado de salud no le permite volver a la calle, pero afortunadamente tropieza con Jean Hart, quien se ofrece a ayudarle. Bajo el mismo techo tambi\u00e9n coinciden con Mariette, una profesora de instituto de mediana edad que pasa por un momento laboral delicado y ha acabado por derrumbarse. Pero, al igual que sus nuevos compa\u00f1eros de El taller, Mariette deber\u00e1 reinventarse para recuperar la confianza en s\u00ed misma. Y es que, aunque no lo crean, en el fondo de sus corazones, las ilusiones no han dejado nunca de latir.<\/p>\n","protected":false},"excerpt":{"rendered":"<p>El taller de las ilusiones es un taller \u00fanico. Acoge a los corazones rotos, a aquellas personas que han perdido la esperanza y que no encuentran su lugar en el mundo. En este ins\u00f3lito taller se ajustan los mecanismos que conforman el alma, los sue\u00f1os se recomponen y los miedos desaparecen. Acosada por el pasado, [&hellip;]<\/p>\n","protected":false},"featured_media":5881,"template":"","meta":[],"product_brand":[],"product_cat":[25],"product_tag":[54,824,225,823],"class_list":{"0":"post-5912","1":"product","2":"type-product","3":"status-publish","4":"has-post-thumbnail","6":"product_cat-libros-digitales-ebooks","7":"product_tag-descargar-ebook","8":"product_tag-el-taller-de-las-ilusiones","9":"product_tag-mejores-novelas","10":"product_tag-valerie-tong-cuong","12":"first","13":"instock","14":"shipping-taxable","15":"purchasable","16":"product-type-variable","17":"has-default-attributes"},"_links":{"self":[{"href":"https:\/\/www.taller-palabras.com\/WordPress_04\/wp-json\/wp\/v2\/product\/5912","targetHints":{"allow":["GET"]}}],"collection":[{"href":"https:\/\/www.taller-palabras.com\/WordPress_04\/wp-json\/wp\/v2\/product"}],"about":[{"href":"https:\/\/www.taller-palabras.com\/WordPress_04\/wp-json\/wp\/v2\/types\/product"}],"wp:featuredmedia":[{"embeddable":true,"href":"https:\/\/www.taller-palabras.com\/WordPress_04\/wp-json\/wp\/v2\/media\/5881"}],"wp:attachment":[{"href":"https:\/\/www.taller-palabras.com\/WordPress_04\/wp-json\/wp\/v2\/media?parent=5912"}],"wp:term":[{"taxonomy":"product_brand","embeddable":true,"href":"https:\/\/www.taller-palabras.com\/WordPress_04\/wp-json\/wp\/v2\/product_brand?post=5912"},{"taxonomy":"product_cat","embeddable":true,"href":"https:\/\/www.taller-palabras.com\/WordPress_04\/wp-json\/wp\/v2\/product_cat?post=5912"},{"taxonomy":"product_tag","embeddable":true,"href":"https:\/\/www.taller-palabras.com\/WordPress_04\/wp-json\/wp\/v2\/product_tag?post=5912"}],"curies":[{"name":"wp","href":"https:\/\/api.w.org\/{rel}","templated":true}]}}