{"id":5928,"date":"2022-07-10T11:53:22","date_gmt":"2022-07-10T14:53:22","guid":{"rendered":"https:\/\/www.taller-palabras.com\/WordPress_04\/?post_type=product&#038;p=5928"},"modified":"2024-08-06T12:13:31","modified_gmt":"2024-08-06T15:13:31","slug":"cincuenta-sombras-de-grey-e-l-james-ebook","status":"publish","type":"product","link":"https:\/\/www.taller-palabras.com\/WordPress_04\/producto\/cincuenta-sombras-de-grey-e-l-james-ebook","title":{"rendered":"Cincuenta sombras de Grey &#8211; E. L. James \/ebook"},"content":{"rendered":"<figure id=\"attachment_5932\" aria-describedby=\"caption-attachment-5932\" style=\"width: 150px\" class=\"wp-caption alignleft\"><img loading=\"lazy\" decoding=\"async\" class=\"wp-image-5932 size-thumbnail\" src=\"https:\/\/www.taller-palabras.com\/WordPress_04\/wp-content\/uploads\/2022\/07\/E.L.James_-150x150.jpg\" alt=\"\" width=\"150\" height=\"150\" srcset=\"https:\/\/www.taller-palabras.com\/WordPress_04\/wp-content\/uploads\/2022\/07\/E.L.James_-150x150.jpg 150w, https:\/\/www.taller-palabras.com\/WordPress_04\/wp-content\/uploads\/2022\/07\/E.L.James_.jpg 300w, https:\/\/www.taller-palabras.com\/WordPress_04\/wp-content\/uploads\/2022\/07\/E.L.James_-100x100.jpg 100w\" sizes=\"auto, (max-width: 150px) 100vw, 150px\" \/><figcaption id=\"caption-attachment-5932\" class=\"wp-caption-text\">Autora E. L. James<\/figcaption><\/figure>\n<p>Cuando la estudiante de Literatura Anastasia Steele recibe el encargo de entrevistar al exitoso y joven empresario Christian Grey, queda impresionada al encontrarse ante un hombre atractivo, seductor y tambi\u00e9n muy intimidante. La inexperta e inocente Ana intenta olvidarle, pero pronto comprende cu\u00e1nto le desea. Cuando la pareja por fin inicia una apasionada relaci\u00f3n, Ana se sorprende por las peculiares pr\u00e1cticas er\u00f3ticas de Grey, al tiempo que descubre los l\u00edmites de sus propios y m\u00e1s oscuros deseos&#8230;<\/p>\n","protected":false},"excerpt":{"rendered":"<p>Cuando la estudiante de Literatura Anastasia Steele recibe el encargo de entrevistar al exitoso y joven empresario Christian Grey, queda impresionada al encontrarse ante un hombre atractivo, seductor y tambi\u00e9n muy intimidante. La inexperta e inocente Ana intenta olvidarle, pero pronto comprende cu\u00e1nto le desea. Cuando la pareja por fin inicia una apasionada relaci\u00f3n, Ana [&hellip;]<\/p>\n","protected":false},"featured_media":5936,"template":"","meta":[],"product_brand":[],"product_cat":[25],"product_tag":[830,54,829,225],"class_list":{"0":"post-5928","1":"product","2":"type-product","3":"status-publish","4":"has-post-thumbnail","6":"product_cat-libros-digitales-ebooks","7":"product_tag-cincuenta-sombras-de-grey","8":"product_tag-descargar-ebook","9":"product_tag-e-l-james","10":"product_tag-mejores-novelas","12":"first","13":"instock","14":"shipping-taxable","15":"purchasable","16":"product-type-variable","17":"has-default-attributes"},"_links":{"self":[{"href":"https:\/\/www.taller-palabras.com\/WordPress_04\/wp-json\/wp\/v2\/product\/5928","targetHints":{"allow":["GET"]}}],"collection":[{"href":"https:\/\/www.taller-palabras.com\/WordPress_04\/wp-json\/wp\/v2\/product"}],"about":[{"href":"https:\/\/www.taller-palabras.com\/WordPress_04\/wp-json\/wp\/v2\/types\/product"}],"wp:featuredmedia":[{"embeddable":true,"href":"https:\/\/www.taller-palabras.com\/WordPress_04\/wp-json\/wp\/v2\/media\/5936"}],"wp:attachment":[{"href":"https:\/\/www.taller-palabras.com\/WordPress_04\/wp-json\/wp\/v2\/media?parent=5928"}],"wp:term":[{"taxonomy":"product_brand","embeddable":true,"href":"https:\/\/www.taller-palabras.com\/WordPress_04\/wp-json\/wp\/v2\/product_brand?post=5928"},{"taxonomy":"product_cat","embeddable":true,"href":"https:\/\/www.taller-palabras.com\/WordPress_04\/wp-json\/wp\/v2\/product_cat?post=5928"},{"taxonomy":"product_tag","embeddable":true,"href":"https:\/\/www.taller-palabras.com\/WordPress_04\/wp-json\/wp\/v2\/product_tag?post=5928"}],"curies":[{"name":"wp","href":"https:\/\/api.w.org\/{rel}","templated":true}]}}