{"id":5940,"date":"2022-07-10T12:16:10","date_gmt":"2022-07-10T15:16:10","guid":{"rendered":"https:\/\/www.taller-palabras.com\/WordPress_04\/?post_type=product&#038;p=5940"},"modified":"2024-08-12T10:35:42","modified_gmt":"2024-08-12T13:35:42","slug":"el-monje-que-vendio-su-ferrari-robin-s-sharma-ebook","status":"publish","type":"product","link":"https:\/\/www.taller-palabras.com\/WordPress_04\/producto\/el-monje-que-vendio-su-ferrari-robin-s-sharma-ebook","title":{"rendered":"El monje que vendi\u00f3 su Ferrari &#8211; Robin S. Sharma \/ebook"},"content":{"rendered":"<figure id=\"attachment_5935\" aria-describedby=\"caption-attachment-5935\" style=\"width: 150px\" class=\"wp-caption alignleft\"><img loading=\"lazy\" decoding=\"async\" class=\"wp-image-5935 size-thumbnail\" src=\"https:\/\/www.taller-palabras.com\/WordPress_04\/wp-content\/uploads\/2022\/07\/RobinSharma-150x150.jpg\" alt=\"\" width=\"150\" height=\"150\" srcset=\"https:\/\/www.taller-palabras.com\/WordPress_04\/wp-content\/uploads\/2022\/07\/RobinSharma-150x150.jpg 150w, https:\/\/www.taller-palabras.com\/WordPress_04\/wp-content\/uploads\/2022\/07\/RobinSharma-100x100.jpg 100w\" sizes=\"auto, (max-width: 150px) 100vw, 150px\" \/><figcaption id=\"caption-attachment-5935\" class=\"wp-caption-text\">Autor Robin Sharma<\/figcaption><\/figure>\n<p>El monje que vendi\u00f3 su Ferrari es la sugerente y emotiva historia de Juli\u00e1n Mantle, un superabogado cuya vida estresante, desequilibrada y obsesionada con el dinero acaba provoc\u00e1ndole un infarto. Ese desastre provoca en Juli\u00e1n una crisis espiritual que le lleva a enfrentarse a las grandes cuestiones de la vida. Esperando descubrir los secretos de la felicidad y el esclarecimiento, emprende un extraordinario viaje por el Himalaya para conocer una antiqu\u00edsima cultura de hombres sabios. Y all\u00ed descubre un modo de vida m\u00e1s gozoso, as\u00ed como un m\u00e9todo que le permite liberar todo su potencial y vivir con pasi\u00f3n, determinaci\u00f3n y paz.<br \/>\nEscrito a modo de f\u00e1bula, este libro contiene una serie de sencillas y eficaces lecciones para mejorar nuestra manera de vivir. Vigorosa fusi\u00f3n de la sabidur\u00eda espiritual de Oriente con los principios del \u00e9xito occidentales, muestra paso a paso c\u00f3mo vivir con m\u00e1s coraje, alegr\u00eda, equilibrio y satisfacci\u00f3n.<\/p>\n","protected":false},"excerpt":{"rendered":"<p>El monje que vendi\u00f3 su Ferrari es la sugerente y emotiva historia de Juli\u00e1n Mantle, un superabogado cuya vida estresante, desequilibrada y obsesionada con el dinero acaba provoc\u00e1ndole un infarto. Ese desastre provoca en Juli\u00e1n una crisis espiritual que le lleva a enfrentarse a las grandes cuestiones de la vida. Esperando descubrir los secretos de [&hellip;]<\/p>\n","protected":false},"featured_media":5934,"template":"","meta":[],"product_brand":[],"product_cat":[25],"product_tag":[54,832,225,831],"class_list":{"0":"post-5940","1":"product","2":"type-product","3":"status-publish","4":"has-post-thumbnail","6":"product_cat-libros-digitales-ebooks","7":"product_tag-descargar-ebook","8":"product_tag-el-monje-que-vendio-su-ferrari","9":"product_tag-mejores-novelas","10":"product_tag-robin-s-sharma","12":"first","13":"instock","14":"shipping-taxable","15":"purchasable","16":"product-type-variable","17":"has-default-attributes"},"_links":{"self":[{"href":"https:\/\/www.taller-palabras.com\/WordPress_04\/wp-json\/wp\/v2\/product\/5940","targetHints":{"allow":["GET"]}}],"collection":[{"href":"https:\/\/www.taller-palabras.com\/WordPress_04\/wp-json\/wp\/v2\/product"}],"about":[{"href":"https:\/\/www.taller-palabras.com\/WordPress_04\/wp-json\/wp\/v2\/types\/product"}],"wp:featuredmedia":[{"embeddable":true,"href":"https:\/\/www.taller-palabras.com\/WordPress_04\/wp-json\/wp\/v2\/media\/5934"}],"wp:attachment":[{"href":"https:\/\/www.taller-palabras.com\/WordPress_04\/wp-json\/wp\/v2\/media?parent=5940"}],"wp:term":[{"taxonomy":"product_brand","embeddable":true,"href":"https:\/\/www.taller-palabras.com\/WordPress_04\/wp-json\/wp\/v2\/product_brand?post=5940"},{"taxonomy":"product_cat","embeddable":true,"href":"https:\/\/www.taller-palabras.com\/WordPress_04\/wp-json\/wp\/v2\/product_cat?post=5940"},{"taxonomy":"product_tag","embeddable":true,"href":"https:\/\/www.taller-palabras.com\/WordPress_04\/wp-json\/wp\/v2\/product_tag?post=5940"}],"curies":[{"name":"wp","href":"https:\/\/api.w.org\/{rel}","templated":true}]}}