{"id":5979,"date":"2022-07-23T10:29:31","date_gmt":"2022-07-23T13:29:31","guid":{"rendered":"https:\/\/www.taller-palabras.com\/WordPress_04\/?post_type=product&#038;p=5979"},"modified":"2024-08-14T11:51:45","modified_gmt":"2024-08-14T14:51:45","slug":"alien-el-octavo-pasajero-alan-dean-foster-ebook","status":"publish","type":"product","link":"https:\/\/www.taller-palabras.com\/WordPress_04\/producto\/alien-el-octavo-pasajero-alan-dean-foster-ebook","title":{"rendered":"Alien, el octavo pasajero &#8211; Alan Dean Foster \/ebook"},"content":{"rendered":"<figure id=\"attachment_5982\" aria-describedby=\"caption-attachment-5982\" style=\"width: 150px\" class=\"wp-caption alignleft\"><img loading=\"lazy\" decoding=\"async\" class=\"wp-image-5982 size-thumbnail\" src=\"https:\/\/www.taller-palabras.com\/WordPress_04\/wp-content\/uploads\/2022\/07\/AlanDeanFoster-150x150.jpg\" alt=\"\" width=\"150\" height=\"150\" srcset=\"https:\/\/www.taller-palabras.com\/WordPress_04\/wp-content\/uploads\/2022\/07\/AlanDeanFoster-150x150.jpg 150w, https:\/\/www.taller-palabras.com\/WordPress_04\/wp-content\/uploads\/2022\/07\/AlanDeanFoster-100x100.jpg 100w\" sizes=\"auto, (max-width: 150px) 100vw, 150px\" \/><figcaption id=\"caption-attachment-5982\" class=\"wp-caption-text\">Autor Alan Dean Foster<\/figcaption><\/figure>\n<p>\u00bfD\u00f3nde estaba la Tierra? \u00c9sta no era su galaxia. Un sol extra\u00f1o iluminaba el cielo con rayos anaranjados. En su sue\u00f1o fr\u00edo, los siete viajeros del espacio hab\u00edan dejado atr\u00e1s su propio universo y ahora su radio receptor les dec\u00eda que sobre el planeta u giraba debajo de ellos, alguien transmit\u00eda se\u00f1ales pidiendo auxilio. Las leyes del espacio ordenaban que deb\u00edan descender, explorar y prestar ayuda. Pero llevar\u00edan armas, pues no sab\u00edan porque o que era lo que los llamaba. Todo lo que sab\u00edan era que era un Alien&#8230; Un ser extra\u00f1o.<br \/>\nNovelizaci\u00f3n a cargo de Alan Dean Foster basada en la historia original de Dan O&#8217;Bannon de la pel\u00edcula de Ridley Scott. Alan Dean Foster es uno de los autores mas reconocidos de fantas\u00eda y ciencia ficci\u00f3n. Sus colaboraciones mas importantes han sido numerosas novelizaciones como: The Black Hole, Aliens, The Thing, Clash of the titans, Krull, Starman, Alien Nation y Terminator salvation. Tambi\u00e9n a colaborado con guiones cinematogr\u00e1ficos de Star Trek y Star Wars, siendo este ultimo escrito bas\u00e1ndose en los relatos de George Lucas. Tambi\u00e9n es autor original de varias novelas entre ellas la saga de Spellsinger.<\/p>\n","protected":false},"excerpt":{"rendered":"<p>\u00bfD\u00f3nde estaba la Tierra? \u00c9sta no era su galaxia. Un sol extra\u00f1o iluminaba el cielo con rayos anaranjados. En su sue\u00f1o fr\u00edo, los siete viajeros del espacio hab\u00edan dejado atr\u00e1s su propio universo y ahora su radio receptor les dec\u00eda que sobre el planeta u giraba debajo de ellos, alguien transmit\u00eda se\u00f1ales pidiendo auxilio. Las [&hellip;]<\/p>\n","protected":false},"featured_media":5983,"template":"","meta":[],"product_brand":[],"product_cat":[25],"product_tag":[843,844,54,845,225],"class_list":{"0":"post-5979","1":"product","2":"type-product","3":"status-publish","4":"has-post-thumbnail","6":"product_cat-libros-digitales-ebooks","7":"product_tag-alan-dean-foster","8":"product_tag-alien","9":"product_tag-descargar-ebook","10":"product_tag-el-octavo-pasajero","11":"product_tag-mejores-novelas","13":"first","14":"instock","15":"shipping-taxable","16":"purchasable","17":"product-type-variable","18":"has-default-attributes"},"_links":{"self":[{"href":"https:\/\/www.taller-palabras.com\/WordPress_04\/wp-json\/wp\/v2\/product\/5979","targetHints":{"allow":["GET"]}}],"collection":[{"href":"https:\/\/www.taller-palabras.com\/WordPress_04\/wp-json\/wp\/v2\/product"}],"about":[{"href":"https:\/\/www.taller-palabras.com\/WordPress_04\/wp-json\/wp\/v2\/types\/product"}],"wp:featuredmedia":[{"embeddable":true,"href":"https:\/\/www.taller-palabras.com\/WordPress_04\/wp-json\/wp\/v2\/media\/5983"}],"wp:attachment":[{"href":"https:\/\/www.taller-palabras.com\/WordPress_04\/wp-json\/wp\/v2\/media?parent=5979"}],"wp:term":[{"taxonomy":"product_brand","embeddable":true,"href":"https:\/\/www.taller-palabras.com\/WordPress_04\/wp-json\/wp\/v2\/product_brand?post=5979"},{"taxonomy":"product_cat","embeddable":true,"href":"https:\/\/www.taller-palabras.com\/WordPress_04\/wp-json\/wp\/v2\/product_cat?post=5979"},{"taxonomy":"product_tag","embeddable":true,"href":"https:\/\/www.taller-palabras.com\/WordPress_04\/wp-json\/wp\/v2\/product_tag?post=5979"}],"curies":[{"name":"wp","href":"https:\/\/api.w.org\/{rel}","templated":true}]}}