{"id":6042,"date":"2022-07-29T14:05:54","date_gmt":"2022-07-29T17:05:54","guid":{"rendered":"https:\/\/www.taller-palabras.com\/WordPress_04\/?post_type=product&#038;p=6042"},"modified":"2024-05-14T17:52:21","modified_gmt":"2024-05-14T20:52:21","slug":"en-la-frontera-2-cormac-mccarthy-ebook","status":"publish","type":"product","link":"https:\/\/www.taller-palabras.com\/WordPress_04\/producto\/en-la-frontera-2-cormac-mccarthy-ebook","title":{"rendered":"Saga: En la frontera (2) &#8211; Cormac McCarthy \/ebook"},"content":{"rendered":"<figure id=\"attachment_4741\" aria-describedby=\"caption-attachment-4741\" style=\"width: 150px\" class=\"wp-caption alignleft\"><img loading=\"lazy\" decoding=\"async\" class=\"wp-image-4741 size-thumbnail\" src=\"https:\/\/www.taller-palabras.com\/WordPress_04\/wp-content\/uploads\/2021\/11\/ComarcaMcCarthy-150x150.jpg\" alt=\"\" width=\"150\" height=\"150\" srcset=\"https:\/\/www.taller-palabras.com\/WordPress_04\/wp-content\/uploads\/2021\/11\/ComarcaMcCarthy-150x150.jpg 150w, https:\/\/www.taller-palabras.com\/WordPress_04\/wp-content\/uploads\/2021\/11\/ComarcaMcCarthy-100x100.jpg 100w\" sizes=\"auto, (max-width: 150px) 100vw, 150px\" \/><figcaption id=\"caption-attachment-4741\" class=\"wp-caption-text\">Autor Cormac McCarthy<\/figcaption><\/figure>\n<p>Segundo volumen de la llamada \u00abTrilog\u00eda de la frontera\u00bb, En la frontera nos remite a un tiempo inmediatamente anterior al de Todos los hermosos caballos, para centrarse en la historia de dos adolescentes, Billy y Boyd, de origen campesino, que en medio de un paisaje hostil y hura\u00f1o ir\u00e1n descubriendo las duras reglas del mundo de los adultos al tiempo que encuentran en la naturaleza el sentido heroico de sus vidas. Desde una extra\u00f1a relaci\u00f3n de afecto y complicidad con una loba acosada por los tramperos hasta el asesinato de sus padres a manos de unos cuatreros, el personaje de Billy, protagonista a su vez del \u00faltimo t\u00edtulo de la trilog\u00eda, Ciudades de la llanura, se ver\u00e1 inmerso en un destino en el que la belleza y la rapi\u00f1a moral se presentan como los l\u00edmites inseparables de una misma aventura vital.<\/p>\n","protected":false},"excerpt":{"rendered":"<p>Segundo volumen de la llamada \u00abTrilog\u00eda de la frontera\u00bb, En la frontera nos remite a un tiempo inmediatamente anterior al de Todos los hermosos caballos, para centrarse en la historia de dos adolescentes, Billy y Boyd, de origen campesino, que en medio de un paisaje hostil y hura\u00f1o ir\u00e1n descubriendo las duras reglas del mundo [&hellip;]<\/p>\n","protected":false},"featured_media":6035,"template":"","meta":[],"product_brand":[],"product_cat":[25,47],"product_tag":[634,54,855,225],"class_list":{"0":"post-6042","1":"product","2":"type-product","3":"status-publish","4":"has-post-thumbnail","6":"product_cat-libros-digitales-ebooks","7":"product_cat-libros-digitales-sagas","8":"product_tag-cormac-mccarthy","9":"product_tag-descargar-ebook","10":"product_tag-en-la-frontera","11":"product_tag-mejores-novelas","13":"first","14":"instock","15":"shipping-taxable","16":"purchasable","17":"product-type-variable","18":"has-default-attributes"},"_links":{"self":[{"href":"https:\/\/www.taller-palabras.com\/WordPress_04\/wp-json\/wp\/v2\/product\/6042","targetHints":{"allow":["GET"]}}],"collection":[{"href":"https:\/\/www.taller-palabras.com\/WordPress_04\/wp-json\/wp\/v2\/product"}],"about":[{"href":"https:\/\/www.taller-palabras.com\/WordPress_04\/wp-json\/wp\/v2\/types\/product"}],"wp:featuredmedia":[{"embeddable":true,"href":"https:\/\/www.taller-palabras.com\/WordPress_04\/wp-json\/wp\/v2\/media\/6035"}],"wp:attachment":[{"href":"https:\/\/www.taller-palabras.com\/WordPress_04\/wp-json\/wp\/v2\/media?parent=6042"}],"wp:term":[{"taxonomy":"product_brand","embeddable":true,"href":"https:\/\/www.taller-palabras.com\/WordPress_04\/wp-json\/wp\/v2\/product_brand?post=6042"},{"taxonomy":"product_cat","embeddable":true,"href":"https:\/\/www.taller-palabras.com\/WordPress_04\/wp-json\/wp\/v2\/product_cat?post=6042"},{"taxonomy":"product_tag","embeddable":true,"href":"https:\/\/www.taller-palabras.com\/WordPress_04\/wp-json\/wp\/v2\/product_tag?post=6042"}],"curies":[{"name":"wp","href":"https:\/\/api.w.org\/{rel}","templated":true}]}}