{"id":6058,"date":"2018-10-18T11:20:46","date_gmt":"2018-10-18T14:20:46","guid":{"rendered":"https:\/\/www.taller-palabras.com\/WordPress_04\/?post_type=product&#038;p=6058"},"modified":"2023-09-24T11:37:04","modified_gmt":"2023-09-24T14:37:04","slug":"escrito-con-la-sangre-de-mi-corazon-8-diana-gabaldon-ebook","status":"publish","type":"product","link":"https:\/\/www.taller-palabras.com\/WordPress_04\/producto\/escrito-con-la-sangre-de-mi-corazon-8-diana-gabaldon-ebook","title":{"rendered":"Saga: Escrito con la sangre de mi coraz\u00f3n  (8) &#8211; Diana Gabaldon \/ebook"},"content":{"rendered":"<figure id=\"attachment_249\" aria-describedby=\"caption-attachment-249\" style=\"width: 150px\" class=\"wp-caption alignleft\"><img loading=\"lazy\" decoding=\"async\" class=\"wp-image-249 size-thumbnail\" src=\"https:\/\/www.taller-palabras.com\/WordPress_04\/wp-content\/uploads\/2018\/10\/Gabaldon-150x150.jpg\" alt=\"\" width=\"150\" height=\"150\" srcset=\"https:\/\/www.taller-palabras.com\/WordPress_04\/wp-content\/uploads\/2018\/10\/Gabaldon-150x150.jpg 150w, https:\/\/www.taller-palabras.com\/WordPress_04\/wp-content\/uploads\/2018\/10\/Gabaldon-324x324.jpg 324w, https:\/\/www.taller-palabras.com\/WordPress_04\/wp-content\/uploads\/2018\/10\/Gabaldon-100x100.jpg 100w\" sizes=\"auto, (max-width: 150px) 100vw, 150px\" \/><figcaption id=\"caption-attachment-249\" class=\"wp-caption-text\">Autora Diana Gabaldon<\/figcaption><\/figure>\n<p>Junio de 1778. El mundo est\u00e1 completamente revolucionado: la armada inglesa se est\u00e1 retirando de Filadelfia en busca de George Washington y, por primera vez, parece que los rebeldes pueden ganar. Pero a Claire Fraser y su familia les est\u00e1n afectando peores revoluciones. Su anterior marido, Jamie, ha vuelto de entre los muertos, y le exige saber por qu\u00e9, en su ausencia, se cas\u00f3 con su mejor amigo, Lord John Grey. El hijo de este, el noveno conde de Ellesmere, parece no sorprenderse al descubrir que su padre es en realidad el resucitado Jamie, cuyo sobrino descubre que su nuevo primo tiene mucho inter\u00e9s en la mujer que est\u00e1 a punto de casarse con \u00e9l. Mientras Claire piensa que uno de sus maridos es capaz de matar al otro, sus descendientes deben afrontar cambios importantes en el siglo XX. Su hija Brianna intenta proteger a su hijo de un terrible criminal, mientras su marido Roger ha desaparecido en el tiempo\u2026<\/p>\n","protected":false},"excerpt":{"rendered":"<p>Junio de 1778. El mundo est\u00e1 completamente revolucionado: la armada inglesa se est\u00e1 retirando de Filadelfia en busca de George Washington y, por primera vez, parece que los rebeldes pueden ganar. Pero a Claire Fraser y su familia les est\u00e1n afectando peores revoluciones. Su anterior marido, Jamie, ha vuelto de entre los muertos, y le [&hellip;]<\/p>\n","protected":false},"featured_media":6052,"template":"","meta":[],"product_brand":[],"product_cat":[25,47],"product_tag":[54,87,858,55],"class_list":{"0":"post-6058","1":"product","2":"type-product","3":"status-publish","4":"has-post-thumbnail","6":"product_cat-libros-digitales-ebooks","7":"product_cat-libros-digitales-sagas","8":"product_tag-descargar-ebook","9":"product_tag-diana-gabaldon","10":"product_tag-escrito-con-la-sangre-de-mi-corazon","11":"product_tag-novelas","13":"first","14":"instock","15":"shipping-taxable","16":"purchasable","17":"product-type-variable","18":"has-default-attributes"},"_links":{"self":[{"href":"https:\/\/www.taller-palabras.com\/WordPress_04\/wp-json\/wp\/v2\/product\/6058","targetHints":{"allow":["GET"]}}],"collection":[{"href":"https:\/\/www.taller-palabras.com\/WordPress_04\/wp-json\/wp\/v2\/product"}],"about":[{"href":"https:\/\/www.taller-palabras.com\/WordPress_04\/wp-json\/wp\/v2\/types\/product"}],"wp:featuredmedia":[{"embeddable":true,"href":"https:\/\/www.taller-palabras.com\/WordPress_04\/wp-json\/wp\/v2\/media\/6052"}],"wp:attachment":[{"href":"https:\/\/www.taller-palabras.com\/WordPress_04\/wp-json\/wp\/v2\/media?parent=6058"}],"wp:term":[{"taxonomy":"product_brand","embeddable":true,"href":"https:\/\/www.taller-palabras.com\/WordPress_04\/wp-json\/wp\/v2\/product_brand?post=6058"},{"taxonomy":"product_cat","embeddable":true,"href":"https:\/\/www.taller-palabras.com\/WordPress_04\/wp-json\/wp\/v2\/product_cat?post=6058"},{"taxonomy":"product_tag","embeddable":true,"href":"https:\/\/www.taller-palabras.com\/WordPress_04\/wp-json\/wp\/v2\/product_tag?post=6058"}],"curies":[{"name":"wp","href":"https:\/\/api.w.org\/{rel}","templated":true}]}}