{"id":6061,"date":"2022-07-30T12:15:15","date_gmt":"2022-07-30T15:15:15","guid":{"rendered":"https:\/\/www.taller-palabras.com\/WordPress_04\/?post_type=product&#038;p=6061"},"modified":"2024-08-16T11:27:51","modified_gmt":"2024-08-16T14:27:51","slug":"el-diario-de-bridget-jones-helen-fielding-ebook","status":"publish","type":"product","link":"https:\/\/www.taller-palabras.com\/WordPress_04\/producto\/el-diario-de-bridget-jones-helen-fielding-ebook","title":{"rendered":"El diario de Bridget Jones &#8211; Helen Fielding \/ebook"},"content":{"rendered":"<figure id=\"attachment_6065\" aria-describedby=\"caption-attachment-6065\" style=\"width: 150px\" class=\"wp-caption alignleft\"><img loading=\"lazy\" decoding=\"async\" class=\"wp-image-6065 size-thumbnail\" src=\"https:\/\/www.taller-palabras.com\/WordPress_04\/wp-content\/uploads\/2022\/07\/helen-fielding-150x150.jpg\" alt=\"\" width=\"150\" height=\"150\" srcset=\"https:\/\/www.taller-palabras.com\/WordPress_04\/wp-content\/uploads\/2022\/07\/helen-fielding-150x150.jpg 150w, https:\/\/www.taller-palabras.com\/WordPress_04\/wp-content\/uploads\/2022\/07\/helen-fielding-100x100.jpg 100w, https:\/\/www.taller-palabras.com\/WordPress_04\/wp-content\/uploads\/2022\/07\/helen-fielding.jpg 210w\" sizes=\"auto, (max-width: 150px) 100vw, 150px\" \/><figcaption id=\"caption-attachment-6065\" class=\"wp-caption-text\">Autora Helen Fielding<\/figcaption><\/figure>\n<p>Es poco usual encontrar a una autora que escriba sobre las mujeres de hoy y que sea realmente divertida e inteligente. Helen Fielding lo ha conseguido con un personaje desenfadado, hilarante y que habla sin tapujos sobre sus contempor\u00e1neos. El libro transcribe un a\u00f1o de la vida de Bridget Jones en forma de diario. Bridget, personaje que se hace r\u00e1pidamente entra\u00f1able al lector, rebasa los treinta a\u00f1os, trabaja en una editorial, vive sola y, al iniciar su diario, se propone cinco objetivos: perder peso, dejar de fumar, controlar el alcohol, ser encantadora y conseguir una pareja estable. Por el diario desfilan sus padres (empe\u00f1ados en casarla), sus amigas (adictas a los libros de autoayuda), un amigo homosexual, un compa\u00f1ero de oficina con el que tiene un ligue y le manda mensajes insinuantes por el ordenador, y otros muchos personajes, en una serie de situaciones divertid\u00edsimas. El diario de Bridget Jones ha conseguido un \u00e9xito espectacular en todos los pa\u00edses donde se ha publicado.<\/p>\n","protected":false},"excerpt":{"rendered":"<p>Es poco usual encontrar a una autora que escriba sobre las mujeres de hoy y que sea realmente divertida e inteligente. Helen Fielding lo ha conseguido con un personaje desenfadado, hilarante y que habla sin tapujos sobre sus contempor\u00e1neos. El libro transcribe un a\u00f1o de la vida de Bridget Jones en forma de diario. Bridget, [&hellip;]<\/p>\n","protected":false},"featured_media":6064,"template":"","meta":[],"product_brand":[],"product_cat":[25],"product_tag":[54,860,859,225],"class_list":{"0":"post-6061","1":"product","2":"type-product","3":"status-publish","4":"has-post-thumbnail","6":"product_cat-libros-digitales-ebooks","7":"product_tag-descargar-ebook","8":"product_tag-el-diario-de-bridget-jones","9":"product_tag-helen-fielding","10":"product_tag-mejores-novelas","12":"first","13":"instock","14":"shipping-taxable","15":"purchasable","16":"product-type-variable","17":"has-default-attributes"},"_links":{"self":[{"href":"https:\/\/www.taller-palabras.com\/WordPress_04\/wp-json\/wp\/v2\/product\/6061","targetHints":{"allow":["GET"]}}],"collection":[{"href":"https:\/\/www.taller-palabras.com\/WordPress_04\/wp-json\/wp\/v2\/product"}],"about":[{"href":"https:\/\/www.taller-palabras.com\/WordPress_04\/wp-json\/wp\/v2\/types\/product"}],"wp:featuredmedia":[{"embeddable":true,"href":"https:\/\/www.taller-palabras.com\/WordPress_04\/wp-json\/wp\/v2\/media\/6064"}],"wp:attachment":[{"href":"https:\/\/www.taller-palabras.com\/WordPress_04\/wp-json\/wp\/v2\/media?parent=6061"}],"wp:term":[{"taxonomy":"product_brand","embeddable":true,"href":"https:\/\/www.taller-palabras.com\/WordPress_04\/wp-json\/wp\/v2\/product_brand?post=6061"},{"taxonomy":"product_cat","embeddable":true,"href":"https:\/\/www.taller-palabras.com\/WordPress_04\/wp-json\/wp\/v2\/product_cat?post=6061"},{"taxonomy":"product_tag","embeddable":true,"href":"https:\/\/www.taller-palabras.com\/WordPress_04\/wp-json\/wp\/v2\/product_tag?post=6061"}],"curies":[{"name":"wp","href":"https:\/\/api.w.org\/{rel}","templated":true}]}}