{"id":6095,"date":"2022-08-05T12:13:26","date_gmt":"2022-08-05T15:13:26","guid":{"rendered":"https:\/\/www.taller-palabras.com\/WordPress_04\/?post_type=product&#038;p=6095"},"modified":"2024-08-18T12:53:58","modified_gmt":"2024-08-18T15:53:58","slug":"cuentos-del-lejano-oeste-bret-harte-ebook","status":"publish","type":"product","link":"https:\/\/www.taller-palabras.com\/WordPress_04\/producto\/cuentos-del-lejano-oeste-bret-harte-ebook","title":{"rendered":"Cuentos del Lejano Oeste &#8211; Bret Harte \/ebook"},"content":{"rendered":"<figure id=\"attachment_6094\" aria-describedby=\"caption-attachment-6094\" style=\"width: 150px\" class=\"wp-caption alignleft\"><img loading=\"lazy\" decoding=\"async\" class=\"wp-image-6094 size-thumbnail\" src=\"https:\/\/www.taller-palabras.com\/WordPress_04\/wp-content\/uploads\/2022\/08\/Bret-Harte-150x150.jpg\" alt=\"\" width=\"150\" height=\"150\" srcset=\"https:\/\/www.taller-palabras.com\/WordPress_04\/wp-content\/uploads\/2022\/08\/Bret-Harte-150x150.jpg 150w, https:\/\/www.taller-palabras.com\/WordPress_04\/wp-content\/uploads\/2022\/08\/Bret-Harte-100x100.jpg 100w, https:\/\/www.taller-palabras.com\/WordPress_04\/wp-content\/uploads\/2022\/08\/Bret-Harte.jpg 225w\" sizes=\"auto, (max-width: 150px) 100vw, 150px\" \/><figcaption id=\"caption-attachment-6094\" class=\"wp-caption-text\">Autor Bret Harte<\/figcaption><\/figure>\n<p>En uno de los primeros cuentos que reunimos en esta selecci\u00f3n, un fraile de Salamanca es tentado por el Diablo en una monta\u00f1a de California all\u00e1 por 1770 y ve con pesar c\u00f3mo su misi\u00f3n evangelizadora ser\u00e1 pronto reemplazada por \u00abhordas de ismaelitas\u00bb con \u00ablos ojos azules y los claros cabellos de la raza sajona\u00bb, que avanzan \u00abempuj\u00e1ndose, alborotando, jadeando y fanfarroneando\u00bb. Son los primeros buscadores de oro. En el cuento siguiente, situado en 1850, en un campamento de esos hombres rudos y familiarizados con la desesperaci\u00f3n, la \u00fanica mujer que vive entre ellos da a luz a un ni\u00f1o y muere; aliment\u00e1ndolo con leche de burra, y con un cari\u00f1o y un afecto inesperados, logran esos mismos hombres sacarlo adelante. Bret Harte ha sido llamado con raz\u00f3n \u00abel Dickens de los pioneros\u00bb: ilustrando con humor y sentimiento el coraje y la virtud de los primeros colonos, dio a conocer el salvaje Oeste a los \u00abafectados\u00bb lectores de la Costa Este, para quienes California era pura leyenda, e implant\u00f3 una serie de arquetipos perdurables de lo que entonces a\u00fan era una tierra prometida, aunque ya sacudida por la violencia y el racismo. Estos diecis\u00e9is Cuentos del Lejano Oeste son un homenaje a los aventureros, a los tah\u00fares, a los bandidos, a las prostitutas, a las maestras\u2026 sujetos de una vida tan digna como excepcional.<\/p>\n","protected":false},"excerpt":{"rendered":"<p>En uno de los primeros cuentos que reunimos en esta selecci\u00f3n, un fraile de Salamanca es tentado por el Diablo en una monta\u00f1a de California all\u00e1 por 1770 y ve con pesar c\u00f3mo su misi\u00f3n evangelizadora ser\u00e1 pronto reemplazada por \u00abhordas de ismaelitas\u00bb con \u00ablos ojos azules y los claros cabellos de la raza sajona\u00bb, [&hellip;]<\/p>\n","protected":false},"featured_media":6093,"template":"","meta":[],"product_brand":[],"product_cat":[25],"product_tag":[866,867,54,225],"class_list":{"0":"post-6095","1":"product","2":"type-product","3":"status-publish","4":"has-post-thumbnail","6":"product_cat-libros-digitales-ebooks","7":"product_tag-bret-harte","8":"product_tag-cuentos-del-lejano-oeste","9":"product_tag-descargar-ebook","10":"product_tag-mejores-novelas","12":"first","13":"instock","14":"shipping-taxable","15":"purchasable","16":"product-type-variable","17":"has-default-attributes"},"_links":{"self":[{"href":"https:\/\/www.taller-palabras.com\/WordPress_04\/wp-json\/wp\/v2\/product\/6095","targetHints":{"allow":["GET"]}}],"collection":[{"href":"https:\/\/www.taller-palabras.com\/WordPress_04\/wp-json\/wp\/v2\/product"}],"about":[{"href":"https:\/\/www.taller-palabras.com\/WordPress_04\/wp-json\/wp\/v2\/types\/product"}],"wp:featuredmedia":[{"embeddable":true,"href":"https:\/\/www.taller-palabras.com\/WordPress_04\/wp-json\/wp\/v2\/media\/6093"}],"wp:attachment":[{"href":"https:\/\/www.taller-palabras.com\/WordPress_04\/wp-json\/wp\/v2\/media?parent=6095"}],"wp:term":[{"taxonomy":"product_brand","embeddable":true,"href":"https:\/\/www.taller-palabras.com\/WordPress_04\/wp-json\/wp\/v2\/product_brand?post=6095"},{"taxonomy":"product_cat","embeddable":true,"href":"https:\/\/www.taller-palabras.com\/WordPress_04\/wp-json\/wp\/v2\/product_cat?post=6095"},{"taxonomy":"product_tag","embeddable":true,"href":"https:\/\/www.taller-palabras.com\/WordPress_04\/wp-json\/wp\/v2\/product_tag?post=6095"}],"curies":[{"name":"wp","href":"https:\/\/api.w.org\/{rel}","templated":true}]}}