{"id":6098,"date":"2022-08-05T12:18:53","date_gmt":"2022-08-05T15:18:53","guid":{"rendered":"https:\/\/www.taller-palabras.com\/WordPress_04\/?post_type=product&#038;p=6098"},"modified":"2024-08-18T13:17:44","modified_gmt":"2024-08-18T16:17:44","slug":"el-hijo-philipp-meyer-ebook","status":"publish","type":"product","link":"https:\/\/www.taller-palabras.com\/WordPress_04\/producto\/el-hijo-philipp-meyer-ebook","title":{"rendered":"El hijo &#8211; Philipp Meyer \/ebook"},"content":{"rendered":"<figure id=\"attachment_6102\" aria-describedby=\"caption-attachment-6102\" style=\"width: 150px\" class=\"wp-caption alignleft\"><img loading=\"lazy\" decoding=\"async\" class=\"wp-image-6102 size-thumbnail\" src=\"https:\/\/www.taller-palabras.com\/WordPress_04\/wp-content\/uploads\/2022\/08\/Philpp-Meyer-150x150.jpg\" alt=\"\" width=\"150\" height=\"150\" srcset=\"https:\/\/www.taller-palabras.com\/WordPress_04\/wp-content\/uploads\/2022\/08\/Philpp-Meyer-150x150.jpg 150w, https:\/\/www.taller-palabras.com\/WordPress_04\/wp-content\/uploads\/2022\/08\/Philpp-Meyer-100x100.jpg 100w\" sizes=\"auto, (max-width: 150px) 100vw, 150px\" \/><figcaption id=\"caption-attachment-6102\" class=\"wp-caption-text\">Autor Philipp Meyer<\/figcaption><\/figure>\n<p>En \u00abEl hijo\u00bb, una novela de resonancias \u00e9picas y una historia de iniciaci\u00f3n, Philipp Meyer explora la crueldad, el sacrificio y la ambici\u00f3n de un lugar y una \u00e9poca, el Lejano Oeste de Estados Unidos desde mediados del siglo XIX hasta los a\u00f1os setenta del siglo pasado. Eli McCullough es el primer var\u00f3n nacido en la reci\u00e9n inaugurada Rep\u00fablica de Texas. Durante una fat\u00eddica noche de 1849, una banda de comanches asalta su hogar, asesinando brutalmente a su madre y a su hermana y tom\u00e1ndolo a \u00e9l como prisionero. Con apenas trece a\u00f1os pero armado de valor e inteligencia, se ver\u00e1 obligado a vivir en el seno de la tribu y a adaptarse a sus costumbres bajo un nuevo nombre y como hijo adoptivo del jefe indio. Cuando el hambre, las enfermedades y el avance del ej\u00e9rcito americano acaban con los \u00faltimos poblados libres, Eli vuelve al mundo civilizado, donde acabar\u00e1 creando un imperio ganadero. Su hijo Peter cargar\u00e1 con el peso emocional de la campa\u00f1a de su padre por el poder, mientras que Jeannie, su bisnieta, luchar\u00e1 para conservar el patrimonio de los McCullough en un mundo de hombres donde la ganader\u00eda ha dejado paso al petr\u00f3leo.<\/p>\n","protected":false},"excerpt":{"rendered":"<p>En \u00abEl hijo\u00bb, una novela de resonancias \u00e9picas y una historia de iniciaci\u00f3n, Philipp Meyer explora la crueldad, el sacrificio y la ambici\u00f3n de un lugar y una \u00e9poca, el Lejano Oeste de Estados Unidos desde mediados del siglo XIX hasta los a\u00f1os setenta del siglo pasado. Eli McCullough es el primer var\u00f3n nacido en [&hellip;]<\/p>\n","protected":false},"featured_media":6101,"template":"","meta":[],"product_brand":[],"product_cat":[25],"product_tag":[54,869,225,868],"class_list":{"0":"post-6098","1":"product","2":"type-product","3":"status-publish","4":"has-post-thumbnail","6":"product_cat-libros-digitales-ebooks","7":"product_tag-descargar-ebook","8":"product_tag-el-hijo","9":"product_tag-mejores-novelas","10":"product_tag-philipp-meyer","12":"first","13":"instock","14":"shipping-taxable","15":"purchasable","16":"product-type-variable","17":"has-default-attributes"},"_links":{"self":[{"href":"https:\/\/www.taller-palabras.com\/WordPress_04\/wp-json\/wp\/v2\/product\/6098","targetHints":{"allow":["GET"]}}],"collection":[{"href":"https:\/\/www.taller-palabras.com\/WordPress_04\/wp-json\/wp\/v2\/product"}],"about":[{"href":"https:\/\/www.taller-palabras.com\/WordPress_04\/wp-json\/wp\/v2\/types\/product"}],"wp:featuredmedia":[{"embeddable":true,"href":"https:\/\/www.taller-palabras.com\/WordPress_04\/wp-json\/wp\/v2\/media\/6101"}],"wp:attachment":[{"href":"https:\/\/www.taller-palabras.com\/WordPress_04\/wp-json\/wp\/v2\/media?parent=6098"}],"wp:term":[{"taxonomy":"product_brand","embeddable":true,"href":"https:\/\/www.taller-palabras.com\/WordPress_04\/wp-json\/wp\/v2\/product_brand?post=6098"},{"taxonomy":"product_cat","embeddable":true,"href":"https:\/\/www.taller-palabras.com\/WordPress_04\/wp-json\/wp\/v2\/product_cat?post=6098"},{"taxonomy":"product_tag","embeddable":true,"href":"https:\/\/www.taller-palabras.com\/WordPress_04\/wp-json\/wp\/v2\/product_tag?post=6098"}],"curies":[{"name":"wp","href":"https:\/\/api.w.org\/{rel}","templated":true}]}}