{"id":6107,"date":"2022-08-05T12:33:55","date_gmt":"2022-08-05T15:33:55","guid":{"rendered":"https:\/\/www.taller-palabras.com\/WordPress_04\/?post_type=product&#038;p=6107"},"modified":"2024-08-18T13:32:26","modified_gmt":"2024-08-18T16:32:26","slug":"warlock-oakley-hall-ebook","status":"publish","type":"product","link":"https:\/\/www.taller-palabras.com\/WordPress_04\/producto\/warlock-oakley-hall-ebook","title":{"rendered":"Warlock &#8211; Oakley Hall \/ebook"},"content":{"rendered":"<figure id=\"attachment_6110\" aria-describedby=\"caption-attachment-6110\" style=\"width: 150px\" class=\"wp-caption alignleft\"><img loading=\"lazy\" decoding=\"async\" class=\"wp-image-6110 size-thumbnail\" src=\"https:\/\/www.taller-palabras.com\/WordPress_04\/wp-content\/uploads\/2022\/08\/Oakley-Hall-150x150.jpg\" alt=\"\" width=\"150\" height=\"150\" srcset=\"https:\/\/www.taller-palabras.com\/WordPress_04\/wp-content\/uploads\/2022\/08\/Oakley-Hall-150x150.jpg 150w, https:\/\/www.taller-palabras.com\/WordPress_04\/wp-content\/uploads\/2022\/08\/Oakley-Hall-100x100.jpg 100w\" sizes=\"auto, (max-width: 150px) 100vw, 150px\" \/><figcaption id=\"caption-attachment-6110\" class=\"wp-caption-text\">Autor Oakley Hall<\/figcaption><\/figure>\n<p>Agosto de 1880. La can\u00edcula y la polvorienta neblina desdibujan los contornos de la ciudad fronteriza de Warlock, un lugar hu\u00e9rfano de ley donde el robo, las reyertas y el crimen est\u00e1n a la orden del d\u00eda. El puesto de ayudante del sheriff pesa como una maldici\u00f3n sobre quien se atreve a ocuparlo; pocos tienen el valor de intervenir en las trifulcas entre mineros borrachos y fulleros, ni de enfrentarse a la banda de cuatreros liderada por Abe McQuown. Pero un nuevo pistolero ha llegado a la ciudad. Armado con sus Colt Frontiers de oro, Clay Blaisedell acepta el reto de ser el nuevo comisario. Con \u00e9l, y cual sombra funesta llegar\u00e1 Tom Morgan, un jugador sin escr\u00fapulos. Pero tal vez el temple y los rev\u00f3lveres de Blaisedell no sean suficientes para implantar el orden en una ciudad que devora a un hombre cada ma\u00f1ana.<\/p>\n","protected":false},"excerpt":{"rendered":"<p>Agosto de 1880. La can\u00edcula y la polvorienta neblina desdibujan los contornos de la ciudad fronteriza de Warlock, un lugar hu\u00e9rfano de ley donde el robo, las reyertas y el crimen est\u00e1n a la orden del d\u00eda. El puesto de ayudante del sheriff pesa como una maldici\u00f3n sobre quien se atreve a ocuparlo; pocos tienen [&hellip;]<\/p>\n","protected":false},"featured_media":6111,"template":"","meta":[],"product_brand":[],"product_cat":[25],"product_tag":[54,225,870,871],"class_list":{"0":"post-6107","1":"product","2":"type-product","3":"status-publish","4":"has-post-thumbnail","6":"product_cat-libros-digitales-ebooks","7":"product_tag-descargar-ebook","8":"product_tag-mejores-novelas","9":"product_tag-oakley-hall","10":"product_tag-warlock","12":"first","13":"instock","14":"shipping-taxable","15":"purchasable","16":"product-type-variable","17":"has-default-attributes"},"_links":{"self":[{"href":"https:\/\/www.taller-palabras.com\/WordPress_04\/wp-json\/wp\/v2\/product\/6107","targetHints":{"allow":["GET"]}}],"collection":[{"href":"https:\/\/www.taller-palabras.com\/WordPress_04\/wp-json\/wp\/v2\/product"}],"about":[{"href":"https:\/\/www.taller-palabras.com\/WordPress_04\/wp-json\/wp\/v2\/types\/product"}],"wp:featuredmedia":[{"embeddable":true,"href":"https:\/\/www.taller-palabras.com\/WordPress_04\/wp-json\/wp\/v2\/media\/6111"}],"wp:attachment":[{"href":"https:\/\/www.taller-palabras.com\/WordPress_04\/wp-json\/wp\/v2\/media?parent=6107"}],"wp:term":[{"taxonomy":"product_brand","embeddable":true,"href":"https:\/\/www.taller-palabras.com\/WordPress_04\/wp-json\/wp\/v2\/product_brand?post=6107"},{"taxonomy":"product_cat","embeddable":true,"href":"https:\/\/www.taller-palabras.com\/WordPress_04\/wp-json\/wp\/v2\/product_cat?post=6107"},{"taxonomy":"product_tag","embeddable":true,"href":"https:\/\/www.taller-palabras.com\/WordPress_04\/wp-json\/wp\/v2\/product_tag?post=6107"}],"curies":[{"name":"wp","href":"https:\/\/api.w.org\/{rel}","templated":true}]}}