{"id":6125,"date":"2022-08-12T16:11:40","date_gmt":"2022-08-12T19:11:40","guid":{"rendered":"https:\/\/www.taller-palabras.com\/WordPress_04\/?post_type=product&#038;p=6125"},"modified":"2024-01-02T11:51:39","modified_gmt":"2024-01-02T14:51:39","slug":"la-piel-del-tambor-arturo-perez-reverte-ebook","status":"publish","type":"product","link":"https:\/\/www.taller-palabras.com\/WordPress_04\/producto\/la-piel-del-tambor-arturo-perez-reverte-ebook","title":{"rendered":"La piel del tambor &#8211; Arturo Perez Reverte \/ebook"},"content":{"rendered":"<figure id=\"attachment_1878\" aria-describedby=\"caption-attachment-1878\" style=\"width: 150px\" class=\"wp-caption alignleft\"><img loading=\"lazy\" decoding=\"async\" class=\"wp-image-1878 size-thumbnail\" src=\"https:\/\/www.taller-palabras.com\/WordPress_04\/wp-content\/uploads\/2020\/04\/Reverte-150x150.jpg\" alt=\"\" width=\"150\" height=\"150\" srcset=\"https:\/\/www.taller-palabras.com\/WordPress_04\/wp-content\/uploads\/2020\/04\/Reverte-150x150.jpg 150w, https:\/\/www.taller-palabras.com\/WordPress_04\/wp-content\/uploads\/2020\/04\/Reverte-300x300.jpg 300w, https:\/\/www.taller-palabras.com\/WordPress_04\/wp-content\/uploads\/2020\/04\/Reverte-324x324.jpg 324w, https:\/\/www.taller-palabras.com\/WordPress_04\/wp-content\/uploads\/2020\/04\/Reverte-100x100.jpg 100w, https:\/\/www.taller-palabras.com\/WordPress_04\/wp-content\/uploads\/2020\/04\/Reverte.jpg 400w\" sizes=\"auto, (max-width: 150px) 100vw, 150px\" \/><figcaption id=\"caption-attachment-1878\" class=\"wp-caption-text\">Autor Arturo Perez Reverte<\/figcaption><\/figure>\n<p>Un pirata inform\u00e1tico que se infiltra en el Vaticano. Una iglesia barroca, en Sevilla, que mata para defenderse. Tres pintorescos malvados que aspiran a mantener viva la copla espa\u00f1ola. Una bella arist\u00f3crata andaluza. Un apuesto sacerdote-agente especialista en asuntos sucios. Un banquero celoso y su secretario lud\u00f3pata. Una septuagenaria que bebe coca-cola. La tarjeta postal de una mujer muerta un siglo atr\u00e1s. Y el misterioso legado del capit\u00e1n Xaloc, \u00faltimo corsario espa\u00f1ol, desaparecido frente a las costas de Cuba en 1898. Con esos ingredientes, Arturo P\u00e9rez\u2014Reverte construye en La piel del tambor una ingeniosa, compleja y fascinante trama novelesca. Con su imaginaci\u00f3n desbordante, su espectacular dominio de la ingenier\u00eda narrativa y de los diversos g\u00e9neros superpuestos \u2014misterio, polic\u00edaco, historia, romanticismo, aventura, follet\u00edn\u2014 el autor nos sumerge sin aliento en una historia que corta al lector cualquier posible retirada, arrastr\u00e1ndolo a un enigma cuya clave se esconde a la sombra de los viejos muelles del Guadalquivir; donde todav\u00eda hoy, en las noches de luna llena, sombras de mujer agitan sus pa\u00f1uelos y goletas tripuladas por fantasmas siguen zarpando rumbo a las Antillas.<\/p>\n","protected":false},"excerpt":{"rendered":"<p>Un pirata inform\u00e1tico que se infiltra en el Vaticano. Una iglesia barroca, en Sevilla, que mata para defenderse. Tres pintorescos malvados que aspiran a mantener viva la copla espa\u00f1ola. Una bella arist\u00f3crata andaluza. Un apuesto sacerdote-agente especialista en asuntos sucios. Un banquero celoso y su secretario lud\u00f3pata. Una septuagenaria que bebe coca-cola. La tarjeta postal [&hellip;]<\/p>\n","protected":false},"featured_media":6130,"template":"","meta":[],"product_brand":[],"product_cat":[25],"product_tag":[202,54,872,45],"class_list":{"0":"post-6125","1":"product","2":"type-product","3":"status-publish","4":"has-post-thumbnail","6":"product_cat-libros-digitales-ebooks","7":"product_tag-arturo-perez-reverte","8":"product_tag-descargar-ebook","9":"product_tag-la-piel-del-tambor","10":"product_tag-mejor-novela","12":"first","13":"instock","14":"shipping-taxable","15":"purchasable","16":"product-type-variable","17":"has-default-attributes"},"_links":{"self":[{"href":"https:\/\/www.taller-palabras.com\/WordPress_04\/wp-json\/wp\/v2\/product\/6125","targetHints":{"allow":["GET"]}}],"collection":[{"href":"https:\/\/www.taller-palabras.com\/WordPress_04\/wp-json\/wp\/v2\/product"}],"about":[{"href":"https:\/\/www.taller-palabras.com\/WordPress_04\/wp-json\/wp\/v2\/types\/product"}],"wp:featuredmedia":[{"embeddable":true,"href":"https:\/\/www.taller-palabras.com\/WordPress_04\/wp-json\/wp\/v2\/media\/6130"}],"wp:attachment":[{"href":"https:\/\/www.taller-palabras.com\/WordPress_04\/wp-json\/wp\/v2\/media?parent=6125"}],"wp:term":[{"taxonomy":"product_brand","embeddable":true,"href":"https:\/\/www.taller-palabras.com\/WordPress_04\/wp-json\/wp\/v2\/product_brand?post=6125"},{"taxonomy":"product_cat","embeddable":true,"href":"https:\/\/www.taller-palabras.com\/WordPress_04\/wp-json\/wp\/v2\/product_cat?post=6125"},{"taxonomy":"product_tag","embeddable":true,"href":"https:\/\/www.taller-palabras.com\/WordPress_04\/wp-json\/wp\/v2\/product_tag?post=6125"}],"curies":[{"name":"wp","href":"https:\/\/api.w.org\/{rel}","templated":true}]}}