{"id":6140,"date":"2022-08-27T10:16:18","date_gmt":"2022-08-27T13:16:18","guid":{"rendered":"https:\/\/www.taller-palabras.com\/WordPress_04\/?post_type=product&#038;p=6140"},"modified":"2024-02-12T11:17:03","modified_gmt":"2024-02-12T14:17:03","slug":"trilogia-de-fundacion-isaac-asimov-ebook","status":"publish","type":"product","link":"https:\/\/www.taller-palabras.com\/WordPress_04\/producto\/trilogia-de-fundacion-isaac-asimov-ebook","title":{"rendered":"Trilog\u00eda de Fundaci\u00f3n &#8211; Isaac Asimov  \/ebook"},"content":{"rendered":"<figure id=\"attachment_3482\" aria-describedby=\"caption-attachment-3482\" style=\"width: 150px\" class=\"wp-caption alignleft\"><img loading=\"lazy\" decoding=\"async\" class=\"wp-image-3482 size-thumbnail\" src=\"https:\/\/www.taller-palabras.com\/WordPress_04\/wp-content\/uploads\/2021\/05\/Issac-Asimov-150x150.jpg\" alt=\"\" width=\"150\" height=\"150\" srcset=\"https:\/\/www.taller-palabras.com\/WordPress_04\/wp-content\/uploads\/2021\/05\/Issac-Asimov-150x150.jpg 150w, https:\/\/www.taller-palabras.com\/WordPress_04\/wp-content\/uploads\/2021\/05\/Issac-Asimov-100x100.jpg 100w\" sizes=\"auto, (max-width: 150px) 100vw, 150px\" \/><figcaption id=\"caption-attachment-3482\" class=\"wp-caption-text\">Autor Isaac Asimov<\/figcaption><\/figure>\n<p>El Imperio Gal\u00e1ctico se derrumbaba. Su ca\u00edda era inexorable, pero tan lenta como extenso el Imperio. Habr\u00eda pasado desapercibida de no ser por un hombre, Hari Seldon, que supo adelantarse al futuro: mediante la ciencia de la psicohistoria, calcul\u00f3 que al Imperio le suceder\u00edan treinta mil a\u00f1os de barbarie.<br \/>\nPara acortar el interregno, Seldon estableci\u00f3 dos Fundaciones en extremos opuestos de la Galaxia: la Primera Fundaci\u00f3n, un mundo de cient\u00edficos f\u00edsicos cuyo camino a trav\u00e9s de las vicisitudes hist\u00f3ricas vendr\u00eda marcado por las \u00abcrisis de Seldon\u00bb, una serie de giros previstos por la psicohistoria; y la Segunda Fundaci\u00f3n, un mundo de cient\u00edficos mentales que velar\u00eda por el rumbo de la Primera y realizar\u00eda las correcciones que el paso de los siglos hiciese necesarias.<br \/>\nJuntas, ambas Fundaciones constituir\u00edan la semilla de un nuevo Imperio Gal\u00e1ctico que, gracias al plan de Seldon, surgir\u00eda tan s\u00f3lo mil a\u00f1os despu\u00e9s de la ca\u00edda del anterior.<\/p>\n","protected":false},"excerpt":{"rendered":"<p>El Imperio Gal\u00e1ctico se derrumbaba. Su ca\u00edda era inexorable, pero tan lenta como extenso el Imperio. Habr\u00eda pasado desapercibida de no ser por un hombre, Hari Seldon, que supo adelantarse al futuro: mediante la ciencia de la psicohistoria, calcul\u00f3 que al Imperio le suceder\u00edan treinta mil a\u00f1os de barbarie. Para acortar el interregno, Seldon estableci\u00f3 [&hellip;]<\/p>\n","protected":false},"featured_media":6145,"template":"","meta":[],"product_brand":[],"product_cat":[25],"product_tag":[54,423,45,875],"class_list":{"0":"post-6140","1":"product","2":"type-product","3":"status-publish","4":"has-post-thumbnail","6":"product_cat-libros-digitales-ebooks","7":"product_tag-descargar-ebook","8":"product_tag-issac-asimov","9":"product_tag-mejor-novela","10":"product_tag-trilogia-de-fundacion","12":"first","13":"instock","14":"shipping-taxable","15":"purchasable","16":"product-type-variable","17":"has-default-attributes"},"_links":{"self":[{"href":"https:\/\/www.taller-palabras.com\/WordPress_04\/wp-json\/wp\/v2\/product\/6140","targetHints":{"allow":["GET"]}}],"collection":[{"href":"https:\/\/www.taller-palabras.com\/WordPress_04\/wp-json\/wp\/v2\/product"}],"about":[{"href":"https:\/\/www.taller-palabras.com\/WordPress_04\/wp-json\/wp\/v2\/types\/product"}],"wp:featuredmedia":[{"embeddable":true,"href":"https:\/\/www.taller-palabras.com\/WordPress_04\/wp-json\/wp\/v2\/media\/6145"}],"wp:attachment":[{"href":"https:\/\/www.taller-palabras.com\/WordPress_04\/wp-json\/wp\/v2\/media?parent=6140"}],"wp:term":[{"taxonomy":"product_brand","embeddable":true,"href":"https:\/\/www.taller-palabras.com\/WordPress_04\/wp-json\/wp\/v2\/product_brand?post=6140"},{"taxonomy":"product_cat","embeddable":true,"href":"https:\/\/www.taller-palabras.com\/WordPress_04\/wp-json\/wp\/v2\/product_cat?post=6140"},{"taxonomy":"product_tag","embeddable":true,"href":"https:\/\/www.taller-palabras.com\/WordPress_04\/wp-json\/wp\/v2\/product_tag?post=6140"}],"curies":[{"name":"wp","href":"https:\/\/api.w.org\/{rel}","templated":true}]}}