{"id":6151,"date":"2022-08-27T10:31:54","date_gmt":"2022-08-27T13:31:54","guid":{"rendered":"https:\/\/www.taller-palabras.com\/WordPress_04\/?post_type=product&#038;p=6151"},"modified":"2024-08-18T14:18:58","modified_gmt":"2024-08-18T17:18:58","slug":"metropolis-thea-von-harbou-ebook","status":"publish","type":"product","link":"https:\/\/www.taller-palabras.com\/WordPress_04\/producto\/metropolis-thea-von-harbou-ebook","title":{"rendered":"Metr\u00f3polis &#8211; Thea von Harbou  \/ebook"},"content":{"rendered":"<figure id=\"attachment_6148\" aria-describedby=\"caption-attachment-6148\" style=\"width: 150px\" class=\"wp-caption alignleft\"><img loading=\"lazy\" decoding=\"async\" class=\"wp-image-6148 size-thumbnail\" src=\"https:\/\/www.taller-palabras.com\/WordPress_04\/wp-content\/uploads\/2022\/08\/Thea-von-harbou-150x150.jpg\" alt=\"\" width=\"150\" height=\"150\" srcset=\"https:\/\/www.taller-palabras.com\/WordPress_04\/wp-content\/uploads\/2022\/08\/Thea-von-harbou-150x150.jpg 150w, https:\/\/www.taller-palabras.com\/WordPress_04\/wp-content\/uploads\/2022\/08\/Thea-von-harbou-100x100.jpg 100w\" sizes=\"auto, (max-width: 150px) 100vw, 150px\" \/><figcaption id=\"caption-attachment-6148\" class=\"wp-caption-text\">Autora Thea von Harbou<\/figcaption><\/figure>\n<p>Estamos en el a\u00f1o 2026, en la super-mecanizada Metr\u00f3polis. Aqu\u00ed la sociedad est\u00e1 dividida en dos clases: los ricos y soberbios Amos (que viven en la superficie), y los sufridos y explotados Obreros (que viven en las ruinas subterr\u00e1neas). A la cabeza de todo est\u00e1 Joh Fredersen, el fr\u00edo y omnipotente Amo de Metr\u00f3polis. El joven Freder, hijo de Joh Fredersen, conoce a la vidente Mar\u00eda, quien predica a los Obreros sobre la pr\u00f3xima llegada del Mediador (el justiciero \u201ccoraz\u00f3n\u201d que mediar\u00e1 entre el \u201ccerebro\u201d y el \u201cm\u00fasculo\u201d de esa sociedad futurista). Despu\u00e9s de que Freder descubra que \u00e9l es el profetizado Mediador, abandonar\u00e1 todo por ir con Mar\u00eda, su amor. Joh Fredersen contactar\u00e1 a su viejo enemigo, el sabio Rotwang, para que le ayude a recuperar a su hijo, de paso que pone fin a esta amenaza a los Amos. As\u00ed, Rotwang secuestrar\u00e1 a Mar\u00eda y enviar\u00e1 a las catacumbas a Futura, un robot hembra a quien ha dado el rostro y la voz\u2026 de Mar\u00eda.<\/p>\n","protected":false},"excerpt":{"rendered":"<p>Estamos en el a\u00f1o 2026, en la super-mecanizada Metr\u00f3polis. Aqu\u00ed la sociedad est\u00e1 dividida en dos clases: los ricos y soberbios Amos (que viven en la superficie), y los sufridos y explotados Obreros (que viven en las ruinas subterr\u00e1neas). A la cabeza de todo est\u00e1 Joh Fredersen, el fr\u00edo y omnipotente Amo de Metr\u00f3polis. El [&hellip;]<\/p>\n","protected":false},"featured_media":6147,"template":"","meta":[],"product_brand":[],"product_cat":[25],"product_tag":[54,45,877,876],"class_list":{"0":"post-6151","1":"product","2":"type-product","3":"status-publish","4":"has-post-thumbnail","6":"product_cat-libros-digitales-ebooks","7":"product_tag-descargar-ebook","8":"product_tag-mejor-novela","9":"product_tag-metropolis","10":"product_tag-thea-von-harbou","12":"first","13":"instock","14":"shipping-taxable","15":"purchasable","16":"product-type-variable","17":"has-default-attributes"},"_links":{"self":[{"href":"https:\/\/www.taller-palabras.com\/WordPress_04\/wp-json\/wp\/v2\/product\/6151","targetHints":{"allow":["GET"]}}],"collection":[{"href":"https:\/\/www.taller-palabras.com\/WordPress_04\/wp-json\/wp\/v2\/product"}],"about":[{"href":"https:\/\/www.taller-palabras.com\/WordPress_04\/wp-json\/wp\/v2\/types\/product"}],"wp:featuredmedia":[{"embeddable":true,"href":"https:\/\/www.taller-palabras.com\/WordPress_04\/wp-json\/wp\/v2\/media\/6147"}],"wp:attachment":[{"href":"https:\/\/www.taller-palabras.com\/WordPress_04\/wp-json\/wp\/v2\/media?parent=6151"}],"wp:term":[{"taxonomy":"product_brand","embeddable":true,"href":"https:\/\/www.taller-palabras.com\/WordPress_04\/wp-json\/wp\/v2\/product_brand?post=6151"},{"taxonomy":"product_cat","embeddable":true,"href":"https:\/\/www.taller-palabras.com\/WordPress_04\/wp-json\/wp\/v2\/product_cat?post=6151"},{"taxonomy":"product_tag","embeddable":true,"href":"https:\/\/www.taller-palabras.com\/WordPress_04\/wp-json\/wp\/v2\/product_tag?post=6151"}],"curies":[{"name":"wp","href":"https:\/\/api.w.org\/{rel}","templated":true}]}}