{"id":6175,"date":"2022-08-27T15:55:27","date_gmt":"2022-08-27T18:55:27","guid":{"rendered":"https:\/\/www.taller-palabras.com\/WordPress_04\/?post_type=product&#038;p=6175"},"modified":"2024-08-21T16:53:47","modified_gmt":"2024-08-21T19:53:47","slug":"un-gato-callejero-llamado-bob-james-bowen-ebook","status":"publish","type":"product","link":"https:\/\/www.taller-palabras.com\/WordPress_04\/producto\/un-gato-callejero-llamado-bob-james-bowen-ebook","title":{"rendered":"Un gato callejero llamado Bob &#8211; James Bowen \/ebook"},"content":{"rendered":"<figure id=\"attachment_6179\" aria-describedby=\"caption-attachment-6179\" style=\"width: 150px\" class=\"wp-caption alignleft\"><img loading=\"lazy\" decoding=\"async\" class=\"wp-image-6179 size-thumbnail\" src=\"https:\/\/www.taller-palabras.com\/WordPress_04\/wp-content\/uploads\/2022\/08\/James-Bowen-150x150.jpg\" alt=\"\" width=\"150\" height=\"150\" srcset=\"https:\/\/www.taller-palabras.com\/WordPress_04\/wp-content\/uploads\/2022\/08\/James-Bowen-150x150.jpg 150w, https:\/\/www.taller-palabras.com\/WordPress_04\/wp-content\/uploads\/2022\/08\/James-Bowen-100x100.jpg 100w\" sizes=\"auto, (max-width: 150px) 100vw, 150px\" \/><figcaption id=\"caption-attachment-6179\" class=\"wp-caption-text\">Autor James Bowen<\/figcaption><\/figure>\n<p>Cuando el m\u00fasico callejero James Bowen encontr\u00f3 a un gato pelirrojo herido acurrucado en el descansillo de su piso, no pod\u00eda imaginar hasta qu\u00e9 punto su vida iba a cambiar. James viv\u00eda al d\u00eda en las calles de Londres y lo \u00faltimo que necesitaba era una mascota. Sin embargo, no pudo resistirse a ayudar a un gato tan sorprendentemente listo, al que r\u00e1pidamente bautiz\u00f3 como Bob. Enseguida los dos se hicieron inseparables y sus variadas, c\u00f3micas y, ocasionalmente, peligrosas aventuras acabar\u00edan transformando las vidas de ambos y curando las heridas de sus turbulentos pasados. \u00abUn gato callejero llamado Bob\u00bb es una emotiva e inspiradora historia real que ha llegado al coraz\u00f3n de miles de lectores, primero en Gran Breta\u00f1a y ahora en el resto del mundo.<\/p>\n","protected":false},"excerpt":{"rendered":"<p>Cuando el m\u00fasico callejero James Bowen encontr\u00f3 a un gato pelirrojo herido acurrucado en el descansillo de su piso, no pod\u00eda imaginar hasta qu\u00e9 punto su vida iba a cambiar. James viv\u00eda al d\u00eda en las calles de Londres y lo \u00faltimo que necesitaba era una mascota. Sin embargo, no pudo resistirse a ayudar a [&hellip;]<\/p>\n","protected":false},"featured_media":6178,"template":"","meta":[],"product_brand":[],"product_cat":[25],"product_tag":[54,881,225,882],"class_list":{"0":"post-6175","1":"product","2":"type-product","3":"status-publish","4":"has-post-thumbnail","6":"product_cat-libros-digitales-ebooks","7":"product_tag-descargar-ebook","8":"product_tag-james-bowen","9":"product_tag-mejores-novelas","10":"product_tag-un-gato-callejero-llamado-bob","12":"first","13":"instock","14":"shipping-taxable","15":"purchasable","16":"product-type-variable","17":"has-default-attributes"},"_links":{"self":[{"href":"https:\/\/www.taller-palabras.com\/WordPress_04\/wp-json\/wp\/v2\/product\/6175","targetHints":{"allow":["GET"]}}],"collection":[{"href":"https:\/\/www.taller-palabras.com\/WordPress_04\/wp-json\/wp\/v2\/product"}],"about":[{"href":"https:\/\/www.taller-palabras.com\/WordPress_04\/wp-json\/wp\/v2\/types\/product"}],"wp:featuredmedia":[{"embeddable":true,"href":"https:\/\/www.taller-palabras.com\/WordPress_04\/wp-json\/wp\/v2\/media\/6178"}],"wp:attachment":[{"href":"https:\/\/www.taller-palabras.com\/WordPress_04\/wp-json\/wp\/v2\/media?parent=6175"}],"wp:term":[{"taxonomy":"product_brand","embeddable":true,"href":"https:\/\/www.taller-palabras.com\/WordPress_04\/wp-json\/wp\/v2\/product_brand?post=6175"},{"taxonomy":"product_cat","embeddable":true,"href":"https:\/\/www.taller-palabras.com\/WordPress_04\/wp-json\/wp\/v2\/product_cat?post=6175"},{"taxonomy":"product_tag","embeddable":true,"href":"https:\/\/www.taller-palabras.com\/WordPress_04\/wp-json\/wp\/v2\/product_tag?post=6175"}],"curies":[{"name":"wp","href":"https:\/\/api.w.org\/{rel}","templated":true}]}}