{"id":6190,"date":"2022-09-09T10:40:17","date_gmt":"2022-09-09T13:40:17","guid":{"rendered":"https:\/\/www.taller-palabras.com\/WordPress_04\/?post_type=product&#038;p=6190"},"modified":"2024-08-24T17:35:03","modified_gmt":"2024-08-24T20:35:03","slug":"el-senor-de-la-guerra-de-marte-edgar-rice-burroughs-ebook","status":"publish","type":"product","link":"https:\/\/www.taller-palabras.com\/WordPress_04\/producto\/el-senor-de-la-guerra-de-marte-edgar-rice-burroughs-ebook","title":{"rendered":"Saga: El se\u00f1or de la guerra de Marte (3) &#8211; Edgar Rice Burroughs \/ebook"},"content":{"rendered":"<figure id=\"attachment_6193\" aria-describedby=\"caption-attachment-6193\" style=\"width: 150px\" class=\"wp-caption alignleft\"><img loading=\"lazy\" decoding=\"async\" class=\"wp-image-6193 size-thumbnail\" src=\"https:\/\/www.taller-palabras.com\/WordPress_04\/wp-content\/uploads\/2022\/09\/burroughs_edgar-150x150.jpg\" alt=\"\" width=\"150\" height=\"150\" srcset=\"https:\/\/www.taller-palabras.com\/WordPress_04\/wp-content\/uploads\/2022\/09\/burroughs_edgar-150x150.jpg 150w, https:\/\/www.taller-palabras.com\/WordPress_04\/wp-content\/uploads\/2022\/09\/burroughs_edgar-324x324.jpg 324w, https:\/\/www.taller-palabras.com\/WordPress_04\/wp-content\/uploads\/2022\/09\/burroughs_edgar-100x100.jpg 100w\" sizes=\"auto, (max-width: 150px) 100vw, 150px\" \/><figcaption id=\"caption-attachment-6193\" class=\"wp-caption-text\">Autor Edgar Rice Burroughs<\/figcaption><\/figure>\n<p>El se\u00f1or de la Guerra de Marte, tercer t\u00edtulo de la serie de John Carter de Marte, nos desvuelve a la acci\u00f3n bruscamente interrumpida en Dioses de Marte, donde transcurrido un a\u00f1o marciano se espera ansiosamente la apertura de la celda del Templo del Sol. John Carter y sus inseparable Woola volver\u00e1n a recorrer Barsoom, el Marte imaginado por el autor, desde las llanuras Carmes\u00ed del Valle Dor Hasta las tierras de los hombres amarillos.<\/p>\n","protected":false},"excerpt":{"rendered":"<p>El se\u00f1or de la Guerra de Marte, tercer t\u00edtulo de la serie de John Carter de Marte, nos desvuelve a la acci\u00f3n bruscamente interrumpida en Dioses de Marte, donde transcurrido un a\u00f1o marciano se espera ansiosamente la apertura de la celda del Templo del Sol. John Carter y sus inseparable Woola volver\u00e1n a recorrer Barsoom, [&hellip;]<\/p>\n","protected":false},"featured_media":6195,"template":"","meta":[],"product_brand":[],"product_cat":[25,47],"product_tag":[54,885,886,225],"class_list":{"0":"post-6190","1":"product","2":"type-product","3":"status-publish","4":"has-post-thumbnail","6":"product_cat-libros-digitales-ebooks","7":"product_cat-libros-digitales-sagas","8":"product_tag-descargar-ebook","9":"product_tag-edgar-rice-burroughs","10":"product_tag-el-senor-de-la-guerra-de-marte","11":"product_tag-mejores-novelas","13":"first","14":"instock","15":"shipping-taxable","16":"purchasable","17":"product-type-variable","18":"has-default-attributes"},"_links":{"self":[{"href":"https:\/\/www.taller-palabras.com\/WordPress_04\/wp-json\/wp\/v2\/product\/6190","targetHints":{"allow":["GET"]}}],"collection":[{"href":"https:\/\/www.taller-palabras.com\/WordPress_04\/wp-json\/wp\/v2\/product"}],"about":[{"href":"https:\/\/www.taller-palabras.com\/WordPress_04\/wp-json\/wp\/v2\/types\/product"}],"wp:featuredmedia":[{"embeddable":true,"href":"https:\/\/www.taller-palabras.com\/WordPress_04\/wp-json\/wp\/v2\/media\/6195"}],"wp:attachment":[{"href":"https:\/\/www.taller-palabras.com\/WordPress_04\/wp-json\/wp\/v2\/media?parent=6190"}],"wp:term":[{"taxonomy":"product_brand","embeddable":true,"href":"https:\/\/www.taller-palabras.com\/WordPress_04\/wp-json\/wp\/v2\/product_brand?post=6190"},{"taxonomy":"product_cat","embeddable":true,"href":"https:\/\/www.taller-palabras.com\/WordPress_04\/wp-json\/wp\/v2\/product_cat?post=6190"},{"taxonomy":"product_tag","embeddable":true,"href":"https:\/\/www.taller-palabras.com\/WordPress_04\/wp-json\/wp\/v2\/product_tag?post=6190"}],"curies":[{"name":"wp","href":"https:\/\/api.w.org\/{rel}","templated":true}]}}