{"id":6206,"date":"2022-09-09T10:53:01","date_gmt":"2022-09-09T13:53:01","guid":{"rendered":"https:\/\/www.taller-palabras.com\/WordPress_04\/?post_type=product&#038;p=6206"},"modified":"2024-08-24T13:38:04","modified_gmt":"2024-08-24T16:38:04","slug":"una-princesa-de-marte-1-edgar-rice-burroughs-ebook","status":"publish","type":"product","link":"https:\/\/www.taller-palabras.com\/WordPress_04\/producto\/una-princesa-de-marte-1-edgar-rice-burroughs-ebook","title":{"rendered":"Saga: Una princesa De Marte (1) &#8211; Edgar Rice Burroughs \/ebook"},"content":{"rendered":"<figure id=\"attachment_6193\" aria-describedby=\"caption-attachment-6193\" style=\"width: 150px\" class=\"wp-caption alignleft\"><img loading=\"lazy\" decoding=\"async\" class=\"wp-image-6193 size-thumbnail\" src=\"https:\/\/www.taller-palabras.com\/WordPress_04\/wp-content\/uploads\/2022\/09\/burroughs_edgar-150x150.jpg\" alt=\"\" width=\"150\" height=\"150\" srcset=\"https:\/\/www.taller-palabras.com\/WordPress_04\/wp-content\/uploads\/2022\/09\/burroughs_edgar-150x150.jpg 150w, https:\/\/www.taller-palabras.com\/WordPress_04\/wp-content\/uploads\/2022\/09\/burroughs_edgar-324x324.jpg 324w, https:\/\/www.taller-palabras.com\/WordPress_04\/wp-content\/uploads\/2022\/09\/burroughs_edgar-100x100.jpg 100w\" sizes=\"auto, (max-width: 150px) 100vw, 150px\" \/><figcaption id=\"caption-attachment-6193\" class=\"wp-caption-text\">Autor Edgar Rice Burroughs<\/figcaption><\/figure>\n<p>Una Princesa de Marte, supone el comienzo de una de las sagas m\u00e1s famosas de Burroughs. El escenario, un grandioso esfuerzo imaginativo, se basa en la idea rom\u00e1ntica de un planeta Marte surcado por canales. Hasta tal punto es as\u00ed que, en ocasiones, se ha hablado de un Marte a lo Burroughs. Su ficci\u00f3n se ha convertido en paradigma. El argumento de esta historia del norteamericano E. R. Burroughs (Chicago 1875) es m\u00e1s fantas\u00eda que ciencia ficci\u00f3n, un soldado norteamericano, John Carter, huyendo de unos bandidos se interna en una gruta y, por razones desconocidas, se despierta en el planeta Marte. Pero no en nuestro planeta Marte, tal y como lo conocemos hoy en d\u00eda, sino en Barsoom, que es como los marcianos denominan a su mundo. All\u00ed nuestro h\u00e9roe encontrar\u00e1 un mundo maravilloso por descubrir, una civilizaci\u00f3n nueva y fascinante, aire respirable, canales, agua y diferentes razas enfrentadas (aunque desde el punto de vista ecol\u00f3gico no sea sostenible). En esencia: aventuras en estado puro.<\/p>\n","protected":false},"excerpt":{"rendered":"<p>Una Princesa de Marte, supone el comienzo de una de las sagas m\u00e1s famosas de Burroughs. El escenario, un grandioso esfuerzo imaginativo, se basa en la idea rom\u00e1ntica de un planeta Marte surcado por canales. Hasta tal punto es as\u00ed que, en ocasiones, se ha hablado de un Marte a lo Burroughs. Su ficci\u00f3n se [&hellip;]<\/p>\n","protected":false},"featured_media":6196,"template":"","meta":[],"product_brand":[],"product_cat":[25,47],"product_tag":[54,885,225,888],"class_list":{"0":"post-6206","1":"product","2":"type-product","3":"status-publish","4":"has-post-thumbnail","6":"product_cat-libros-digitales-ebooks","7":"product_cat-libros-digitales-sagas","8":"product_tag-descargar-ebook","9":"product_tag-edgar-rice-burroughs","10":"product_tag-mejores-novelas","11":"product_tag-una-princesa-de-marte","13":"first","14":"instock","15":"shipping-taxable","16":"purchasable","17":"product-type-variable","18":"has-default-attributes"},"_links":{"self":[{"href":"https:\/\/www.taller-palabras.com\/WordPress_04\/wp-json\/wp\/v2\/product\/6206","targetHints":{"allow":["GET"]}}],"collection":[{"href":"https:\/\/www.taller-palabras.com\/WordPress_04\/wp-json\/wp\/v2\/product"}],"about":[{"href":"https:\/\/www.taller-palabras.com\/WordPress_04\/wp-json\/wp\/v2\/types\/product"}],"wp:featuredmedia":[{"embeddable":true,"href":"https:\/\/www.taller-palabras.com\/WordPress_04\/wp-json\/wp\/v2\/media\/6196"}],"wp:attachment":[{"href":"https:\/\/www.taller-palabras.com\/WordPress_04\/wp-json\/wp\/v2\/media?parent=6206"}],"wp:term":[{"taxonomy":"product_brand","embeddable":true,"href":"https:\/\/www.taller-palabras.com\/WordPress_04\/wp-json\/wp\/v2\/product_brand?post=6206"},{"taxonomy":"product_cat","embeddable":true,"href":"https:\/\/www.taller-palabras.com\/WordPress_04\/wp-json\/wp\/v2\/product_cat?post=6206"},{"taxonomy":"product_tag","embeddable":true,"href":"https:\/\/www.taller-palabras.com\/WordPress_04\/wp-json\/wp\/v2\/product_tag?post=6206"}],"curies":[{"name":"wp","href":"https:\/\/api.w.org\/{rel}","templated":true}]}}