{"id":6212,"date":"2022-09-10T10:18:46","date_gmt":"2022-09-10T13:18:46","guid":{"rendered":"https:\/\/www.taller-palabras.com\/WordPress_04\/?post_type=product&#038;p=6212"},"modified":"2024-08-24T17:47:43","modified_gmt":"2024-08-24T20:47:43","slug":"el-resurgir-de-la-fuerza-dave-wolverton-ebook","status":"publish","type":"product","link":"https:\/\/www.taller-palabras.com\/WordPress_04\/producto\/el-resurgir-de-la-fuerza-dave-wolverton-ebook","title":{"rendered":"El resurgir de la Fuerza &#8211; Dave Wolverton \/ebook"},"content":{"rendered":"<figure id=\"attachment_6215\" aria-describedby=\"caption-attachment-6215\" style=\"width: 150px\" class=\"wp-caption alignleft\"><img loading=\"lazy\" decoding=\"async\" class=\"wp-image-6215 size-thumbnail\" src=\"https:\/\/www.taller-palabras.com\/WordPress_04\/wp-content\/uploads\/2022\/09\/Dave-Wolverton-150x150.jpg\" alt=\"\" width=\"150\" height=\"150\" srcset=\"https:\/\/www.taller-palabras.com\/WordPress_04\/wp-content\/uploads\/2022\/09\/Dave-Wolverton-150x150.jpg 150w, https:\/\/www.taller-palabras.com\/WordPress_04\/wp-content\/uploads\/2022\/09\/Dave-Wolverton-100x100.jpg 100w, https:\/\/www.taller-palabras.com\/WordPress_04\/wp-content\/uploads\/2022\/09\/Dave-Wolverton.jpg 284w\" sizes=\"auto, (max-width: 150px) 100vw, 150px\" \/><figcaption id=\"caption-attachment-6215\" class=\"wp-caption-text\">Autor Dave Wolverton<\/figcaption><\/figure>\n<p>Obi-Wan Kenobi quiere desesperadamente ser un caballero Jedi. Despu\u00e9s de pasar a\u00f1os en el Templo Jedi, conoce el poder del sable l\u00e1ser y de la Fuerza. Pero no sabe c\u00f3mo controlar su miedo y su ira, y el Maestro Jedi Qui-Gon Jinn le rechaza para ser su padawan. Ahora, Obi-Wan est\u00e1 a punto de tener su primer encuentro con el verdadero mal. Deber\u00e1 enfrentarse con enemigos inesperados y con sus propios deseos oscuros.<\/p>\n","protected":false},"excerpt":{"rendered":"<p>Obi-Wan Kenobi quiere desesperadamente ser un caballero Jedi. Despu\u00e9s de pasar a\u00f1os en el Templo Jedi, conoce el poder del sable l\u00e1ser y de la Fuerza. Pero no sabe c\u00f3mo controlar su miedo y su ira, y el Maestro Jedi Qui-Gon Jinn le rechaza para ser su padawan. Ahora, Obi-Wan est\u00e1 a punto de tener [&hellip;]<\/p>\n","protected":false},"featured_media":6217,"template":"","meta":[],"product_brand":[],"product_cat":[25],"product_tag":[891,54,892,225],"class_list":{"0":"post-6212","1":"product","2":"type-product","3":"status-publish","4":"has-post-thumbnail","6":"product_cat-libros-digitales-ebooks","7":"product_tag-dave-wolverton","8":"product_tag-descargar-ebook","9":"product_tag-el-resurgir-de-la-fuerza","10":"product_tag-mejores-novelas","12":"first","13":"instock","14":"shipping-taxable","15":"purchasable","16":"product-type-variable","17":"has-default-attributes"},"_links":{"self":[{"href":"https:\/\/www.taller-palabras.com\/WordPress_04\/wp-json\/wp\/v2\/product\/6212","targetHints":{"allow":["GET"]}}],"collection":[{"href":"https:\/\/www.taller-palabras.com\/WordPress_04\/wp-json\/wp\/v2\/product"}],"about":[{"href":"https:\/\/www.taller-palabras.com\/WordPress_04\/wp-json\/wp\/v2\/types\/product"}],"wp:featuredmedia":[{"embeddable":true,"href":"https:\/\/www.taller-palabras.com\/WordPress_04\/wp-json\/wp\/v2\/media\/6217"}],"wp:attachment":[{"href":"https:\/\/www.taller-palabras.com\/WordPress_04\/wp-json\/wp\/v2\/media?parent=6212"}],"wp:term":[{"taxonomy":"product_brand","embeddable":true,"href":"https:\/\/www.taller-palabras.com\/WordPress_04\/wp-json\/wp\/v2\/product_brand?post=6212"},{"taxonomy":"product_cat","embeddable":true,"href":"https:\/\/www.taller-palabras.com\/WordPress_04\/wp-json\/wp\/v2\/product_cat?post=6212"},{"taxonomy":"product_tag","embeddable":true,"href":"https:\/\/www.taller-palabras.com\/WordPress_04\/wp-json\/wp\/v2\/product_tag?post=6212"}],"curies":[{"name":"wp","href":"https:\/\/api.w.org\/{rel}","templated":true}]}}