{"id":6223,"date":"2022-09-10T10:26:52","date_gmt":"2022-09-10T13:26:52","guid":{"rendered":"https:\/\/www.taller-palabras.com\/WordPress_04\/?post_type=product&#038;p=6223"},"modified":"2024-08-24T18:27:00","modified_gmt":"2024-08-24T21:27:00","slug":"el-rival-oscuro-jude-watson-ebook","status":"publish","type":"product","link":"https:\/\/www.taller-palabras.com\/WordPress_04\/producto\/el-rival-oscuro-jude-watson-ebook","title":{"rendered":"El rival oscuro &#8211; Jude Watson \/ebook"},"content":{"rendered":"<figure id=\"attachment_6216\" aria-describedby=\"caption-attachment-6216\" style=\"width: 150px\" class=\"wp-caption alignleft\"><img loading=\"lazy\" decoding=\"async\" class=\"wp-image-6216 size-thumbnail\" src=\"https:\/\/www.taller-palabras.com\/WordPress_04\/wp-content\/uploads\/2022\/09\/Jude-Watson-150x150.jpg\" alt=\"\" width=\"150\" height=\"150\" srcset=\"https:\/\/www.taller-palabras.com\/WordPress_04\/wp-content\/uploads\/2022\/09\/Jude-Watson-150x150.jpg 150w, https:\/\/www.taller-palabras.com\/WordPress_04\/wp-content\/uploads\/2022\/09\/Jude-Watson-100x100.jpg 100w\" sizes=\"auto, (max-width: 150px) 100vw, 150px\" \/><figcaption id=\"caption-attachment-6216\" class=\"wp-caption-text\">Autora Jude Watson<\/figcaption><\/figure>\n<p>El pasado de Qui-Gon Jinn no descansa. \u00bfC\u00f3mo puede crear un v\u00ednculo con el joven Obi-Wan Kenobi, mientras que \u00e9l es perseguido por la traici\u00f3n de su primer aprendiz X\u00e1natos? X\u00e1natos fue tambi\u00e9n un prometedor estudiante hasta que el lado oscuro de la Fuerza intervino. Qui-Gon pensaba que hab\u00eda desaparecido para siempre. Pero ahora X\u00e1natos esta de regreso. Y busca venganza.<\/p>\n","protected":false},"excerpt":{"rendered":"<p>El pasado de Qui-Gon Jinn no descansa. \u00bfC\u00f3mo puede crear un v\u00ednculo con el joven Obi-Wan Kenobi, mientras que \u00e9l es perseguido por la traici\u00f3n de su primer aprendiz X\u00e1natos? X\u00e1natos fue tambi\u00e9n un prometedor estudiante hasta que el lado oscuro de la Fuerza intervino. Qui-Gon pensaba que hab\u00eda desaparecido para siempre. Pero ahora X\u00e1natos [&hellip;]<\/p>\n","protected":false},"featured_media":6218,"template":"","meta":[],"product_brand":[],"product_cat":[25],"product_tag":[54,894,893,225],"class_list":{"0":"post-6223","1":"product","2":"type-product","3":"status-publish","4":"has-post-thumbnail","6":"product_cat-libros-digitales-ebooks","7":"product_tag-descargar-ebook","8":"product_tag-el-rival-oscuro","9":"product_tag-jude-watson","10":"product_tag-mejores-novelas","12":"first","13":"instock","14":"shipping-taxable","15":"purchasable","16":"product-type-variable","17":"has-default-attributes"},"_links":{"self":[{"href":"https:\/\/www.taller-palabras.com\/WordPress_04\/wp-json\/wp\/v2\/product\/6223","targetHints":{"allow":["GET"]}}],"collection":[{"href":"https:\/\/www.taller-palabras.com\/WordPress_04\/wp-json\/wp\/v2\/product"}],"about":[{"href":"https:\/\/www.taller-palabras.com\/WordPress_04\/wp-json\/wp\/v2\/types\/product"}],"wp:featuredmedia":[{"embeddable":true,"href":"https:\/\/www.taller-palabras.com\/WordPress_04\/wp-json\/wp\/v2\/media\/6218"}],"wp:attachment":[{"href":"https:\/\/www.taller-palabras.com\/WordPress_04\/wp-json\/wp\/v2\/media?parent=6223"}],"wp:term":[{"taxonomy":"product_brand","embeddable":true,"href":"https:\/\/www.taller-palabras.com\/WordPress_04\/wp-json\/wp\/v2\/product_brand?post=6223"},{"taxonomy":"product_cat","embeddable":true,"href":"https:\/\/www.taller-palabras.com\/WordPress_04\/wp-json\/wp\/v2\/product_cat?post=6223"},{"taxonomy":"product_tag","embeddable":true,"href":"https:\/\/www.taller-palabras.com\/WordPress_04\/wp-json\/wp\/v2\/product_tag?post=6223"}],"curies":[{"name":"wp","href":"https:\/\/api.w.org\/{rel}","templated":true}]}}