{"id":6257,"date":"2022-09-17T12:46:03","date_gmt":"2022-09-17T15:46:03","guid":{"rendered":"https:\/\/www.taller-palabras.com\/WordPress_04\/?post_type=product&#038;p=6257"},"modified":"2024-08-27T12:16:00","modified_gmt":"2024-08-27T15:16:00","slug":"un-mal-nombre-2-elena-ferrante-ebook","status":"publish","type":"product","link":"https:\/\/www.taller-palabras.com\/WordPress_04\/producto\/un-mal-nombre-2-elena-ferrante-ebook","title":{"rendered":"Un mal nombre (2) &#8211; Elena Ferrante \/ebook"},"content":{"rendered":"<figure id=\"attachment_6234\" aria-describedby=\"caption-attachment-6234\" style=\"width: 150px\" class=\"wp-caption alignleft\"><img loading=\"lazy\" decoding=\"async\" class=\"wp-image-6234 size-thumbnail\" src=\"https:\/\/www.taller-palabras.com\/WordPress_04\/wp-content\/uploads\/2022\/09\/Elena-Ferrante-150x150.jpg\" alt=\"\" width=\"150\" height=\"150\" srcset=\"https:\/\/www.taller-palabras.com\/WordPress_04\/wp-content\/uploads\/2022\/09\/Elena-Ferrante-150x150.jpg 150w, https:\/\/www.taller-palabras.com\/WordPress_04\/wp-content\/uploads\/2022\/09\/Elena-Ferrante-100x100.jpg 100w\" sizes=\"auto, (max-width: 150px) 100vw, 150px\" \/><figcaption id=\"caption-attachment-6234\" class=\"wp-caption-text\">Autor Elena Ferrante<\/figcaption><\/figure>\n<p>Nadie sabe qui\u00e9n es Elena Ferrante, y sus editores procuran mantener un silencio absoluto sobre su identidad. Alguien ha llegado a sospechar que sea un hombre&#8230;<\/p>\n<p>En Un mal nombre continua la saga que Elena Ferrante dedica a la ciudad de N\u00e1poles y a la historia de Italia en el siglo XX. Lila, hija de un zapatero, escoge la v\u00eda de la escalada social y al final de La amiga estupenda la encontr\u00e1bamos casada con el charcutero del barrio, hijo de un conocido usurero. Nan\u00fa, en cambio, se dedica a estudiar. La historia prosigue en este segundo volumen hasta llegar a los a\u00f1os sesenta, y en las primeras p\u00e1ginas de La historia del mal nombre vemos a Nan\u00fa abriendo unos cuadernos de notas donde Lila cuenta la verdad de la convivencia con su marido y su tormentosa relaci\u00f3n con la mafia de la ciudad y los grupos neofascistas que empiezan a empapelar los barrios con sus proclamas. La ciudad respira alrededor de estas dos mujeres, pero en el centro, siempre viva, existe una noci\u00f3n del amor en todas sus versiones que es capital en la obra de Ferrante y que ocupa todo su universo: el amor como un sentimiento \u00abmolesto\u00bb que se alimenta del desequilibrio incluso en los momentos m\u00e1s felices. Nadie sabe qui\u00e9n es Elena Ferrante, y sus editores procuran mantener un silencio absoluto sobre su identidad. La mayor\u00eda de cr\u00edticos la saludan como la nueva Elsa Morante, una voz extraordinaria que ha dado un vuelco a la narrativa de los \u00faltimos a\u00f1os.<\/p>\n","protected":false},"excerpt":{"rendered":"<p>Nadie sabe qui\u00e9n es Elena Ferrante, y sus editores procuran mantener un silencio absoluto sobre su identidad. Alguien ha llegado a sospechar que sea un hombre&#8230; En Un mal nombre continua la saga que Elena Ferrante dedica a la ciudad de N\u00e1poles y a la historia de Italia en el siglo XX. Lila, hija de [&hellip;]<\/p>\n","protected":false},"featured_media":6236,"template":"","meta":[],"product_brand":[],"product_cat":[25],"product_tag":[54,895,225,898],"class_list":{"0":"post-6257","1":"product","2":"type-product","3":"status-publish","4":"has-post-thumbnail","6":"product_cat-libros-digitales-ebooks","7":"product_tag-descargar-ebook","8":"product_tag-elena-ferrante","9":"product_tag-mejores-novelas","10":"product_tag-un-mal-nombre","12":"first","13":"instock","14":"shipping-taxable","15":"purchasable","16":"product-type-variable","17":"has-default-attributes"},"_links":{"self":[{"href":"https:\/\/www.taller-palabras.com\/WordPress_04\/wp-json\/wp\/v2\/product\/6257","targetHints":{"allow":["GET"]}}],"collection":[{"href":"https:\/\/www.taller-palabras.com\/WordPress_04\/wp-json\/wp\/v2\/product"}],"about":[{"href":"https:\/\/www.taller-palabras.com\/WordPress_04\/wp-json\/wp\/v2\/types\/product"}],"wp:featuredmedia":[{"embeddable":true,"href":"https:\/\/www.taller-palabras.com\/WordPress_04\/wp-json\/wp\/v2\/media\/6236"}],"wp:attachment":[{"href":"https:\/\/www.taller-palabras.com\/WordPress_04\/wp-json\/wp\/v2\/media?parent=6257"}],"wp:term":[{"taxonomy":"product_brand","embeddable":true,"href":"https:\/\/www.taller-palabras.com\/WordPress_04\/wp-json\/wp\/v2\/product_brand?post=6257"},{"taxonomy":"product_cat","embeddable":true,"href":"https:\/\/www.taller-palabras.com\/WordPress_04\/wp-json\/wp\/v2\/product_cat?post=6257"},{"taxonomy":"product_tag","embeddable":true,"href":"https:\/\/www.taller-palabras.com\/WordPress_04\/wp-json\/wp\/v2\/product_tag?post=6257"}],"curies":[{"name":"wp","href":"https:\/\/api.w.org\/{rel}","templated":true}]}}