{"id":6261,"date":"2022-09-17T12:49:49","date_gmt":"2022-09-17T15:49:49","guid":{"rendered":"https:\/\/www.taller-palabras.com\/WordPress_04\/?post_type=product&#038;p=6261"},"modified":"2024-08-27T12:25:17","modified_gmt":"2024-08-27T15:25:17","slug":"la-amiga-estupenda-1-elena-ferrante-ebook","status":"publish","type":"product","link":"https:\/\/www.taller-palabras.com\/WordPress_04\/producto\/la-amiga-estupenda-1-elena-ferrante-ebook","title":{"rendered":"La amiga estupenda (1) &#8211; Elena Ferrante \/ebook"},"content":{"rendered":"<figure id=\"attachment_6234\" aria-describedby=\"caption-attachment-6234\" style=\"width: 150px\" class=\"wp-caption alignleft\"><img loading=\"lazy\" decoding=\"async\" class=\"wp-image-6234 size-thumbnail\" src=\"https:\/\/www.taller-palabras.com\/WordPress_04\/wp-content\/uploads\/2022\/09\/Elena-Ferrante-150x150.jpg\" alt=\"\" width=\"150\" height=\"150\" srcset=\"https:\/\/www.taller-palabras.com\/WordPress_04\/wp-content\/uploads\/2022\/09\/Elena-Ferrante-150x150.jpg 150w, https:\/\/www.taller-palabras.com\/WordPress_04\/wp-content\/uploads\/2022\/09\/Elena-Ferrante-100x100.jpg 100w\" sizes=\"auto, (max-width: 150px) 100vw, 150px\" \/><figcaption id=\"caption-attachment-6234\" class=\"wp-caption-text\">Autor Elena Ferrante<\/figcaption><\/figure>\n<p>Nadie sabe qui\u00e9n es Elena Ferrante, y sus editores procuran mantener un silencio absoluto sobre su identidad. Alguien ha llegado a sospechar que sea un hombre&#8230;<\/p>\n<p>Con La amiga estupenda, Elena Ferrante inaugura una trilog\u00eda deslumbrante que tiene como tel\u00f3n de fondo la ciudad de N\u00e1poles a mediados del siglo pasado y como protagonistas a Nan\u00fa y Lila, dos j\u00f3venes mujeres que est\u00e1n aprendiendo a gobernar su vida en un entorno donde la astucia, antes que la inteligencia, es el ingrediente de todas las salsas. La relaci\u00f3n a menudo tempestuosa entre Lila y Nan\u00fa tiene a su alrededor un coro de voces que dan cuerpo a su historia y nos muestran la realidad de un barrio pobre, habitado por gente humilde que acata sin m\u00e1s la ley del m\u00e1s fuerte, pero La amiga estupenda es mucho m\u00e1s que un trabajo de realismo social: lo que aqu\u00ed tenemos son unos personajes de carne y hueso, que intrigan al lector y nos deslumbran por la fuerza y la urgencia de sus emociones. Por primera vez Ferrante aborda una narraci\u00f3n muy amplia, poniendo en escena un verdadero tableau vivant donde no hay espacio para el t\u00f3pico: todo es vida y todo respira al hilo de la mejor literatura. \u00abEl reto para quien escribe es llenar la distancia entre lo que vives y lo que cuentas, sentir f\u00edsicamente el impacto de la narraci\u00f3n, acercar el pasado de las personas a las que hemos querido, de las vidas ajenas tal como las hemos observado\u2026 Una historia, para tener forma, tiene que cruzar muchas barreras. A menudo, empezamos a escribir demasiado pronto, y las p\u00e1ginas aun est\u00e1n fr\u00edas. Solo cuando la historia se acopla a nosotros como un guante, ha llegado el momento de contarla\u00bb.<\/p>\n","protected":false},"excerpt":{"rendered":"<p>Nadie sabe qui\u00e9n es Elena Ferrante, y sus editores procuran mantener un silencio absoluto sobre su identidad. Alguien ha llegado a sospechar que sea un hombre&#8230; Con La amiga estupenda, Elena Ferrante inaugura una trilog\u00eda deslumbrante que tiene como tel\u00f3n de fondo la ciudad de N\u00e1poles a mediados del siglo pasado y como protagonistas a [&hellip;]<\/p>\n","protected":false},"featured_media":6227,"template":"","meta":[],"product_brand":[],"product_cat":[25],"product_tag":[54,895,899,225],"class_list":{"0":"post-6261","1":"product","2":"type-product","3":"status-publish","4":"has-post-thumbnail","6":"product_cat-libros-digitales-ebooks","7":"product_tag-descargar-ebook","8":"product_tag-elena-ferrante","9":"product_tag-la-amiga-estupenda","10":"product_tag-mejores-novelas","12":"first","13":"instock","14":"shipping-taxable","15":"purchasable","16":"product-type-variable","17":"has-default-attributes"},"_links":{"self":[{"href":"https:\/\/www.taller-palabras.com\/WordPress_04\/wp-json\/wp\/v2\/product\/6261","targetHints":{"allow":["GET"]}}],"collection":[{"href":"https:\/\/www.taller-palabras.com\/WordPress_04\/wp-json\/wp\/v2\/product"}],"about":[{"href":"https:\/\/www.taller-palabras.com\/WordPress_04\/wp-json\/wp\/v2\/types\/product"}],"wp:featuredmedia":[{"embeddable":true,"href":"https:\/\/www.taller-palabras.com\/WordPress_04\/wp-json\/wp\/v2\/media\/6227"}],"wp:attachment":[{"href":"https:\/\/www.taller-palabras.com\/WordPress_04\/wp-json\/wp\/v2\/media?parent=6261"}],"wp:term":[{"taxonomy":"product_brand","embeddable":true,"href":"https:\/\/www.taller-palabras.com\/WordPress_04\/wp-json\/wp\/v2\/product_brand?post=6261"},{"taxonomy":"product_cat","embeddable":true,"href":"https:\/\/www.taller-palabras.com\/WordPress_04\/wp-json\/wp\/v2\/product_cat?post=6261"},{"taxonomy":"product_tag","embeddable":true,"href":"https:\/\/www.taller-palabras.com\/WordPress_04\/wp-json\/wp\/v2\/product_tag?post=6261"}],"curies":[{"name":"wp","href":"https:\/\/api.w.org\/{rel}","templated":true}]}}